{"id":30598,"date":"2025-11-17T01:42:28","date_gmt":"2025-11-17T01:42:28","guid":{"rendered":"https:\/\/cottonland.shop\/?post_type=product&#038;p=30598"},"modified":"2025-11-21T02:26:23","modified_gmt":"2025-11-21T02:26:23","slug":"doufu-20cm-cotton-doll","status":"publish","type":"product","link":"https:\/\/cottonland.shop\/es\/producto\/doufu-20cm-cotton-doll\/","title":{"rendered":"Mu\u00f1eca de algod\u00f3n Doufu 20cm"},"content":{"rendered":"","protected":false},"excerpt":{"rendered":"<p data-start=\"169\" data-end=\"334\"><strong data-start=\"169\" data-end=\"189\">Tiempo de tramitaci\u00f3n:<\/strong> <strong data-start=\"190\" data-end=\"202\">5-7 d\u00edas<\/strong><br data-start=\"202\" data-end=\"205\" \/><strong data-start=\"205\" data-end=\"223\">Compatibilidad:<\/strong> Se adapta a la mayor\u00eda de los conjuntos de pose de pie de 20 cm.<br data-start=\"261\" data-end=\"264\" \/><strong data-start=\"264\" data-end=\"275\">Altura:<\/strong> 20 cm<br data-start=\"280\" data-end=\"283\" \/><strong data-start=\"283\" data-end=\"299\">Poseabilidad:<\/strong> S\u00ed, con esqueleto flexible<\/p>\n<p data-start=\"336\" data-end=\"676\"><strong data-start=\"336\" data-end=\"354\">Artesan\u00eda:<\/strong> Artesan\u00eda de alta gama hecha a mano<br data-start=\"386\" data-end=\"389\" \/><strong data-start=\"389\" data-end=\"401\">Detalles:<\/strong> En <strong data-start=\"406\" data-end=\"415\">Doufu<\/strong> ofrece un dise\u00f1o dulce y juguet\u00f3n. En <strong data-start=\"460\" data-end=\"474\">Mu\u00f1eca desnuda<\/strong> sirve de base vers\u00e1til para el peinado, mientras que el <strong data-start=\"525\" data-end=\"552\">Doufu + Coletas dobles<\/strong> a\u00f1ade un encantador peinado para completar el look. (<em data-start=\"602\" data-end=\"675\">Tenga en cuenta que la versi\u00f3n con doble coleta est\u00e1 actualmente agotada.<\/em>)<\/p>\n<p data-start=\"678\" data-end=\"822\"><strong data-start=\"651\" data-end=\"660\">Nota:<\/strong> <strong data-start=\"661\" data-end=\"675\">Mu\u00f1eca desnuda<\/strong> significa s\u00f3lo la mu\u00f1eca en s\u00ed, sin traje incluido. Para las opciones con atuendos, ten en cuenta que el atuendo est\u00e1 incluido y listo para que tu mu\u00f1eca se lo ponga de inmediato.<\/p>","protected":false},"featured_media":30647,"comment_status":"open","ping_status":"closed","template":"","meta":[],"product_brand":[],"product_cat":[116,85],"product_tag":[],"class_list":{"0":"post-30598","1":"product","2":"type-product","3":"status-publish","4":"has-post-thumbnail","6":"product_cat-cotton-dolls","7":"product_cat-20cm-dolls","9":"first","10":"instock","11":"shipping-taxable","12":"purchasable","13":"product-type-variable"},"jetpack_sharing_enabled":true,"_links":{"self":[{"href":"https:\/\/cottonland.shop\/es\/wp-json\/wp\/v2\/product\/30598","targetHints":{"allow":["GET"]}}],"collection":[{"href":"https:\/\/cottonland.shop\/es\/wp-json\/wp\/v2\/product"}],"about":[{"href":"https:\/\/cottonland.shop\/es\/wp-json\/wp\/v2\/types\/product"}],"replies":[{"embeddable":true,"href":"https:\/\/cottonland.shop\/es\/wp-json\/wp\/v2\/comments?post=30598"}],"version-history":[{"count":0,"href":"https:\/\/cottonland.shop\/es\/wp-json\/wp\/v2\/product\/30598\/revisions"}],"wp:featuredmedia":[{"embeddable":true,"href":"https:\/\/cottonland.shop\/es\/wp-json\/wp\/v2\/media\/30647"}],"wp:attachment":[{"href":"https:\/\/cottonland.shop\/es\/wp-json\/wp\/v2\/media?parent=30598"}],"wp:term":[{"taxonomy":"product_brand","embeddable":true,"href":"https:\/\/cottonland.shop\/es\/wp-json\/wp\/v2\/product_brand?post=30598"},{"taxonomy":"product_cat","embeddable":true,"href":"https:\/\/cottonland.shop\/es\/wp-json\/wp\/v2\/product_cat?post=30598"},{"taxonomy":"product_tag","embeddable":true,"href":"https:\/\/cottonland.shop\/es\/wp-json\/wp\/v2\/product_tag?post=30598"}],"curies":[{"name":"wp","href":"https:\/\/api.w.org\/{rel}","templated":true}]}}