{"id":30599,"date":"2025-11-17T01:44:40","date_gmt":"2025-11-17T01:44:40","guid":{"rendered":"https:\/\/cottonland.shop\/?post_type=product&#038;p=30599"},"modified":"2025-11-20T21:47:39","modified_gmt":"2025-11-20T21:47:39","slug":"lulu-20cm-cotton-doll","status":"publish","type":"product","link":"https:\/\/cottonland.shop\/es\/producto\/lulu-20cm-cotton-doll\/","title":{"rendered":"Lulu 20cm Mu\u00f1eca de algod\u00f3n"},"content":{"rendered":"","protected":false},"excerpt":{"rendered":"<p data-start=\"120\" data-end=\"285\"><strong data-start=\"120\" data-end=\"140\">Tiempo de tramitaci\u00f3n:<\/strong> <strong data-start=\"141\" data-end=\"153\">5-7 d\u00edas<\/strong><br data-start=\"153\" data-end=\"156\" \/><strong data-start=\"156\" data-end=\"174\">Compatibilidad:<\/strong> Se adapta a la mayor\u00eda de los conjuntos de pose de pie de 20 cm.<br data-start=\"212\" data-end=\"215\" \/><strong data-start=\"215\" data-end=\"226\">Altura:<\/strong> 20 cm<br data-start=\"231\" data-end=\"234\" \/><strong data-start=\"234\" data-end=\"250\">Poseabilidad:<\/strong> S\u00ed, con esqueleto flexible<\/p>\n<p data-start=\"287\" data-end=\"566\"><strong data-start=\"287\" data-end=\"305\">Artesan\u00eda:<\/strong> Artesan\u00eda de alta gama hecha a mano<br data-start=\"337\" data-end=\"340\" \/><strong data-start=\"340\" data-end=\"352\">Detalles:<\/strong> En <strong data-start=\"357\" data-end=\"365\">Lulu<\/strong> ofrece una base bonita y vers\u00e1til para un estilismo creativo. La p\u00e1gina <strong data-start=\"430\" data-end=\"444\">Mu\u00f1eca desnuda<\/strong> te permite vestir y personalizar a Lulu con cualquier atuendo que elijas, convirti\u00e9ndola en un lienzo perfecto para tu imaginaci\u00f3n.<\/p>\n<p data-start=\"568\" data-end=\"649\"><strong data-start=\"651\" data-end=\"660\">Nota:<\/strong> <strong data-start=\"661\" data-end=\"675\">Mu\u00f1eca desnuda<\/strong> significa s\u00f3lo la mu\u00f1eca en s\u00ed, sin traje incluido.colas gemelas no est\u00e1n incluidos en la mu\u00f1eca.<\/p>","protected":false},"featured_media":30638,"comment_status":"open","ping_status":"closed","template":"","meta":[],"product_brand":[],"product_cat":[116,85],"product_tag":[],"class_list":{"0":"post-30599","1":"product","2":"type-product","3":"status-publish","4":"has-post-thumbnail","6":"product_cat-cotton-dolls","7":"product_cat-20cm-dolls","9":"first","10":"instock","11":"shipping-taxable","12":"purchasable","13":"product-type-variable"},"jetpack_sharing_enabled":true,"_links":{"self":[{"href":"https:\/\/cottonland.shop\/es\/wp-json\/wp\/v2\/product\/30599","targetHints":{"allow":["GET"]}}],"collection":[{"href":"https:\/\/cottonland.shop\/es\/wp-json\/wp\/v2\/product"}],"about":[{"href":"https:\/\/cottonland.shop\/es\/wp-json\/wp\/v2\/types\/product"}],"replies":[{"embeddable":true,"href":"https:\/\/cottonland.shop\/es\/wp-json\/wp\/v2\/comments?post=30599"}],"version-history":[{"count":0,"href":"https:\/\/cottonland.shop\/es\/wp-json\/wp\/v2\/product\/30599\/revisions"}],"wp:featuredmedia":[{"embeddable":true,"href":"https:\/\/cottonland.shop\/es\/wp-json\/wp\/v2\/media\/30638"}],"wp:attachment":[{"href":"https:\/\/cottonland.shop\/es\/wp-json\/wp\/v2\/media?parent=30599"}],"wp:term":[{"taxonomy":"product_brand","embeddable":true,"href":"https:\/\/cottonland.shop\/es\/wp-json\/wp\/v2\/product_brand?post=30599"},{"taxonomy":"product_cat","embeddable":true,"href":"https:\/\/cottonland.shop\/es\/wp-json\/wp\/v2\/product_cat?post=30599"},{"taxonomy":"product_tag","embeddable":true,"href":"https:\/\/cottonland.shop\/es\/wp-json\/wp\/v2\/product_tag?post=30599"}],"curies":[{"name":"wp","href":"https:\/\/api.w.org\/{rel}","templated":true}]}}