{"id":30602,"date":"2025-11-17T02:18:52","date_gmt":"2025-11-17T02:18:52","guid":{"rendered":"https:\/\/cottonland.shop\/?post_type=product&#038;p=30602"},"modified":"2025-11-21T02:27:58","modified_gmt":"2025-11-21T02:27:58","slug":"little-lulu-10cm-cotton-doll","status":"publish","type":"product","link":"https:\/\/cottonland.shop\/es\/producto\/little-lulu-10cm-cotton-doll\/","title":{"rendered":"Mu\u00f1eca de algod\u00f3n Little Lulu 10cm"},"content":{"rendered":"","protected":false},"excerpt":{"rendered":"<p data-start=\"244\" data-end=\"357\"><strong data-start=\"244\" data-end=\"264\">Tiempo de tramitaci\u00f3n:<\/strong> 15<strong data-start=\"265\" data-end=\"277\">\u00a0D\u00edas<\/strong><br data-start=\"277\" data-end=\"280\" \/><strong data-start=\"280\" data-end=\"298\">Compatibilidad:<\/strong> Se adapta a la mayor\u00eda de los conjuntos de pose de pie de 10 cm.<br data-start=\"336\" data-end=\"339\" \/><strong data-start=\"339\" data-end=\"350\">Altura:<\/strong> 10 cm<\/p>\n<p data-start=\"359\" data-end=\"694\"><strong data-start=\"359\" data-end=\"377\">Artesan\u00eda:<\/strong> Artesan\u00eda de alta gama hecha a mano<br data-start=\"409\" data-end=\"412\" \/><strong data-start=\"412\" data-end=\"424\">Detalles:<\/strong> En <strong data-start=\"429\" data-end=\"444\">Peque\u00f1a Lul\u00fa<\/strong> ofrece un dise\u00f1o acogedor y adorable. En <strong data-start=\"486\" data-end=\"500\">Mu\u00f1eca desnuda<\/strong> sirve de base personalizable, mientras que el <strong data-start=\"542\" data-end=\"560\">Camis\u00f3n rosa<\/strong>, <strong data-start=\"562\" data-end=\"581\">Camis\u00f3n verde<\/strong>, y <strong data-start=\"587\" data-end=\"603\">Pijama azul<\/strong> ofrecen conjuntos dulces y c\u00f3modos para tu mu\u00f1eca, perfectos para dormir o descansar.<\/p>\n<p data-start=\"696\" data-end=\"815\"><strong data-start=\"651\" data-end=\"660\">Nota:<\/strong> <strong data-start=\"661\" data-end=\"675\">Mu\u00f1eca desnuda<\/strong> significa s\u00f3lo la mu\u00f1eca en s\u00ed, sin traje incluido. Para las opciones con atuendos, ten en cuenta que el atuendo est\u00e1 incluido y listo para que tu mu\u00f1eca se lo ponga de inmediato.<\/p>","protected":false},"featured_media":30726,"comment_status":"open","ping_status":"closed","template":"","meta":[],"product_brand":[],"product_cat":[116,80],"product_tag":[],"class_list":{"0":"post-30602","1":"product","2":"type-product","3":"status-publish","4":"has-post-thumbnail","6":"product_cat-cotton-dolls","7":"product_cat-10cm-dolls","9":"first","10":"instock","11":"shipping-taxable","12":"purchasable","13":"product-type-variable"},"jetpack_sharing_enabled":true,"_links":{"self":[{"href":"https:\/\/cottonland.shop\/es\/wp-json\/wp\/v2\/product\/30602","targetHints":{"allow":["GET"]}}],"collection":[{"href":"https:\/\/cottonland.shop\/es\/wp-json\/wp\/v2\/product"}],"about":[{"href":"https:\/\/cottonland.shop\/es\/wp-json\/wp\/v2\/types\/product"}],"replies":[{"embeddable":true,"href":"https:\/\/cottonland.shop\/es\/wp-json\/wp\/v2\/comments?post=30602"}],"version-history":[{"count":0,"href":"https:\/\/cottonland.shop\/es\/wp-json\/wp\/v2\/product\/30602\/revisions"}],"wp:featuredmedia":[{"embeddable":true,"href":"https:\/\/cottonland.shop\/es\/wp-json\/wp\/v2\/media\/30726"}],"wp:attachment":[{"href":"https:\/\/cottonland.shop\/es\/wp-json\/wp\/v2\/media?parent=30602"}],"wp:term":[{"taxonomy":"product_brand","embeddable":true,"href":"https:\/\/cottonland.shop\/es\/wp-json\/wp\/v2\/product_brand?post=30602"},{"taxonomy":"product_cat","embeddable":true,"href":"https:\/\/cottonland.shop\/es\/wp-json\/wp\/v2\/product_cat?post=30602"},{"taxonomy":"product_tag","embeddable":true,"href":"https:\/\/cottonland.shop\/es\/wp-json\/wp\/v2\/product_tag?post=30602"}],"curies":[{"name":"wp","href":"https:\/\/api.w.org\/{rel}","templated":true}]}}