{"id":30605,"date":"2025-11-17T02:27:41","date_gmt":"2025-11-17T02:27:41","guid":{"rendered":"https:\/\/cottonland.shop\/?post_type=product&#038;p=30605"},"modified":"2025-11-21T03:03:35","modified_gmt":"2025-11-21T03:03:35","slug":"bear-adventures-four-pieces-set-for-20cm-cotton-doll","status":"publish","type":"product","link":"https:\/\/cottonland.shop\/es\/producto\/bear-adventures-four-pieces-set-for-20cm-cotton-doll\/","title":{"rendered":"Set de cuatro piezas Bear Adventures para mu\u00f1eca de algod\u00f3n de 20 cm"},"content":{"rendered":"","protected":false},"excerpt":{"rendered":"<p data-start=\"149\" data-end=\"312\"><strong data-start=\"149\" data-end=\"169\">Tiempo de tramitaci\u00f3n:<\/strong> <strong data-start=\"170\" data-end=\"182\">5-7 d\u00edas<\/strong><br data-start=\"182\" data-end=\"185\" \/><strong data-start=\"185\" data-end=\"203\">Compatibilidad:<\/strong> Se adapta a la mayor\u00eda de mu\u00f1ecas de 20 cm con pose de pie.<br data-start=\"239\" data-end=\"242\" \/><strong data-start=\"242\" data-end=\"253\">Altura:<\/strong> 20 cm<\/p>\n<p data-start=\"314\" data-end=\"572\"><strong data-start=\"314\" data-end=\"332\">Artesan\u00eda:<\/strong> Artesan\u00eda de alta gama hecha a mano<br data-start=\"364\" data-end=\"367\" \/><strong data-start=\"367\" data-end=\"379\">Detalles:<\/strong> En <strong data-start=\"384\" data-end=\"403\">Aventuras de osos<\/strong> aporta un aire divertido y aventurero a tu mu\u00f1eca. En <strong data-start=\"457\" data-end=\"476\">Juego de cuatro piezas<\/strong> incluye un simp\u00e1tico conjunto con tem\u00e1tica de oso, perfecto para explorar al aire libre o vivir una acogedora aventura en el bosque.<\/p>\n<p data-start=\"574\" data-end=\"618\"><strong data-start=\"574\" data-end=\"583\">Nota:<\/strong> S\u00f3lo el conjunto. La mu\u00f1eca no est\u00e1 incluida.<\/p>","protected":false},"featured_media":30637,"comment_status":"open","ping_status":"closed","template":"","meta":[],"product_brand":[],"product_cat":[117,83],"product_tag":[],"class_list":{"0":"post-30605","1":"product","2":"type-product","3":"status-publish","4":"has-post-thumbnail","6":"product_cat-doll-outfits-accessories","7":"product_cat-20cm-doll-outfit","9":"first","10":"instock","11":"shipping-taxable","12":"purchasable","13":"product-type-variable"},"jetpack_sharing_enabled":true,"_links":{"self":[{"href":"https:\/\/cottonland.shop\/es\/wp-json\/wp\/v2\/product\/30605","targetHints":{"allow":["GET"]}}],"collection":[{"href":"https:\/\/cottonland.shop\/es\/wp-json\/wp\/v2\/product"}],"about":[{"href":"https:\/\/cottonland.shop\/es\/wp-json\/wp\/v2\/types\/product"}],"replies":[{"embeddable":true,"href":"https:\/\/cottonland.shop\/es\/wp-json\/wp\/v2\/comments?post=30605"}],"version-history":[{"count":0,"href":"https:\/\/cottonland.shop\/es\/wp-json\/wp\/v2\/product\/30605\/revisions"}],"wp:featuredmedia":[{"embeddable":true,"href":"https:\/\/cottonland.shop\/es\/wp-json\/wp\/v2\/media\/30637"}],"wp:attachment":[{"href":"https:\/\/cottonland.shop\/es\/wp-json\/wp\/v2\/media?parent=30605"}],"wp:term":[{"taxonomy":"product_brand","embeddable":true,"href":"https:\/\/cottonland.shop\/es\/wp-json\/wp\/v2\/product_brand?post=30605"},{"taxonomy":"product_cat","embeddable":true,"href":"https:\/\/cottonland.shop\/es\/wp-json\/wp\/v2\/product_cat?post=30605"},{"taxonomy":"product_tag","embeddable":true,"href":"https:\/\/cottonland.shop\/es\/wp-json\/wp\/v2\/product_tag?post=30605"}],"curies":[{"name":"wp","href":"https:\/\/api.w.org\/{rel}","templated":true}]}}