{"id":30744,"date":"2025-11-17T02:33:42","date_gmt":"2025-11-17T02:33:42","guid":{"rendered":"https:\/\/cottonland.shop\/?post_type=product&#038;p=30744"},"modified":"2025-11-21T03:04:43","modified_gmt":"2025-11-21T03:04:43","slug":"honey-jar-bear-four-pieces-set-for-20cm-cotton-doll","status":"publish","type":"product","link":"https:\/\/cottonland.shop\/es\/producto\/honey-jar-bear-four-pieces-set-for-20cm-cotton-doll\/","title":{"rendered":"Oso Tarro de Miel Juego de Cuatro Piezas para Mu\u00f1eca de Algod\u00f3n de 20cm"},"content":{"rendered":"","protected":false},"excerpt":{"rendered":"<p data-start=\"148\" data-end=\"311\"><strong data-start=\"148\" data-end=\"168\">Tiempo de tramitaci\u00f3n:<\/strong> <strong data-start=\"169\" data-end=\"181\">5-7 d\u00edas<\/strong><br data-start=\"181\" data-end=\"184\" \/><strong data-start=\"184\" data-end=\"202\">Compatibilidad:<\/strong> Se adapta a la mayor\u00eda de mu\u00f1ecas de 20 cm con pose de pie.<br data-start=\"238\" data-end=\"241\" \/><strong data-start=\"241\" data-end=\"252\">Altura:<\/strong> 20 cm<\/p>\n<p data-start=\"313\" data-end=\"587\"><strong data-start=\"313\" data-end=\"331\">Artesan\u00eda:<\/strong> Artesan\u00eda de alta gama hecha a mano<br data-start=\"363\" data-end=\"366\" \/><strong data-start=\"366\" data-end=\"378\">Detalles:<\/strong> En <strong data-start=\"383\" data-end=\"401\">Oso Tarro de Miel<\/strong> aporta dulzura y encanto a tu mu\u00f1eca. El <strong data-start=\"451\" data-end=\"470\">Juego de cuatro piezas<\/strong> incluye un encantador conjunto inspirado en un oso, perfecto para un look acogedor y adorable con aires de aventura llena de miel.<\/p>\n<p data-start=\"589\" data-end=\"633\"><strong data-start=\"589\" data-end=\"598\">Nota:<\/strong> S\u00f3lo el conjunto. La mu\u00f1eca no est\u00e1 incluida.<\/p>","protected":false},"featured_media":30628,"comment_status":"open","ping_status":"closed","template":"","meta":[],"product_brand":[],"product_cat":[117,83],"product_tag":[],"class_list":{"0":"post-30744","1":"product","2":"type-product","3":"status-publish","4":"has-post-thumbnail","6":"product_cat-doll-outfits-accessories","7":"product_cat-20cm-doll-outfit","9":"first","10":"instock","11":"shipping-taxable","12":"purchasable","13":"product-type-variable"},"jetpack_sharing_enabled":true,"_links":{"self":[{"href":"https:\/\/cottonland.shop\/es\/wp-json\/wp\/v2\/product\/30744","targetHints":{"allow":["GET"]}}],"collection":[{"href":"https:\/\/cottonland.shop\/es\/wp-json\/wp\/v2\/product"}],"about":[{"href":"https:\/\/cottonland.shop\/es\/wp-json\/wp\/v2\/types\/product"}],"replies":[{"embeddable":true,"href":"https:\/\/cottonland.shop\/es\/wp-json\/wp\/v2\/comments?post=30744"}],"version-history":[{"count":0,"href":"https:\/\/cottonland.shop\/es\/wp-json\/wp\/v2\/product\/30744\/revisions"}],"wp:featuredmedia":[{"embeddable":true,"href":"https:\/\/cottonland.shop\/es\/wp-json\/wp\/v2\/media\/30628"}],"wp:attachment":[{"href":"https:\/\/cottonland.shop\/es\/wp-json\/wp\/v2\/media?parent=30744"}],"wp:term":[{"taxonomy":"product_brand","embeddable":true,"href":"https:\/\/cottonland.shop\/es\/wp-json\/wp\/v2\/product_brand?post=30744"},{"taxonomy":"product_cat","embeddable":true,"href":"https:\/\/cottonland.shop\/es\/wp-json\/wp\/v2\/product_cat?post=30744"},{"taxonomy":"product_tag","embeddable":true,"href":"https:\/\/cottonland.shop\/es\/wp-json\/wp\/v2\/product_tag?post=30744"}],"curies":[{"name":"wp","href":"https:\/\/api.w.org\/{rel}","templated":true}]}}