{"id":30745,"date":"2025-11-17T02:39:11","date_gmt":"2025-11-17T02:39:11","guid":{"rendered":"https:\/\/cottonland.shop\/?post_type=product&#038;p=30745"},"modified":"2025-11-17T02:39:12","modified_gmt":"2025-11-17T02:39:12","slug":"little-bunny-sheriff-fox-agent-series-for-40cm-cotton-doll","status":"publish","type":"product","link":"https:\/\/cottonland.shop\/es\/producto\/little-bunny-sheriff-fox-agent-series-for-40cm-cotton-doll\/","title":{"rendered":"Serie Little Bunny Sheriff &amp; Fox Agent para mu\u00f1eca de algod\u00f3n de 40 cm"},"content":{"rendered":"","protected":false},"excerpt":{"rendered":"<p data-start=\"308\" data-end=\"471\"><strong data-start=\"308\" data-end=\"328\">Tiempo de tramitaci\u00f3n:<\/strong> <strong data-start=\"329\" data-end=\"341\">5-7 d\u00edas<\/strong><br data-start=\"341\" data-end=\"344\" \/><strong data-start=\"344\" data-end=\"362\">Compatibilidad:<\/strong> Se adapta a la mayor\u00eda de mu\u00f1ecas de 40 cm con pose de pie.<br data-start=\"398\" data-end=\"401\" \/><strong data-start=\"401\" data-end=\"412\">Altura:<\/strong> 40 cm<\/p>\n<p data-start=\"473\" data-end=\"950\"><strong data-start=\"473\" data-end=\"491\">Artesan\u00eda:<\/strong> Artesan\u00eda de alta gama hecha a mano<br data-start=\"523\" data-end=\"526\" \/><strong data-start=\"526\" data-end=\"538\">Detalles:<\/strong> En <strong data-start=\"543\" data-end=\"579\">Conejito Sheriff y Agente Fox<\/strong> aporta un aire aventurero al vestuario de tu mu\u00f1eca. En <strong data-start=\"641\" data-end=\"681\">Juego de cinco piezas Little Bunny Sheriff<\/strong> y <strong data-start=\"686\" data-end=\"709\">Juego completo de seis piezas<\/strong> ofrecen un divertido aspecto de sheriff, y el conjunto completo a\u00f1ade m\u00e1s accesorios. En <strong data-start=\"783\" data-end=\"812\">Conjunto de cuatro piezas Fox Agent<\/strong> y <strong data-start=\"817\" data-end=\"841\">Juego completo de cinco piezas<\/strong> proporcionan un look inspirado en los detectives, y el juego completo incluye accesorios adicionales para un atuendo m\u00e1s completo.<\/p>\n<p data-start=\"952\" data-end=\"1057\"><strong data-start=\"952\" data-end=\"961\">Nota:<\/strong> Estos son s\u00f3lo trajes. Las mu\u00f1ecas no est\u00e1n incluidas. Seleccione la versi\u00f3n y el estilo que prefiera.<\/p>","protected":false},"featured_media":30622,"comment_status":"open","ping_status":"closed","template":"","meta":[],"product_brand":[],"product_cat":[117,84],"product_tag":[],"class_list":{"0":"post-30745","1":"product","2":"type-product","3":"status-publish","4":"has-post-thumbnail","6":"product_cat-doll-outfits-accessories","7":"product_cat-40cm-doll-outfit","9":"first","10":"instock","11":"shipping-taxable","12":"purchasable","13":"product-type-variable"},"jetpack_sharing_enabled":true,"_links":{"self":[{"href":"https:\/\/cottonland.shop\/es\/wp-json\/wp\/v2\/product\/30745","targetHints":{"allow":["GET"]}}],"collection":[{"href":"https:\/\/cottonland.shop\/es\/wp-json\/wp\/v2\/product"}],"about":[{"href":"https:\/\/cottonland.shop\/es\/wp-json\/wp\/v2\/types\/product"}],"replies":[{"embeddable":true,"href":"https:\/\/cottonland.shop\/es\/wp-json\/wp\/v2\/comments?post=30745"}],"version-history":[{"count":0,"href":"https:\/\/cottonland.shop\/es\/wp-json\/wp\/v2\/product\/30745\/revisions"}],"wp:featuredmedia":[{"embeddable":true,"href":"https:\/\/cottonland.shop\/es\/wp-json\/wp\/v2\/media\/30622"}],"wp:attachment":[{"href":"https:\/\/cottonland.shop\/es\/wp-json\/wp\/v2\/media?parent=30745"}],"wp:term":[{"taxonomy":"product_brand","embeddable":true,"href":"https:\/\/cottonland.shop\/es\/wp-json\/wp\/v2\/product_brand?post=30745"},{"taxonomy":"product_cat","embeddable":true,"href":"https:\/\/cottonland.shop\/es\/wp-json\/wp\/v2\/product_cat?post=30745"},{"taxonomy":"product_tag","embeddable":true,"href":"https:\/\/cottonland.shop\/es\/wp-json\/wp\/v2\/product_tag?post=30745"}],"curies":[{"name":"wp","href":"https:\/\/api.w.org\/{rel}","templated":true}]}}