{"id":30754,"date":"2025-11-17T02:46:45","date_gmt":"2025-11-17T02:46:45","guid":{"rendered":"https:\/\/cottonland.shop\/?post_type=product&#038;p=30754"},"modified":"2025-11-21T02:57:39","modified_gmt":"2025-11-21T02:57:39","slug":"little-sapling-20cm-cotton-doll","status":"publish","type":"product","link":"https:\/\/cottonland.shop\/es\/producto\/little-sapling-20cm-cotton-doll\/","title":{"rendered":"Mu\u00f1eca de algod\u00f3n Little Sapling 20cm"},"content":{"rendered":"","protected":false},"excerpt":{"rendered":"<p data-start=\"181\" data-end=\"344\"><strong data-start=\"181\" data-end=\"201\">Tiempo de tramitaci\u00f3n:<\/strong> <strong data-start=\"202\" data-end=\"214\">5-7 d\u00edas<\/strong><br data-start=\"214\" data-end=\"217\" \/><strong data-start=\"217\" data-end=\"235\">Compatibilidad:<\/strong> Se adapta a la mayor\u00eda de mu\u00f1ecas de 20 cm con pose de pie.<br data-start=\"271\" data-end=\"274\" \/><strong data-start=\"274\" data-end=\"285\">Altura:<\/strong> 20 cm<br data-start=\"290\" data-end=\"293\" \/><strong data-start=\"293\" data-end=\"309\">Poseabilidad:<\/strong> S\u00ed, con esqueleto flexible<\/p>\n<p data-start=\"346\" data-end=\"674\"><strong data-start=\"346\" data-end=\"364\">Artesan\u00eda:<\/strong> Artesan\u00eda de alta gama hecha a mano<br data-start=\"396\" data-end=\"399\" \/><strong data-start=\"399\" data-end=\"411\">Detalles:<\/strong> En <strong data-start=\"416\" data-end=\"434\">Peque\u00f1o \u00e1rbol joven<\/strong> aporta un encanto fresco y natural a su colecci\u00f3n. En <strong data-start=\"494\" data-end=\"508\">Mu\u00f1eca desnuda<\/strong> ofrece infinitas posibilidades de personalizaci\u00f3n, mientras que el <strong data-start=\"563\" data-end=\"582\">Juego de cuatro piezas<\/strong> a\u00f1ade un conjunto encantador y acogedor, perfecto para que tu mu\u00f1eca crezca con un estilo propio y \u00fanico.<\/p>\n<p data-start=\"676\" data-end=\"795\"><strong data-start=\"651\" data-end=\"660\">Nota:<\/strong> <strong data-start=\"661\" data-end=\"675\">Mu\u00f1eca desnuda<\/strong> significa s\u00f3lo la mu\u00f1eca en s\u00ed, sin traje incluido. Para las opciones con atuendos, ten en cuenta que el atuendo est\u00e1 incluido y listo para que tu mu\u00f1eca se lo ponga de inmediato.<\/p>","protected":false},"featured_media":30679,"comment_status":"open","ping_status":"closed","template":"","meta":[],"product_brand":[],"product_cat":[116,85],"product_tag":[],"class_list":{"0":"post-30754","1":"product","2":"type-product","3":"status-publish","4":"has-post-thumbnail","6":"product_cat-cotton-dolls","7":"product_cat-20cm-dolls","9":"first","10":"instock","11":"shipping-taxable","12":"purchasable","13":"product-type-variable"},"jetpack_sharing_enabled":true,"_links":{"self":[{"href":"https:\/\/cottonland.shop\/es\/wp-json\/wp\/v2\/product\/30754","targetHints":{"allow":["GET"]}}],"collection":[{"href":"https:\/\/cottonland.shop\/es\/wp-json\/wp\/v2\/product"}],"about":[{"href":"https:\/\/cottonland.shop\/es\/wp-json\/wp\/v2\/types\/product"}],"replies":[{"embeddable":true,"href":"https:\/\/cottonland.shop\/es\/wp-json\/wp\/v2\/comments?post=30754"}],"version-history":[{"count":0,"href":"https:\/\/cottonland.shop\/es\/wp-json\/wp\/v2\/product\/30754\/revisions"}],"wp:featuredmedia":[{"embeddable":true,"href":"https:\/\/cottonland.shop\/es\/wp-json\/wp\/v2\/media\/30679"}],"wp:attachment":[{"href":"https:\/\/cottonland.shop\/es\/wp-json\/wp\/v2\/media?parent=30754"}],"wp:term":[{"taxonomy":"product_brand","embeddable":true,"href":"https:\/\/cottonland.shop\/es\/wp-json\/wp\/v2\/product_brand?post=30754"},{"taxonomy":"product_cat","embeddable":true,"href":"https:\/\/cottonland.shop\/es\/wp-json\/wp\/v2\/product_cat?post=30754"},{"taxonomy":"product_tag","embeddable":true,"href":"https:\/\/cottonland.shop\/es\/wp-json\/wp\/v2\/product_tag?post=30754"}],"curies":[{"name":"wp","href":"https:\/\/api.w.org\/{rel}","templated":true}]}}