{"id":30947,"date":"2025-11-20T14:01:04","date_gmt":"2025-11-20T14:01:04","guid":{"rendered":"https:\/\/cottonland.shop\/?post_type=product&#038;p=30947"},"modified":"2025-11-21T02:52:36","modified_gmt":"2025-11-21T02:52:36","slug":"leopard-print-hoodie-set-for-20cm-cotton-doll","status":"publish","type":"product","link":"https:\/\/cottonland.shop\/es\/producto\/leopard-print-hoodie-set-for-20cm-cotton-doll\/","title":{"rendered":"Conjunto de sudadera con capucha de leopardo para mu\u00f1eca de algod\u00f3n de 20 cm"},"content":{"rendered":"","protected":false},"excerpt":{"rendered":"<p class=\"ds-markdown-paragraph\"><strong>Tiempo de tramitaci\u00f3n:<\/strong>\u00a05-7 d\u00edas<br \/>\n<strong>Compatibilidad:<\/strong>\u00a0Se adapta a la mayor\u00eda de mu\u00f1ecas de 20 cm con pose de pie.<br \/>\n<strong>Altura:<\/strong>\u00a020 cm<\/p>\n<p class=\"ds-markdown-paragraph\"><strong>Artesan\u00eda:<\/strong>\u00a0Artesan\u00eda de alta gama hecha a mano<br \/>\n<strong>Detalles:<\/strong>\u00a0Dale a tu mu\u00f1eca un toque moderno y callejero con esta sudadera con capucha y estampado de leopardo. Esta sudadera con capucha combina la calidez con una atrevida declaraci\u00f3n de moda. Crea un look fresco y desenfadado apto para el d\u00eda a d\u00eda o las aventuras al aire libre.<\/p>\n<p class=\"ds-markdown-paragraph\"><strong>Nota:<\/strong>\u00a0S\u00f3lo el conjunto. La mu\u00f1eca no est\u00e1 incluida. Tenga en cuenta que este art\u00edculo es ligeramente m\u00e1s peque\u00f1o que el est\u00e1ndar.<\/p>","protected":false},"featured_media":31004,"comment_status":"open","ping_status":"closed","template":"","meta":[],"product_brand":[],"product_cat":[117,83],"product_tag":[],"class_list":{"0":"post-30947","1":"product","2":"type-product","3":"status-publish","4":"has-post-thumbnail","6":"product_cat-doll-outfits-accessories","7":"product_cat-20cm-doll-outfit","9":"first","10":"instock","11":"shipping-taxable","12":"purchasable","13":"product-type-variable"},"jetpack_sharing_enabled":true,"_links":{"self":[{"href":"https:\/\/cottonland.shop\/es\/wp-json\/wp\/v2\/product\/30947","targetHints":{"allow":["GET"]}}],"collection":[{"href":"https:\/\/cottonland.shop\/es\/wp-json\/wp\/v2\/product"}],"about":[{"href":"https:\/\/cottonland.shop\/es\/wp-json\/wp\/v2\/types\/product"}],"replies":[{"embeddable":true,"href":"https:\/\/cottonland.shop\/es\/wp-json\/wp\/v2\/comments?post=30947"}],"version-history":[{"count":0,"href":"https:\/\/cottonland.shop\/es\/wp-json\/wp\/v2\/product\/30947\/revisions"}],"wp:featuredmedia":[{"embeddable":true,"href":"https:\/\/cottonland.shop\/es\/wp-json\/wp\/v2\/media\/31004"}],"wp:attachment":[{"href":"https:\/\/cottonland.shop\/es\/wp-json\/wp\/v2\/media?parent=30947"}],"wp:term":[{"taxonomy":"product_brand","embeddable":true,"href":"https:\/\/cottonland.shop\/es\/wp-json\/wp\/v2\/product_brand?post=30947"},{"taxonomy":"product_cat","embeddable":true,"href":"https:\/\/cottonland.shop\/es\/wp-json\/wp\/v2\/product_cat?post=30947"},{"taxonomy":"product_tag","embeddable":true,"href":"https:\/\/cottonland.shop\/es\/wp-json\/wp\/v2\/product_tag?post=30947"}],"curies":[{"name":"wp","href":"https:\/\/api.w.org\/{rel}","templated":true}]}}