{"id":30948,"date":"2025-11-20T14:02:25","date_gmt":"2025-11-20T14:02:25","guid":{"rendered":"https:\/\/cottonland.shop\/?post_type=product&#038;p=30948"},"modified":"2025-11-21T02:54:03","modified_gmt":"2025-11-21T02:54:03","slug":"wild-kitten-series-five-pieces-set-for-20cm-cotton-doll","status":"publish","type":"product","link":"https:\/\/cottonland.shop\/es\/producto\/wild-kitten-series-five-pieces-set-for-20cm-cotton-doll\/","title":{"rendered":"Juego de cinco piezas de la serie Wild Kitten para mu\u00f1eca de algod\u00f3n de 20 cm"},"content":{"rendered":"","protected":false},"excerpt":{"rendered":"<p class=\"ds-markdown-paragraph\"><strong>Tiempo de tramitaci\u00f3n:<\/strong>\u00a05-7 d\u00edas<br \/>\n<strong>Compatibilidad:<\/strong>\u00a0Se adapta a la mayor\u00eda de mu\u00f1ecas de 20 cm con pose de pie.<br \/>\n<strong>Altura:<\/strong>\u00a020 cm<\/p>\n<p class=\"ds-markdown-paragraph\"><strong>Artesan\u00eda:<\/strong>\u00a0Artesan\u00eda de alta gama hecha a mano<br \/>\n<strong>Detalles:<\/strong>\u00a0Desata el lado aventurero de tu mu\u00f1eca con la serie Wild Kitten. Este completo set de cinco piezas incluye todo lo necesario para transformar a tu mu\u00f1eca en una adorable exploradora al aire libre con un toque felino. Los accesorios detallados y la ropa en capas proporcionan un aspecto texturizado de alta calidad perfecto para exposiciones tem\u00e1ticas sobre la naturaleza.<\/p>\n<p class=\"ds-markdown-paragraph\"><strong>Nota:<\/strong>\u00a0S\u00f3lo el conjunto. La mu\u00f1eca no est\u00e1 incluida.<\/p>","protected":false},"featured_media":30988,"comment_status":"open","ping_status":"closed","template":"","meta":[],"product_brand":[],"product_cat":[117,83],"product_tag":[],"class_list":{"0":"post-30948","1":"product","2":"type-product","3":"status-publish","4":"has-post-thumbnail","6":"product_cat-doll-outfits-accessories","7":"product_cat-20cm-doll-outfit","9":"first","10":"instock","11":"shipping-taxable","12":"purchasable","13":"product-type-variable"},"jetpack_sharing_enabled":true,"_links":{"self":[{"href":"https:\/\/cottonland.shop\/es\/wp-json\/wp\/v2\/product\/30948","targetHints":{"allow":["GET"]}}],"collection":[{"href":"https:\/\/cottonland.shop\/es\/wp-json\/wp\/v2\/product"}],"about":[{"href":"https:\/\/cottonland.shop\/es\/wp-json\/wp\/v2\/types\/product"}],"replies":[{"embeddable":true,"href":"https:\/\/cottonland.shop\/es\/wp-json\/wp\/v2\/comments?post=30948"}],"version-history":[{"count":0,"href":"https:\/\/cottonland.shop\/es\/wp-json\/wp\/v2\/product\/30948\/revisions"}],"wp:featuredmedia":[{"embeddable":true,"href":"https:\/\/cottonland.shop\/es\/wp-json\/wp\/v2\/media\/30988"}],"wp:attachment":[{"href":"https:\/\/cottonland.shop\/es\/wp-json\/wp\/v2\/media?parent=30948"}],"wp:term":[{"taxonomy":"product_brand","embeddable":true,"href":"https:\/\/cottonland.shop\/es\/wp-json\/wp\/v2\/product_brand?post=30948"},{"taxonomy":"product_cat","embeddable":true,"href":"https:\/\/cottonland.shop\/es\/wp-json\/wp\/v2\/product_cat?post=30948"},{"taxonomy":"product_tag","embeddable":true,"href":"https:\/\/cottonland.shop\/es\/wp-json\/wp\/v2\/product_tag?post=30948"}],"curies":[{"name":"wp","href":"https:\/\/api.w.org\/{rel}","templated":true}]}}