{"id":31442,"date":"2025-11-21T00:06:12","date_gmt":"2025-11-21T00:06:12","guid":{"rendered":"https:\/\/cottonland.shop\/?post_type=product&#038;p=31442"},"modified":"2025-11-21T02:59:51","modified_gmt":"2025-11-21T02:59:51","slug":"cute-monster-strike-four-pieces-set-for-20cm-cotton-doll","status":"publish","type":"product","link":"https:\/\/cottonland.shop\/es\/producto\/cute-monster-strike-four-pieces-set-for-20cm-cotton-doll\/","title":{"rendered":"Cute Monster Strike Juego de Cuatro Piezas para Mu\u00f1eca de Algod\u00f3n de 20cm"},"content":{"rendered":"","protected":false},"excerpt":{"rendered":"<p data-start=\"201\" data-end=\"364\"><strong data-start=\"201\" data-end=\"221\">Tiempo de tramitaci\u00f3n:<\/strong> <strong data-start=\"222\" data-end=\"234\">5-7 d\u00edas<\/strong><br data-start=\"234\" data-end=\"237\" \/><strong data-start=\"237\" data-end=\"255\">Compatibilidad:<\/strong> Se adapta a la mayor\u00eda de mu\u00f1ecas de 20 cm con pose de pie.<br data-start=\"291\" data-end=\"294\" \/><strong data-start=\"294\" data-end=\"305\">Altura:<\/strong> 20 cm<\/p>\n<p data-start=\"366\" data-end=\"670\"><strong data-start=\"366\" data-end=\"384\">Artesan\u00eda:<\/strong> Artesan\u00eda de alta gama hecha a mano<br data-start=\"416\" data-end=\"419\" \/><strong data-start=\"419\" data-end=\"431\">Detalles:<\/strong> En <strong data-start=\"436\" data-end=\"459\">Huelga de monstruos<\/strong> aporta un aire juguet\u00f3n y travieso a tu mu\u00f1eca. En <strong data-start=\"601\" data-end=\"631\">Juego de cinco piezas<\/strong>\u00a0a\u00f1ade un bonito sombrero para completar el look.<\/p>\n<p data-start=\"672\" data-end=\"941\"><strong data-start=\"594\" data-end=\"603\">Nota:<\/strong>\u00a0S\u00f3lo el conjunto. La mu\u00f1eca no est\u00e1 incluida.<\/p>","protected":false},"featured_media":30695,"comment_status":"open","ping_status":"closed","template":"","meta":[],"product_brand":[],"product_cat":[117,83],"product_tag":[],"class_list":{"0":"post-31442","1":"product","2":"type-product","3":"status-publish","4":"has-post-thumbnail","6":"product_cat-doll-outfits-accessories","7":"product_cat-20cm-doll-outfit","9":"first","10":"instock","11":"shipping-taxable","12":"purchasable","13":"product-type-variable"},"jetpack_sharing_enabled":true,"_links":{"self":[{"href":"https:\/\/cottonland.shop\/es\/wp-json\/wp\/v2\/product\/31442","targetHints":{"allow":["GET"]}}],"collection":[{"href":"https:\/\/cottonland.shop\/es\/wp-json\/wp\/v2\/product"}],"about":[{"href":"https:\/\/cottonland.shop\/es\/wp-json\/wp\/v2\/types\/product"}],"replies":[{"embeddable":true,"href":"https:\/\/cottonland.shop\/es\/wp-json\/wp\/v2\/comments?post=31442"}],"version-history":[{"count":0,"href":"https:\/\/cottonland.shop\/es\/wp-json\/wp\/v2\/product\/31442\/revisions"}],"wp:featuredmedia":[{"embeddable":true,"href":"https:\/\/cottonland.shop\/es\/wp-json\/wp\/v2\/media\/30695"}],"wp:attachment":[{"href":"https:\/\/cottonland.shop\/es\/wp-json\/wp\/v2\/media?parent=31442"}],"wp:term":[{"taxonomy":"product_brand","embeddable":true,"href":"https:\/\/cottonland.shop\/es\/wp-json\/wp\/v2\/product_brand?post=31442"},{"taxonomy":"product_cat","embeddable":true,"href":"https:\/\/cottonland.shop\/es\/wp-json\/wp\/v2\/product_cat?post=31442"},{"taxonomy":"product_tag","embeddable":true,"href":"https:\/\/cottonland.shop\/es\/wp-json\/wp\/v2\/product_tag?post=31442"}],"curies":[{"name":"wp","href":"https:\/\/api.w.org\/{rel}","templated":true}]}}