{"id":207,"date":"2025-06-15T12:52:28","date_gmt":"2025-06-15T12:52:28","guid":{"rendered":"https:\/\/dummy.xtemos.com\/woodmart2\/kids-elementor\/?post_type=product&#038;p=207"},"modified":"2025-11-17T04:23:29","modified_gmt":"2025-11-17T04:23:29","slug":"clueless-puppy-20cm-doll-outfit","status":"publish","type":"product","link":"https:\/\/cottonland.shop\/fr\/produit\/clueless-puppy-20cm-doll-outfit\/","title":{"rendered":"Clueless Puppy Five Pieces Set pour poup\u00e9e en coton de 20cm"},"content":{"rendered":"","protected":false},"excerpt":{"rendered":"<p class=\"ds-markdown-paragraph\"><strong>D\u00e9lai de traitement :<\/strong>\u00a03-5 jours<br \/>\n<strong>Nom du produit :<\/strong>\u00a0Clueless Puppy 20cm Doll Outfit<br \/>\n<strong>Marque :<\/strong> BuYouBuYou<br \/>\n<strong>Compatibilit\u00e9 :<\/strong>\u00a0Convient \u00e0 la plupart des poup\u00e9es de 20 cm \u00e0 pose debout.<\/p>\n<p class=\"ds-markdown-paragraph\"><strong>Mat\u00e9riau :<\/strong>\u00a0Tissu de haute qualit\u00e9<br \/>\n<strong>Th\u00e8me :<\/strong>\u00a0Quotidien et causal<br \/>\n<strong>D\u00e9tails :<\/strong>\u00a0Capturez l'expression d'une confusion innocente avec cette tenue charmante, simple et douce.<\/p>\n<p class=\"ds-markdown-paragraph\"><strong>Remarque :<\/strong>\u00a0Ensemble seulement. La poup\u00e9e n'est pas incluse.<\/p>","protected":false},"featured_media":30824,"comment_status":"open","ping_status":"closed","template":"","meta":[],"product_brand":[],"product_cat":[117,83],"product_tag":[],"class_list":{"0":"post-207","1":"product","2":"type-product","3":"status-publish","4":"has-post-thumbnail","6":"product_cat-doll-outfits-accessories","7":"product_cat-20cm-doll-outfit","9":"first","10":"instock","11":"shipping-taxable","12":"purchasable","13":"product-type-simple"},"jetpack_sharing_enabled":true,"_links":{"self":[{"href":"https:\/\/cottonland.shop\/fr\/wp-json\/wp\/v2\/product\/207","targetHints":{"allow":["GET"]}}],"collection":[{"href":"https:\/\/cottonland.shop\/fr\/wp-json\/wp\/v2\/product"}],"about":[{"href":"https:\/\/cottonland.shop\/fr\/wp-json\/wp\/v2\/types\/product"}],"replies":[{"embeddable":true,"href":"https:\/\/cottonland.shop\/fr\/wp-json\/wp\/v2\/comments?post=207"}],"version-history":[{"count":0,"href":"https:\/\/cottonland.shop\/fr\/wp-json\/wp\/v2\/product\/207\/revisions"}],"wp:featuredmedia":[{"embeddable":true,"href":"https:\/\/cottonland.shop\/fr\/wp-json\/wp\/v2\/media\/30824"}],"wp:attachment":[{"href":"https:\/\/cottonland.shop\/fr\/wp-json\/wp\/v2\/media?parent=207"}],"wp:term":[{"taxonomy":"product_brand","embeddable":true,"href":"https:\/\/cottonland.shop\/fr\/wp-json\/wp\/v2\/product_brand?post=207"},{"taxonomy":"product_cat","embeddable":true,"href":"https:\/\/cottonland.shop\/fr\/wp-json\/wp\/v2\/product_cat?post=207"},{"taxonomy":"product_tag","embeddable":true,"href":"https:\/\/cottonland.shop\/fr\/wp-json\/wp\/v2\/product_tag?post=207"}],"curies":[{"name":"wp","href":"https:\/\/api.w.org\/{rel}","templated":true}]}}