{"id":216,"date":"2023-06-15T12:52:28","date_gmt":"2023-06-15T12:52:28","guid":{"rendered":"https:\/\/dummy.xtemos.com\/woodmart2\/kids-elementor\/?post_type=product&#038;p=216"},"modified":"2025-11-17T04:18:22","modified_gmt":"2025-11-17T04:18:22","slug":"haha-20cm-doll","status":"publish","type":"product","link":"https:\/\/cottonland.shop\/fr\/produit\/haha-20cm-doll\/","title":{"rendered":"Poup\u00e9e en coton Haha 20cm"},"content":{"rendered":"","protected":false},"excerpt":{"rendered":"<p class=\"ds-markdown-paragraph\"><strong>D\u00e9lai de traitement :<\/strong>\u00a04-7 jours<br \/>\n<strong>Nom du produit :<\/strong> Poup\u00e9e Luna 20cm<br \/>\n<strong>Marque :<\/strong> BuYouBuYou<br \/>\n<strong>Ce prix correspond \u00e0 une poup\u00e9e nue de 20 cm avec bo\u00eete cadeau et certificat de naissance.<\/strong><\/p>\n<p class=\"ds-markdown-paragraph\"><strong>Mat\u00e9riau :<\/strong>\u00a0Velours de cristal, rembourrage en coton PP<br \/>\n<strong>Hauteur :<\/strong>\u00a020cm<br \/>\n<strong>Posabilit\u00e9 :<\/strong>\u00a0Oui, avec un squelette en fil de fer pliable<br \/>\n<strong>Caract\u00e9ristiques :<\/strong>\u00a0Visage de bande dessin\u00e9e, corps posable, bo\u00eete cadeau et certificat de naissance inclus<br \/>\n<strong>Couleur des cheveux :<\/strong>\u00a0Noir<\/p>","protected":false},"featured_media":30812,"comment_status":"open","ping_status":"closed","template":"","meta":[],"product_brand":[],"product_cat":[116,85],"product_tag":[],"class_list":{"0":"post-216","1":"product","2":"type-product","3":"status-publish","4":"has-post-thumbnail","6":"product_cat-cotton-dolls","7":"product_cat-20cm-dolls","9":"first","10":"instock","11":"shipping-taxable","12":"purchasable","13":"product-type-simple"},"jetpack_sharing_enabled":true,"_links":{"self":[{"href":"https:\/\/cottonland.shop\/fr\/wp-json\/wp\/v2\/product\/216","targetHints":{"allow":["GET"]}}],"collection":[{"href":"https:\/\/cottonland.shop\/fr\/wp-json\/wp\/v2\/product"}],"about":[{"href":"https:\/\/cottonland.shop\/fr\/wp-json\/wp\/v2\/types\/product"}],"replies":[{"embeddable":true,"href":"https:\/\/cottonland.shop\/fr\/wp-json\/wp\/v2\/comments?post=216"}],"version-history":[{"count":0,"href":"https:\/\/cottonland.shop\/fr\/wp-json\/wp\/v2\/product\/216\/revisions"}],"wp:featuredmedia":[{"embeddable":true,"href":"https:\/\/cottonland.shop\/fr\/wp-json\/wp\/v2\/media\/30812"}],"wp:attachment":[{"href":"https:\/\/cottonland.shop\/fr\/wp-json\/wp\/v2\/media?parent=216"}],"wp:term":[{"taxonomy":"product_brand","embeddable":true,"href":"https:\/\/cottonland.shop\/fr\/wp-json\/wp\/v2\/product_brand?post=216"},{"taxonomy":"product_cat","embeddable":true,"href":"https:\/\/cottonland.shop\/fr\/wp-json\/wp\/v2\/product_cat?post=216"},{"taxonomy":"product_tag","embeddable":true,"href":"https:\/\/cottonland.shop\/fr\/wp-json\/wp\/v2\/product_tag?post=216"}],"curies":[{"name":"wp","href":"https:\/\/api.w.org\/{rel}","templated":true}]}}