{"id":271,"date":"2025-06-15T12:52:41","date_gmt":"2025-06-15T12:52:41","guid":{"rendered":"https:\/\/dummy.xtemos.com\/woodmart2\/kids-elementor\/?post_type=product&#038;p=271"},"modified":"2025-11-12T01:30:51","modified_gmt":"2025-11-12T01:30:51","slug":"love-and-deepspace-xavier-40cm-cotton-doll","status":"publish","type":"product","link":"https:\/\/cottonland.shop\/fr\/produit\/love-and-deepspace-xavier-40cm-cotton-doll\/","title":{"rendered":"Love and Deepspace - Xavier 40cm Poup\u00e9e en coton"},"content":{"rendered":"","protected":false},"excerpt":{"rendered":"<p class=\"ds-markdown-paragraph\"><strong>D\u00e9lai de traitement : 1 semaine<\/strong><br \/>\n<strong>Nom : [Love and Deepspace - Xavier 40cm Doll]<\/strong><br \/>\n<strong>Ce prix s'applique uniquement \u00e0 une poup\u00e9e nue de 40 cm. Les tenues sont vendues s\u00e9par\u00e9ment.<\/strong><\/p>\n<p class=\"ds-markdown-paragraph\"><strong>Mat\u00e9riau :<\/strong>\u00a0Peluche courte, rembourr\u00e9e avec du coton PP<br \/>\n<strong>Hauteur :<\/strong>\u00a040cm<br \/>\n<strong>Posture :<\/strong>\u00a0Assis<br \/>\n<strong>Caract\u00e9ristiques :<\/strong>\u00a0Visage de dessin anim\u00e9<\/p>\n<p class=\"ds-markdown-paragraph\"><strong>\ud83d\udeab IMPORTANT : Il s'agit d'un article fabriqu\u00e9 sur mesure. Toutes les ventes sont FINALES. Aucun retour ou remboursement n'est accept\u00e9. Veuillez lire attentivement les d\u00e9tails du produit avant de l'acheter.<\/strong><\/p>","protected":false},"featured_media":29295,"comment_status":"open","ping_status":"closed","template":"","meta":[],"product_brand":[112],"product_cat":[116,88],"product_tag":[],"class_list":{"0":"post-271","1":"product","2":"type-product","3":"status-publish","4":"has-post-thumbnail","6":"product_brand-love-and-deepspace","7":"product_cat-cotton-dolls","8":"product_cat-40cm-dolls","9":"product_shipping_class-customized-products-non-returnable","11":"first","12":"instock","13":"shipping-taxable","14":"purchasable","15":"product-type-simple"},"jetpack_sharing_enabled":true,"_links":{"self":[{"href":"https:\/\/cottonland.shop\/fr\/wp-json\/wp\/v2\/product\/271","targetHints":{"allow":["GET"]}}],"collection":[{"href":"https:\/\/cottonland.shop\/fr\/wp-json\/wp\/v2\/product"}],"about":[{"href":"https:\/\/cottonland.shop\/fr\/wp-json\/wp\/v2\/types\/product"}],"replies":[{"embeddable":true,"href":"https:\/\/cottonland.shop\/fr\/wp-json\/wp\/v2\/comments?post=271"}],"version-history":[{"count":0,"href":"https:\/\/cottonland.shop\/fr\/wp-json\/wp\/v2\/product\/271\/revisions"}],"wp:featuredmedia":[{"embeddable":true,"href":"https:\/\/cottonland.shop\/fr\/wp-json\/wp\/v2\/media\/29295"}],"wp:attachment":[{"href":"https:\/\/cottonland.shop\/fr\/wp-json\/wp\/v2\/media?parent=271"}],"wp:term":[{"taxonomy":"product_brand","embeddable":true,"href":"https:\/\/cottonland.shop\/fr\/wp-json\/wp\/v2\/product_brand?post=271"},{"taxonomy":"product_cat","embeddable":true,"href":"https:\/\/cottonland.shop\/fr\/wp-json\/wp\/v2\/product_cat?post=271"},{"taxonomy":"product_tag","embeddable":true,"href":"https:\/\/cottonland.shop\/fr\/wp-json\/wp\/v2\/product_tag?post=271"}],"curies":[{"name":"wp","href":"https:\/\/api.w.org\/{rel}","templated":true}]}}