{"id":281,"date":"2025-06-15T12:52:41","date_gmt":"2025-06-15T12:52:41","guid":{"rendered":"https:\/\/dummy.xtemos.com\/woodmart2\/kids-elementor\/?post_type=product&#038;p=281"},"modified":"2025-11-16T02:19:04","modified_gmt":"2025-11-16T02:19:04","slug":"love-and-deepspace-caleb-20cm-cotton-doll","status":"publish","type":"product","link":"https:\/\/cottonland.shop\/fr\/produit\/love-and-deepspace-caleb-20cm-cotton-doll\/","title":{"rendered":"Love and Deepspace - Poup\u00e9e en coton Caleb 20cm"},"content":{"rendered":"","protected":false},"excerpt":{"rendered":"<p class=\"ds-markdown-paragraph\"><strong>D\u00e9lai de traitement :<\/strong>\u00a04-7 jours<br \/>\n<strong>Nom du produit :<\/strong> Love and Deepspace - Poup\u00e9e Caleb 20cm<br \/>\n<strong>Ce prix s'applique uniquement \u00e0 une poup\u00e9e nue de 20 cm. Les tenues sont vendues s\u00e9par\u00e9ment.<\/strong><\/p>\n<p class=\"ds-markdown-paragraph\"><strong>Mat\u00e9riau :<\/strong>\u00a0Velours de cristal, coton fourr\u00e9<br \/>\n<strong>Hauteur :<\/strong>\u00a020cm<br \/>\n<strong>Posabilit\u00e9 :<\/strong>\u00a0Oui, avec un squelette en fil de fer pliable<br \/>\n<strong>Caract\u00e9ristiques :<\/strong>\u00a0Visage de bande dessin\u00e9e, corps \u00e0 poser<br \/>\n<strong>Couleur des cheveux :<\/strong>\u00a0Marron<\/p>","protected":false},"featured_media":29254,"comment_status":"open","ping_status":"closed","template":"","meta":[],"product_brand":[112],"product_cat":[116,85],"product_tag":[],"class_list":{"0":"post-281","1":"product","2":"type-product","3":"status-publish","4":"has-post-thumbnail","6":"product_brand-love-and-deepspace","7":"product_cat-cotton-dolls","8":"product_cat-20cm-dolls","9":"product_shipping_class-standard-products","11":"first","12":"instock","13":"shipping-taxable","14":"purchasable","15":"product-type-simple"},"jetpack_sharing_enabled":true,"_links":{"self":[{"href":"https:\/\/cottonland.shop\/fr\/wp-json\/wp\/v2\/product\/281","targetHints":{"allow":["GET"]}}],"collection":[{"href":"https:\/\/cottonland.shop\/fr\/wp-json\/wp\/v2\/product"}],"about":[{"href":"https:\/\/cottonland.shop\/fr\/wp-json\/wp\/v2\/types\/product"}],"replies":[{"embeddable":true,"href":"https:\/\/cottonland.shop\/fr\/wp-json\/wp\/v2\/comments?post=281"}],"version-history":[{"count":0,"href":"https:\/\/cottonland.shop\/fr\/wp-json\/wp\/v2\/product\/281\/revisions"}],"wp:featuredmedia":[{"embeddable":true,"href":"https:\/\/cottonland.shop\/fr\/wp-json\/wp\/v2\/media\/29254"}],"wp:attachment":[{"href":"https:\/\/cottonland.shop\/fr\/wp-json\/wp\/v2\/media?parent=281"}],"wp:term":[{"taxonomy":"product_brand","embeddable":true,"href":"https:\/\/cottonland.shop\/fr\/wp-json\/wp\/v2\/product_brand?post=281"},{"taxonomy":"product_cat","embeddable":true,"href":"https:\/\/cottonland.shop\/fr\/wp-json\/wp\/v2\/product_cat?post=281"},{"taxonomy":"product_tag","embeddable":true,"href":"https:\/\/cottonland.shop\/fr\/wp-json\/wp\/v2\/product_tag?post=281"}],"curies":[{"name":"wp","href":"https:\/\/api.w.org\/{rel}","templated":true}]}}