{"id":283,"date":"2023-06-15T12:52:41","date_gmt":"2023-06-15T12:52:41","guid":{"rendered":"https:\/\/dummy.xtemos.com\/woodmart2\/kids-elementor\/?post_type=product&#038;p=283"},"modified":"2025-11-17T04:12:50","modified_gmt":"2025-11-17T04:12:50","slug":"knitted-legging-with-feet","status":"publish","type":"product","link":"https:\/\/cottonland.shop\/fr\/produit\/knitted-legging-with-feet\/","title":{"rendered":"Set de cinq pi\u00e8ces de voyage pour poup\u00e9e en coton de 20 cm"},"content":{"rendered":"","protected":false},"excerpt":{"rendered":"<p class=\"ds-markdown-paragraph\"><strong>D\u00e9lai de traitement :<\/strong>\u00a03-5 jours<br \/>\n<strong>Nom du produit :<\/strong>\u00a0Ensemble de voyage pour poup\u00e9e Pingouin 20cm<br \/>\n<strong>Marque :<\/strong> BuYouBuYou<br \/>\n<strong>Compatibilit\u00e9 :<\/strong>\u00a0Convient \u00e0 la plupart des poup\u00e9es de 20 cm \u00e0 pose debout.<\/p>\n<p class=\"ds-markdown-paragraph\"><strong>Mat\u00e9riau :<\/strong>\u00a0Tissu de haute qualit\u00e9<br \/>\n<strong>Th\u00e8me :<\/strong>\u00a0Voyage et aventure<br \/>\n<strong>D\u00e9tails :<\/strong>\u00a0Habillez votre poup\u00e9e pour une aventure glaciale ! Cet ensemble sur le th\u00e8me du voyage est \u00e0 la fois mignon et pr\u00eat pour l'exploration.<\/p>\n<p class=\"ds-markdown-paragraph\"><strong>Remarque :<\/strong>\u00a0Ensemble seulement. La poup\u00e9e n'est pas incluse.<\/p>","protected":false},"featured_media":30799,"comment_status":"open","ping_status":"closed","template":"","meta":[],"product_brand":[],"product_cat":[117,83],"product_tag":[],"class_list":{"0":"post-283","1":"product","2":"type-product","3":"status-publish","4":"has-post-thumbnail","6":"product_cat-doll-outfits-accessories","7":"product_cat-20cm-doll-outfit","8":"product_shipping_class-standard-products","10":"first","11":"instock","12":"shipping-taxable","13":"purchasable","14":"product-type-simple"},"jetpack_sharing_enabled":true,"_links":{"self":[{"href":"https:\/\/cottonland.shop\/fr\/wp-json\/wp\/v2\/product\/283","targetHints":{"allow":["GET"]}}],"collection":[{"href":"https:\/\/cottonland.shop\/fr\/wp-json\/wp\/v2\/product"}],"about":[{"href":"https:\/\/cottonland.shop\/fr\/wp-json\/wp\/v2\/types\/product"}],"replies":[{"embeddable":true,"href":"https:\/\/cottonland.shop\/fr\/wp-json\/wp\/v2\/comments?post=283"}],"version-history":[{"count":0,"href":"https:\/\/cottonland.shop\/fr\/wp-json\/wp\/v2\/product\/283\/revisions"}],"wp:featuredmedia":[{"embeddable":true,"href":"https:\/\/cottonland.shop\/fr\/wp-json\/wp\/v2\/media\/30799"}],"wp:attachment":[{"href":"https:\/\/cottonland.shop\/fr\/wp-json\/wp\/v2\/media?parent=283"}],"wp:term":[{"taxonomy":"product_brand","embeddable":true,"href":"https:\/\/cottonland.shop\/fr\/wp-json\/wp\/v2\/product_brand?post=283"},{"taxonomy":"product_cat","embeddable":true,"href":"https:\/\/cottonland.shop\/fr\/wp-json\/wp\/v2\/product_cat?post=283"},{"taxonomy":"product_tag","embeddable":true,"href":"https:\/\/cottonland.shop\/fr\/wp-json\/wp\/v2\/product_tag?post=283"}],"curies":[{"name":"wp","href":"https:\/\/api.w.org\/{rel}","templated":true}]}}