{"id":30397,"date":"2025-11-14T20:14:30","date_gmt":"2025-11-14T20:14:30","guid":{"rendered":"https:\/\/cottonland.shop\/?post_type=product&#038;p=30397"},"modified":"2025-11-20T21:25:25","modified_gmt":"2025-11-20T21:25:25","slug":"midnight-detective-five-pieces-set-for-20cm-cotton-doll","status":"publish","type":"product","link":"https:\/\/cottonland.shop\/fr\/produit\/midnight-detective-five-pieces-set-for-20cm-cotton-doll\/","title":{"rendered":"Midnight Detective Set de cinq pi\u00e8ces pour poup\u00e9e de coton de 20 cm"},"content":{"rendered":"","protected":false},"excerpt":{"rendered":"<p data-start=\"182\" data-end=\"377\"><strong data-start=\"182\" data-end=\"202\">D\u00e9lai de traitement :<\/strong> <strong data-start=\"203\" data-end=\"215\">5-7 jours<\/strong><br data-start=\"318\" data-end=\"321\" \/><strong data-start=\"321\" data-end=\"339\" data-is-only-node=\"\">Compatibilit\u00e9 :<\/strong> Convient \u00e0 la plupart des poup\u00e9es de 20 cm \u00e0 pose debout.<\/p>\n<p data-start=\"379\" data-end=\"766\"><strong data-start=\"379\" data-end=\"397\">Artisanat :<\/strong> Fabrication artisanale haut de gamme<br data-start=\"462\" data-end=\"465\" \/><strong data-start=\"465\" data-end=\"477\">D\u00e9tails :<\/strong> La tenue Midnight Detective est con\u00e7ue pour les poup\u00e9es qui aiment r\u00e9soudre des myst\u00e8res avec style. L'ensemble de cinq pi\u00e8ces comprend tout ce qu'il faut pour un look de d\u00e9tective classique. L'ensemble complet de luxe en sept pi\u00e8ces ajoute des accessoires suppl\u00e9mentaires comme des chaussures en cuir marron et des lunettes en m\u00e9tal dor\u00e9 pour compl\u00e9ter le look !<\/p>\n<p data-start=\"768\" data-end=\"812\"><strong data-start=\"768\" data-end=\"777\">Remarque :<\/strong> Ensemble seulement. La poup\u00e9e n'est pas incluse.<\/p>","protected":false},"featured_media":30046,"comment_status":"open","ping_status":"closed","template":"","meta":[],"product_brand":[],"product_cat":[117,83],"product_tag":[],"class_list":{"0":"post-30397","1":"product","2":"type-product","3":"status-publish","4":"has-post-thumbnail","6":"product_cat-doll-outfits-accessories","7":"product_cat-20cm-doll-outfit","9":"first","10":"instock","11":"shipping-taxable","12":"purchasable","13":"product-type-variable"},"jetpack_sharing_enabled":true,"_links":{"self":[{"href":"https:\/\/cottonland.shop\/fr\/wp-json\/wp\/v2\/product\/30397","targetHints":{"allow":["GET"]}}],"collection":[{"href":"https:\/\/cottonland.shop\/fr\/wp-json\/wp\/v2\/product"}],"about":[{"href":"https:\/\/cottonland.shop\/fr\/wp-json\/wp\/v2\/types\/product"}],"replies":[{"embeddable":true,"href":"https:\/\/cottonland.shop\/fr\/wp-json\/wp\/v2\/comments?post=30397"}],"version-history":[{"count":0,"href":"https:\/\/cottonland.shop\/fr\/wp-json\/wp\/v2\/product\/30397\/revisions"}],"wp:featuredmedia":[{"embeddable":true,"href":"https:\/\/cottonland.shop\/fr\/wp-json\/wp\/v2\/media\/30046"}],"wp:attachment":[{"href":"https:\/\/cottonland.shop\/fr\/wp-json\/wp\/v2\/media?parent=30397"}],"wp:term":[{"taxonomy":"product_brand","embeddable":true,"href":"https:\/\/cottonland.shop\/fr\/wp-json\/wp\/v2\/product_brand?post=30397"},{"taxonomy":"product_cat","embeddable":true,"href":"https:\/\/cottonland.shop\/fr\/wp-json\/wp\/v2\/product_cat?post=30397"},{"taxonomy":"product_tag","embeddable":true,"href":"https:\/\/cottonland.shop\/fr\/wp-json\/wp\/v2\/product_tag?post=30397"}],"curies":[{"name":"wp","href":"https:\/\/api.w.org\/{rel}","templated":true}]}}