{"id":30438,"date":"2025-11-15T23:06:09","date_gmt":"2025-11-15T23:06:09","guid":{"rendered":"https:\/\/cottonland.shop\/?post_type=product&#038;p=30438"},"modified":"2025-11-20T20:43:57","modified_gmt":"2025-11-20T20:43:57","slug":"western-republic-five-pieces-set-for-20cm-cotton-doll","status":"publish","type":"product","link":"https:\/\/cottonland.shop\/fr\/produit\/western-republic-five-pieces-set-for-20cm-cotton-doll\/","title":{"rendered":"Set de cinq pi\u00e8ces pour poup\u00e9e de coton de 20 cm - Gentleman de l'Ouest"},"content":{"rendered":"","protected":false},"excerpt":{"rendered":"<p data-start=\"190\" data-end=\"282\"><strong data-start=\"190\" data-end=\"210\">D\u00e9lai de traitement :<\/strong> <strong data-start=\"211\" data-end=\"223\">5-7 jours<\/strong><br data-start=\"223\" data-end=\"226\" \/><strong data-start=\"226\" data-end=\"244\">Compatibilit\u00e9 :<\/strong> Convient \u00e0 la plupart des poup\u00e9es de 20 cm \u00e0 pose debout.<\/p>\n<p data-start=\"284\" data-end=\"597\"><strong data-start=\"284\" data-end=\"302\">Artisanat :<\/strong> Fabrication artisanale haut de gamme<br data-start=\"334\" data-end=\"337\" \/><strong data-start=\"337\" data-end=\"349\">D\u00e9tails :<\/strong> L'ensemble Western Gentleman est parfait pour les poup\u00e9es au style sophistiqu\u00e9 et classique. L'ensemble de cinq pi\u00e8ces donne \u00e0 votre poup\u00e9e un look raffin\u00e9 et gentleman, tandis que l'ensemble de luxe de six pi\u00e8ces ajoute des accessoires suppl\u00e9mentaires pour un ensemble gentleman plus complet.<\/p>\n<p data-start=\"599\" data-end=\"643\"><strong data-start=\"599\" data-end=\"608\">Remarque :<\/strong> Ensemble seulement. La poup\u00e9e n'est pas incluse.<\/p>","protected":false},"featured_media":30048,"comment_status":"open","ping_status":"closed","template":"","meta":[],"product_brand":[],"product_cat":[117,83],"product_tag":[],"class_list":{"0":"post-30438","1":"product","2":"type-product","3":"status-publish","4":"has-post-thumbnail","6":"product_cat-doll-outfits-accessories","7":"product_cat-20cm-doll-outfit","9":"first","10":"instock","11":"shipping-taxable","12":"purchasable","13":"product-type-variable"},"jetpack_sharing_enabled":true,"_links":{"self":[{"href":"https:\/\/cottonland.shop\/fr\/wp-json\/wp\/v2\/product\/30438","targetHints":{"allow":["GET"]}}],"collection":[{"href":"https:\/\/cottonland.shop\/fr\/wp-json\/wp\/v2\/product"}],"about":[{"href":"https:\/\/cottonland.shop\/fr\/wp-json\/wp\/v2\/types\/product"}],"replies":[{"embeddable":true,"href":"https:\/\/cottonland.shop\/fr\/wp-json\/wp\/v2\/comments?post=30438"}],"version-history":[{"count":0,"href":"https:\/\/cottonland.shop\/fr\/wp-json\/wp\/v2\/product\/30438\/revisions"}],"wp:featuredmedia":[{"embeddable":true,"href":"https:\/\/cottonland.shop\/fr\/wp-json\/wp\/v2\/media\/30048"}],"wp:attachment":[{"href":"https:\/\/cottonland.shop\/fr\/wp-json\/wp\/v2\/media?parent=30438"}],"wp:term":[{"taxonomy":"product_brand","embeddable":true,"href":"https:\/\/cottonland.shop\/fr\/wp-json\/wp\/v2\/product_brand?post=30438"},{"taxonomy":"product_cat","embeddable":true,"href":"https:\/\/cottonland.shop\/fr\/wp-json\/wp\/v2\/product_cat?post=30438"},{"taxonomy":"product_tag","embeddable":true,"href":"https:\/\/cottonland.shop\/fr\/wp-json\/wp\/v2\/product_tag?post=30438"}],"curies":[{"name":"wp","href":"https:\/\/api.w.org\/{rel}","templated":true}]}}