{"id":30442,"date":"2025-11-15T23:45:21","date_gmt":"2025-11-15T23:45:21","guid":{"rendered":"https:\/\/cottonland.shop\/?post_type=product&#038;p=30442"},"modified":"2025-11-16T01:08:40","modified_gmt":"2025-11-16T01:08:40","slug":"witch-black-cat-two-pieces-set-for-20cm-cotton-doll","status":"publish","type":"product","link":"https:\/\/cottonland.shop\/fr\/produit\/witch-black-cat-two-pieces-set-for-20cm-cotton-doll\/","title":{"rendered":"Ensemble deux pi\u00e8ces sorci\u00e8re et chat noir pour poup\u00e9e en coton de 20 cm"},"content":{"rendered":"","protected":false},"excerpt":{"rendered":"<p data-start=\"189\" data-end=\"281\"><strong data-start=\"189\" data-end=\"209\">D\u00e9lai de traitement :<\/strong> <strong data-start=\"210\" data-end=\"222\">5-7 jours<\/strong><br data-start=\"222\" data-end=\"225\" \/><strong data-start=\"225\" data-end=\"243\">Compatibilit\u00e9 :<\/strong> Convient \u00e0 la plupart des poup\u00e9es de 20 cm \u00e0 pose debout.<\/p>\n<p data-start=\"283\" data-end=\"608\"><strong data-start=\"283\" data-end=\"301\">Artisanat :<\/strong> Fabrication artisanale haut de gamme<br data-start=\"333\" data-end=\"336\" \/><strong data-start=\"336\" data-end=\"348\">D\u00e9tails :<\/strong> L'ensemble sorci\u00e8re et chat noir apporte une touche de charme effrayant ! L'ensemble <strong data-start=\"411\" data-end=\"428\">Ensemble chat noir<\/strong> pr\u00e9sente une tenue \u00e9l\u00e9gante et myst\u00e9rieuse inspir\u00e9e des f\u00e9lins, tandis que la <strong data-start=\"495\" data-end=\"508\">Ensemble de sorci\u00e8res<\/strong> offre un look magique et enchanteur \u00e0 votre poup\u00e9e. Les deux ensembles sont con\u00e7us pour \u00eatre \u00e0 la fois mignons et mystiques.<\/p>\n<p data-start=\"610\" data-end=\"654\"><strong data-start=\"610\" data-end=\"619\">Remarque :<\/strong> Ensemble seulement. La poup\u00e9e n'est pas incluse.<\/p>","protected":false},"featured_media":30074,"comment_status":"open","ping_status":"closed","template":"","meta":[],"product_brand":[],"product_cat":[117,83],"product_tag":[],"class_list":{"0":"post-30442","1":"product","2":"type-product","3":"status-publish","4":"has-post-thumbnail","6":"product_cat-doll-outfits-accessories","7":"product_cat-20cm-doll-outfit","9":"first","10":"instock","11":"shipping-taxable","12":"purchasable","13":"product-type-variable"},"jetpack_sharing_enabled":true,"_links":{"self":[{"href":"https:\/\/cottonland.shop\/fr\/wp-json\/wp\/v2\/product\/30442","targetHints":{"allow":["GET"]}}],"collection":[{"href":"https:\/\/cottonland.shop\/fr\/wp-json\/wp\/v2\/product"}],"about":[{"href":"https:\/\/cottonland.shop\/fr\/wp-json\/wp\/v2\/types\/product"}],"replies":[{"embeddable":true,"href":"https:\/\/cottonland.shop\/fr\/wp-json\/wp\/v2\/comments?post=30442"}],"version-history":[{"count":0,"href":"https:\/\/cottonland.shop\/fr\/wp-json\/wp\/v2\/product\/30442\/revisions"}],"wp:featuredmedia":[{"embeddable":true,"href":"https:\/\/cottonland.shop\/fr\/wp-json\/wp\/v2\/media\/30074"}],"wp:attachment":[{"href":"https:\/\/cottonland.shop\/fr\/wp-json\/wp\/v2\/media?parent=30442"}],"wp:term":[{"taxonomy":"product_brand","embeddable":true,"href":"https:\/\/cottonland.shop\/fr\/wp-json\/wp\/v2\/product_brand?post=30442"},{"taxonomy":"product_cat","embeddable":true,"href":"https:\/\/cottonland.shop\/fr\/wp-json\/wp\/v2\/product_cat?post=30442"},{"taxonomy":"product_tag","embeddable":true,"href":"https:\/\/cottonland.shop\/fr\/wp-json\/wp\/v2\/product_tag?post=30442"}],"curies":[{"name":"wp","href":"https:\/\/api.w.org\/{rel}","templated":true}]}}