{"id":30443,"date":"2025-11-15T23:49:35","date_gmt":"2025-11-15T23:49:35","guid":{"rendered":"https:\/\/cottonland.shop\/?post_type=product&#038;p=30443"},"modified":"2025-11-20T21:40:53","modified_gmt":"2025-11-20T21:40:53","slug":"glamorous-gold-trimmed-bunny-four-pieces-set-for-20cm-cotton-doll","status":"publish","type":"product","link":"https:\/\/cottonland.shop\/fr\/produit\/glamorous-gold-trimmed-bunny-four-pieces-set-for-20cm-cotton-doll\/","title":{"rendered":"Ensemble quatre pi\u00e8ces pour poup\u00e9e en coton de 20 cm, lapin dor\u00e9 glamour"},"content":{"rendered":"","protected":false},"excerpt":{"rendered":"<p data-start=\"241\" data-end=\"333\"><strong data-start=\"241\" data-end=\"261\">D\u00e9lai de traitement :<\/strong> <strong data-start=\"262\" data-end=\"274\">5-7 jours<\/strong><br data-start=\"274\" data-end=\"277\" \/><strong data-start=\"277\" data-end=\"295\">Compatibilit\u00e9 :<\/strong> Convient \u00e0 la plupart des poup\u00e9es de 20 cm \u00e0 pose debout.<\/p>\n<p data-start=\"335\" data-end=\"749\"><strong data-start=\"335\" data-end=\"353\">Artisanat :<\/strong> Fabrication artisanale haut de gamme<br data-start=\"385\" data-end=\"388\" \/><strong data-start=\"388\" data-end=\"400\">D\u00e9tails :<\/strong> L'ensemble Glamorous Gold-Trimmed Bunny est parfait pour un look chic et ludique. L'ensemble <strong data-start=\"482\" data-end=\"501\">Ensemble de quatre pi\u00e8ces<\/strong> comprend tous les \u00e9l\u00e9ments essentiels pour une tenue \u00e9l\u00e9gante inspir\u00e9e des lapins, tandis que la collection <strong data-start=\"577\" data-end=\"596\">Ensemble de cinq pi\u00e8ces<\/strong> ajoute une paire de lunettes \u00e9l\u00e9gantes pour plus de sophistication. Les <strong data-start=\"658\" data-end=\"694\">Lunettes \u00e0 double cha\u00eene cercl\u00e9es d'or<\/strong> offrent un accessoire de luxe pour compl\u00e9ter le look de votre poup\u00e9e.<\/p>\n<p data-start=\"751\" data-end=\"795\"><strong data-start=\"751\" data-end=\"760\">Remarque :<\/strong> Ensemble seulement. La poup\u00e9e n'est pas incluse.<\/p>","protected":false},"featured_media":30081,"comment_status":"open","ping_status":"closed","template":"","meta":[],"product_brand":[],"product_cat":[117,83],"product_tag":[],"class_list":{"0":"post-30443","1":"product","2":"type-product","3":"status-publish","4":"has-post-thumbnail","6":"product_cat-doll-outfits-accessories","7":"product_cat-20cm-doll-outfit","9":"first","10":"instock","11":"shipping-taxable","12":"purchasable","13":"product-type-variable"},"jetpack_sharing_enabled":true,"_links":{"self":[{"href":"https:\/\/cottonland.shop\/fr\/wp-json\/wp\/v2\/product\/30443","targetHints":{"allow":["GET"]}}],"collection":[{"href":"https:\/\/cottonland.shop\/fr\/wp-json\/wp\/v2\/product"}],"about":[{"href":"https:\/\/cottonland.shop\/fr\/wp-json\/wp\/v2\/types\/product"}],"replies":[{"embeddable":true,"href":"https:\/\/cottonland.shop\/fr\/wp-json\/wp\/v2\/comments?post=30443"}],"version-history":[{"count":0,"href":"https:\/\/cottonland.shop\/fr\/wp-json\/wp\/v2\/product\/30443\/revisions"}],"wp:featuredmedia":[{"embeddable":true,"href":"https:\/\/cottonland.shop\/fr\/wp-json\/wp\/v2\/media\/30081"}],"wp:attachment":[{"href":"https:\/\/cottonland.shop\/fr\/wp-json\/wp\/v2\/media?parent=30443"}],"wp:term":[{"taxonomy":"product_brand","embeddable":true,"href":"https:\/\/cottonland.shop\/fr\/wp-json\/wp\/v2\/product_brand?post=30443"},{"taxonomy":"product_cat","embeddable":true,"href":"https:\/\/cottonland.shop\/fr\/wp-json\/wp\/v2\/product_cat?post=30443"},{"taxonomy":"product_tag","embeddable":true,"href":"https:\/\/cottonland.shop\/fr\/wp-json\/wp\/v2\/product_tag?post=30443"}],"curies":[{"name":"wp","href":"https:\/\/api.w.org\/{rel}","templated":true}]}}