{"id":30468,"date":"2025-11-15T23:55:40","date_gmt":"2025-11-15T23:55:40","guid":{"rendered":"https:\/\/cottonland.shop\/?post_type=product&#038;p=30468"},"modified":"2025-11-20T21:26:23","modified_gmt":"2025-11-20T21:26:23","slug":"aqua-healing-subculture-five-pieces-set-for-15cm-cotton-doll","status":"publish","type":"product","link":"https:\/\/cottonland.shop\/fr\/produit\/aqua-healing-subculture-five-pieces-set-for-15cm-cotton-doll\/","title":{"rendered":"Set de cinq pi\u00e8ces pour poup\u00e9e de coton de 15 cm Aqua Healing Subculture"},"content":{"rendered":"","protected":false},"excerpt":{"rendered":"<p data-start=\"156\" data-end=\"248\"><strong data-start=\"156\" data-end=\"176\">D\u00e9lai de traitement :<\/strong> <strong data-start=\"177\" data-end=\"189\">5-7 jours<\/strong><br data-start=\"189\" data-end=\"192\" \/><strong data-start=\"192\" data-end=\"210\">Compatibilit\u00e9 :<\/strong> Convient \u00e0 la plupart des poup\u00e9es de 15 cm \u00e0 pose debout.<\/p>\n<p data-start=\"250\" data-end=\"572\"><strong data-start=\"250\" data-end=\"268\">Artisanat :<\/strong> Fabrication artisanale haut de gamme<br data-start=\"300\" data-end=\"303\" \/><strong data-start=\"303\" data-end=\"315\">D\u00e9tails :<\/strong> L'ensemble Aqua Healing Subculture cr\u00e9e une ambiance sereine et apaisante pour votre poup\u00e9e. L'ensemble <strong data-start=\"399\" data-end=\"418\">Ensemble de cinq pi\u00e8ces<\/strong> comprend tout ce qu'il faut pour cr\u00e9er une tenue rafra\u00eechissante et \u00e9l\u00e9gante inspir\u00e9e de la sous-culture. Parfait pour ajouter une touche d'\u00e9nergie curative \u00e0 votre collection de poup\u00e9es.<\/p>\n<p data-start=\"574\" data-end=\"618\"><strong data-start=\"574\" data-end=\"583\">Remarque :<\/strong> Ensemble seulement. La poup\u00e9e n'est pas incluse.<\/p>","protected":false},"featured_media":30095,"comment_status":"open","ping_status":"closed","template":"","meta":[],"product_brand":[],"product_cat":[117,239],"product_tag":[],"class_list":{"0":"post-30468","1":"product","2":"type-product","3":"status-publish","4":"has-post-thumbnail","6":"product_cat-doll-outfits-accessories","7":"product_cat-15cm-doll-outfit","9":"first","10":"instock","11":"shipping-taxable","12":"purchasable","13":"product-type-variable"},"jetpack_sharing_enabled":true,"_links":{"self":[{"href":"https:\/\/cottonland.shop\/fr\/wp-json\/wp\/v2\/product\/30468","targetHints":{"allow":["GET"]}}],"collection":[{"href":"https:\/\/cottonland.shop\/fr\/wp-json\/wp\/v2\/product"}],"about":[{"href":"https:\/\/cottonland.shop\/fr\/wp-json\/wp\/v2\/types\/product"}],"replies":[{"embeddable":true,"href":"https:\/\/cottonland.shop\/fr\/wp-json\/wp\/v2\/comments?post=30468"}],"version-history":[{"count":0,"href":"https:\/\/cottonland.shop\/fr\/wp-json\/wp\/v2\/product\/30468\/revisions"}],"wp:featuredmedia":[{"embeddable":true,"href":"https:\/\/cottonland.shop\/fr\/wp-json\/wp\/v2\/media\/30095"}],"wp:attachment":[{"href":"https:\/\/cottonland.shop\/fr\/wp-json\/wp\/v2\/media?parent=30468"}],"wp:term":[{"taxonomy":"product_brand","embeddable":true,"href":"https:\/\/cottonland.shop\/fr\/wp-json\/wp\/v2\/product_brand?post=30468"},{"taxonomy":"product_cat","embeddable":true,"href":"https:\/\/cottonland.shop\/fr\/wp-json\/wp\/v2\/product_cat?post=30468"},{"taxonomy":"product_tag","embeddable":true,"href":"https:\/\/cottonland.shop\/fr\/wp-json\/wp\/v2\/product_tag?post=30468"}],"curies":[{"name":"wp","href":"https:\/\/api.w.org\/{rel}","templated":true}]}}