{"id":30469,"date":"2025-11-15T23:59:26","date_gmt":"2025-11-15T23:59:26","guid":{"rendered":"https:\/\/cottonland.shop\/?post_type=product&#038;p=30469"},"modified":"2025-11-20T20:57:58","modified_gmt":"2025-11-20T20:57:58","slug":"panda-academy-seven-pieces-set-for-20cm-cotton-doll","status":"publish","type":"product","link":"https:\/\/cottonland.shop\/fr\/produit\/panda-academy-seven-pieces-set-for-20cm-cotton-doll\/","title":{"rendered":"Panda Academy Set de sept pi\u00e8ces pour poup\u00e9e de coton de 20 cm"},"content":{"rendered":"","protected":false},"excerpt":{"rendered":"<p data-start=\"223\" data-end=\"315\"><strong data-start=\"223\" data-end=\"243\">D\u00e9lai de traitement :<\/strong> <strong data-start=\"244\" data-end=\"256\">5-7 jours<\/strong><br data-start=\"256\" data-end=\"259\" \/><strong data-start=\"259\" data-end=\"277\">Compatibilit\u00e9 :<\/strong> Convient \u00e0 la plupart des poup\u00e9es de 20 cm \u00e0 pose debout.<\/p>\n<p data-start=\"317\" data-end=\"693\"><strong data-start=\"317\" data-end=\"335\">Artisanat :<\/strong> Fabrication artisanale haut de gamme<br data-start=\"367\" data-end=\"370\" \/><strong data-start=\"370\" data-end=\"382\">D\u00e9tails :<\/strong> L'ensemble Panda Academy est parfait pour un look \u00e0 la fois mignon et acad\u00e9mique. L'ensemble <strong data-start=\"450\" data-end=\"470\">Ensemble de sept pi\u00e8ces<\/strong> offre une tenue compl\u00e8te inspir\u00e9e du panda, tandis que le <strong data-start=\"519\" data-end=\"539\">Ensemble de huit pi\u00e8ces<\/strong> ajoute des lunettes \u00e9l\u00e9gantes pour compl\u00e9ter l'allure savante. Les <strong data-start=\"603\" data-end=\"633\">Lunettes en m\u00e9tal \u00e0 monture noire<\/strong> ajoute une touche sophistiqu\u00e9e \u00e0 l'ensemble de votre poup\u00e9e.<\/p>\n<p data-start=\"695\" data-end=\"739\"><strong data-start=\"695\" data-end=\"704\">Remarque :<\/strong> Ensemble seulement. La poup\u00e9e n'est pas incluse.<\/p>","protected":false},"featured_media":30104,"comment_status":"open","ping_status":"closed","template":"","meta":[],"product_brand":[],"product_cat":[117,83],"product_tag":[],"class_list":{"0":"post-30469","1":"product","2":"type-product","3":"status-publish","4":"has-post-thumbnail","6":"product_cat-doll-outfits-accessories","7":"product_cat-20cm-doll-outfit","9":"first","10":"instock","11":"shipping-taxable","12":"purchasable","13":"product-type-variable"},"jetpack_sharing_enabled":true,"_links":{"self":[{"href":"https:\/\/cottonland.shop\/fr\/wp-json\/wp\/v2\/product\/30469","targetHints":{"allow":["GET"]}}],"collection":[{"href":"https:\/\/cottonland.shop\/fr\/wp-json\/wp\/v2\/product"}],"about":[{"href":"https:\/\/cottonland.shop\/fr\/wp-json\/wp\/v2\/types\/product"}],"replies":[{"embeddable":true,"href":"https:\/\/cottonland.shop\/fr\/wp-json\/wp\/v2\/comments?post=30469"}],"version-history":[{"count":0,"href":"https:\/\/cottonland.shop\/fr\/wp-json\/wp\/v2\/product\/30469\/revisions"}],"wp:featuredmedia":[{"embeddable":true,"href":"https:\/\/cottonland.shop\/fr\/wp-json\/wp\/v2\/media\/30104"}],"wp:attachment":[{"href":"https:\/\/cottonland.shop\/fr\/wp-json\/wp\/v2\/media?parent=30469"}],"wp:term":[{"taxonomy":"product_brand","embeddable":true,"href":"https:\/\/cottonland.shop\/fr\/wp-json\/wp\/v2\/product_brand?post=30469"},{"taxonomy":"product_cat","embeddable":true,"href":"https:\/\/cottonland.shop\/fr\/wp-json\/wp\/v2\/product_cat?post=30469"},{"taxonomy":"product_tag","embeddable":true,"href":"https:\/\/cottonland.shop\/fr\/wp-json\/wp\/v2\/product_tag?post=30469"}],"curies":[{"name":"wp","href":"https:\/\/api.w.org\/{rel}","templated":true}]}}