{"id":30471,"date":"2025-11-16T00:12:35","date_gmt":"2025-11-16T00:12:35","guid":{"rendered":"https:\/\/cottonland.shop\/?post_type=product&#038;p=30471"},"modified":"2025-11-16T01:08:39","modified_gmt":"2025-11-16T01:08:39","slug":"research-lab-uniform-five-pieces-set-for-20cm-cotton-doll","status":"publish","type":"product","link":"https:\/\/cottonland.shop\/fr\/produit\/research-lab-uniform-five-pieces-set-for-20cm-cotton-doll\/","title":{"rendered":"Uniforme de laboratoire de recherche Cinq pi\u00e8ces pour poup\u00e9e de coton de 20 cm"},"content":{"rendered":"","protected":false},"excerpt":{"rendered":"<p data-start=\"222\" data-end=\"314\"><strong data-start=\"222\" data-end=\"242\">D\u00e9lai de traitement :<\/strong> <strong data-start=\"243\" data-end=\"255\">5-7 jours<\/strong><br data-start=\"255\" data-end=\"258\" \/><strong data-start=\"258\" data-end=\"276\">Compatibilit\u00e9 :<\/strong> Convient \u00e0 la plupart des poup\u00e9es de 20 cm \u00e0 pose debout.<\/p>\n<p data-start=\"316\" data-end=\"705\"><strong data-start=\"316\" data-end=\"334\">Artisanat :<\/strong> Fabrication artisanale haut de gamme<br data-start=\"366\" data-end=\"369\" \/><strong data-start=\"369\" data-end=\"381\">D\u00e9tails :<\/strong> L'ensemble d'uniformes de laboratoire de recherche donne \u00e0 votre poup\u00e9e une allure intelligente et scientifique. L'ensemble <strong data-start=\"460\" data-end=\"479\">Ensemble de cinq pi\u00e8ces<\/strong> comprend tous les \u00e9l\u00e9ments essentiels pour une tenue inspir\u00e9e d'un laboratoire, tandis que la collection <strong data-start=\"545\" data-end=\"563\">Ensemble de six pi\u00e8ces<\/strong> ajoute une paire de lunettes \u00e9l\u00e9gantes pour rehausser l'allure savante de l'ensemble. Les <strong data-start=\"630\" data-end=\"655\">Lunettes \u00e0 monture argent\u00e9e<\/strong> offrent une finition \u00e9l\u00e9gante et professionnelle \u00e0 la tenue.<\/p>\n<p data-start=\"707\" data-end=\"751\"><strong data-start=\"707\" data-end=\"716\">Remarque :<\/strong> Ensemble seulement. La poup\u00e9e n'est pas incluse.<\/p>","protected":false},"featured_media":30117,"comment_status":"open","ping_status":"closed","template":"","meta":[],"product_brand":[],"product_cat":[117,83],"product_tag":[],"class_list":{"0":"post-30471","1":"product","2":"type-product","3":"status-publish","4":"has-post-thumbnail","6":"product_cat-doll-outfits-accessories","7":"product_cat-20cm-doll-outfit","9":"first","10":"instock","11":"shipping-taxable","12":"purchasable","13":"product-type-variable"},"jetpack_sharing_enabled":true,"_links":{"self":[{"href":"https:\/\/cottonland.shop\/fr\/wp-json\/wp\/v2\/product\/30471","targetHints":{"allow":["GET"]}}],"collection":[{"href":"https:\/\/cottonland.shop\/fr\/wp-json\/wp\/v2\/product"}],"about":[{"href":"https:\/\/cottonland.shop\/fr\/wp-json\/wp\/v2\/types\/product"}],"replies":[{"embeddable":true,"href":"https:\/\/cottonland.shop\/fr\/wp-json\/wp\/v2\/comments?post=30471"}],"version-history":[{"count":0,"href":"https:\/\/cottonland.shop\/fr\/wp-json\/wp\/v2\/product\/30471\/revisions"}],"wp:featuredmedia":[{"embeddable":true,"href":"https:\/\/cottonland.shop\/fr\/wp-json\/wp\/v2\/media\/30117"}],"wp:attachment":[{"href":"https:\/\/cottonland.shop\/fr\/wp-json\/wp\/v2\/media?parent=30471"}],"wp:term":[{"taxonomy":"product_brand","embeddable":true,"href":"https:\/\/cottonland.shop\/fr\/wp-json\/wp\/v2\/product_brand?post=30471"},{"taxonomy":"product_cat","embeddable":true,"href":"https:\/\/cottonland.shop\/fr\/wp-json\/wp\/v2\/product_cat?post=30471"},{"taxonomy":"product_tag","embeddable":true,"href":"https:\/\/cottonland.shop\/fr\/wp-json\/wp\/v2\/product_tag?post=30471"}],"curies":[{"name":"wp","href":"https:\/\/api.w.org\/{rel}","templated":true}]}}