{"id":30473,"date":"2025-11-16T00:22:50","date_gmt":"2025-11-16T00:22:50","guid":{"rendered":"https:\/\/cottonland.shop\/?post_type=product&#038;p=30473"},"modified":"2025-11-16T01:08:38","modified_gmt":"2025-11-16T01:08:38","slug":"kid-conan-20cm-doll-outfit","status":"publish","type":"product","link":"https:\/\/cottonland.shop\/fr\/produit\/kid-conan-20cm-doll-outfit\/","title":{"rendered":"Kid Conan 20cm Doll Outfit"},"content":{"rendered":"","protected":false},"excerpt":{"rendered":"<p data-start=\"158\" data-end=\"250\"><strong data-start=\"158\" data-end=\"178\">D\u00e9lai de traitement :<\/strong> <strong data-start=\"179\" data-end=\"191\">5-7 jours<\/strong><br data-start=\"191\" data-end=\"194\" \/><strong data-start=\"194\" data-end=\"212\">Compatibilit\u00e9 :<\/strong> Convient \u00e0 la plupart des poup\u00e9es de 20 cm \u00e0 pose debout.<\/p>\n<p data-start=\"252\" data-end=\"693\"><strong data-start=\"252\" data-end=\"270\">Artisanat :<\/strong> Fabrication artisanale haut de gamme<br data-start=\"302\" data-end=\"305\" \/><strong data-start=\"305\" data-end=\"317\">D\u00e9tails :<\/strong> Le <strong data-start=\"322\" data-end=\"335\">Kid Conan<\/strong> est parfaite pour les poup\u00e9es aventuri\u00e8res ! L'ensemble <strong data-start=\"381\" data-end=\"404\">Set six pi\u00e8ces bleu<\/strong> comprend un look \u00e9l\u00e9gant inspir\u00e9 des d\u00e9tectives, avec des accessoires suppl\u00e9mentaires tels que des lunettes m\u00e9talliques \u00e0 monture noire et des chaussures en toile rouge. Les <strong data-start=\"535\" data-end=\"561\">Set sept pi\u00e8ces blanc<\/strong> offre un look frais et net, avec des chaussures en cuir blanc et des lunettes \u00e0 monture argent\u00e9e unilat\u00e9rale pour une apparence \u00e9l\u00e9gante et nette.<\/p>\n<p data-start=\"695\" data-end=\"739\"><strong data-start=\"695\" data-end=\"704\">Remarque :<\/strong> Ensemble seulement. La poup\u00e9e n'est pas incluse.<\/p>","protected":false},"featured_media":30130,"comment_status":"open","ping_status":"closed","template":"","meta":[],"product_brand":[],"product_cat":[117,83],"product_tag":[],"class_list":{"0":"post-30473","1":"product","2":"type-product","3":"status-publish","4":"has-post-thumbnail","6":"product_cat-doll-outfits-accessories","7":"product_cat-20cm-doll-outfit","9":"first","10":"instock","11":"shipping-taxable","12":"purchasable","13":"product-type-variable"},"jetpack_sharing_enabled":true,"_links":{"self":[{"href":"https:\/\/cottonland.shop\/fr\/wp-json\/wp\/v2\/product\/30473","targetHints":{"allow":["GET"]}}],"collection":[{"href":"https:\/\/cottonland.shop\/fr\/wp-json\/wp\/v2\/product"}],"about":[{"href":"https:\/\/cottonland.shop\/fr\/wp-json\/wp\/v2\/types\/product"}],"replies":[{"embeddable":true,"href":"https:\/\/cottonland.shop\/fr\/wp-json\/wp\/v2\/comments?post=30473"}],"version-history":[{"count":0,"href":"https:\/\/cottonland.shop\/fr\/wp-json\/wp\/v2\/product\/30473\/revisions"}],"wp:featuredmedia":[{"embeddable":true,"href":"https:\/\/cottonland.shop\/fr\/wp-json\/wp\/v2\/media\/30130"}],"wp:attachment":[{"href":"https:\/\/cottonland.shop\/fr\/wp-json\/wp\/v2\/media?parent=30473"}],"wp:term":[{"taxonomy":"product_brand","embeddable":true,"href":"https:\/\/cottonland.shop\/fr\/wp-json\/wp\/v2\/product_brand?post=30473"},{"taxonomy":"product_cat","embeddable":true,"href":"https:\/\/cottonland.shop\/fr\/wp-json\/wp\/v2\/product_cat?post=30473"},{"taxonomy":"product_tag","embeddable":true,"href":"https:\/\/cottonland.shop\/fr\/wp-json\/wp\/v2\/product_tag?post=30473"}],"curies":[{"name":"wp","href":"https:\/\/api.w.org\/{rel}","templated":true}]}}