{"id":30490,"date":"2025-11-16T00:27:37","date_gmt":"2025-11-16T00:27:37","guid":{"rendered":"https:\/\/cottonland.shop\/?post_type=product&#038;p=30490"},"modified":"2025-11-20T20:55:31","modified_gmt":"2025-11-20T20:55:31","slug":"korean-style-puppy-school-uniform-six-pieces-set-for-20cm-cotton-doll","status":"publish","type":"product","link":"https:\/\/cottonland.shop\/fr\/produit\/korean-style-puppy-school-uniform-six-pieces-set-for-20cm-cotton-doll\/","title":{"rendered":"Ensemble d'uniformes scolaires pour poup\u00e9e en coton de 20 cm, style cor\u00e9en, pour chiot"},"content":{"rendered":"","protected":false},"excerpt":{"rendered":"<p data-start=\"165\" data-end=\"257\"><strong data-start=\"165\" data-end=\"185\">D\u00e9lai de traitement :<\/strong> <strong data-start=\"186\" data-end=\"198\">5-7 jours<\/strong><br data-start=\"198\" data-end=\"201\" \/><strong data-start=\"201\" data-end=\"219\">Compatibilit\u00e9 :<\/strong> Convient \u00e0 la plupart des poup\u00e9es de 20 cm \u00e0 pose debout.<\/p>\n<p data-start=\"259\" data-end=\"536\"><strong data-start=\"259\" data-end=\"277\">Artisanat :<\/strong> Fabrication artisanale haut de gamme<br data-start=\"309\" data-end=\"312\" \/><strong data-start=\"312\" data-end=\"324\">D\u00e9tails :<\/strong> L'ensemble d'uniformes d'\u00e9cole pour chiots de style cor\u00e9en apporte une touche mignonne et BCBG \u00e0 votre poup\u00e9e. L'ensemble <strong data-start=\"412\" data-end=\"430\">Ensemble de six pi\u00e8ces<\/strong> comprend un uniforme scolaire \u00e9l\u00e9gant avec d'adorables d\u00e9tails de chiot, parfait pour un look jeune et enjou\u00e9.<\/p>\n<p data-start=\"538\" data-end=\"582\"><strong data-start=\"538\" data-end=\"547\">Remarque :<\/strong> Ensemble seulement. La poup\u00e9e n'est pas incluse.<\/p>","protected":false},"featured_media":30133,"comment_status":"open","ping_status":"closed","template":"","meta":[],"product_brand":[],"product_cat":[117,83],"product_tag":[],"class_list":{"0":"post-30490","1":"product","2":"type-product","3":"status-publish","4":"has-post-thumbnail","6":"product_cat-doll-outfits-accessories","7":"product_cat-20cm-doll-outfit","9":"first","10":"instock","11":"shipping-taxable","12":"purchasable","13":"product-type-variable"},"jetpack_sharing_enabled":true,"_links":{"self":[{"href":"https:\/\/cottonland.shop\/fr\/wp-json\/wp\/v2\/product\/30490","targetHints":{"allow":["GET"]}}],"collection":[{"href":"https:\/\/cottonland.shop\/fr\/wp-json\/wp\/v2\/product"}],"about":[{"href":"https:\/\/cottonland.shop\/fr\/wp-json\/wp\/v2\/types\/product"}],"replies":[{"embeddable":true,"href":"https:\/\/cottonland.shop\/fr\/wp-json\/wp\/v2\/comments?post=30490"}],"version-history":[{"count":0,"href":"https:\/\/cottonland.shop\/fr\/wp-json\/wp\/v2\/product\/30490\/revisions"}],"wp:featuredmedia":[{"embeddable":true,"href":"https:\/\/cottonland.shop\/fr\/wp-json\/wp\/v2\/media\/30133"}],"wp:attachment":[{"href":"https:\/\/cottonland.shop\/fr\/wp-json\/wp\/v2\/media?parent=30490"}],"wp:term":[{"taxonomy":"product_brand","embeddable":true,"href":"https:\/\/cottonland.shop\/fr\/wp-json\/wp\/v2\/product_brand?post=30490"},{"taxonomy":"product_cat","embeddable":true,"href":"https:\/\/cottonland.shop\/fr\/wp-json\/wp\/v2\/product_cat?post=30490"},{"taxonomy":"product_tag","embeddable":true,"href":"https:\/\/cottonland.shop\/fr\/wp-json\/wp\/v2\/product_tag?post=30490"}],"curies":[{"name":"wp","href":"https:\/\/api.w.org\/{rel}","templated":true}]}}