{"id":30491,"date":"2025-11-16T00:31:54","date_gmt":"2025-11-16T00:31:54","guid":{"rendered":"https:\/\/cottonland.shop\/?post_type=product&#038;p=30491"},"modified":"2025-11-17T07:50:05","modified_gmt":"2025-11-17T07:50:05","slug":"daytime-order-uniform-seven-pieces-set-for-20cm-cotton-doll","status":"publish","type":"product","link":"https:\/\/cottonland.shop\/fr\/produit\/daytime-order-uniform-seven-pieces-set-for-20cm-cotton-doll\/","title":{"rendered":"Ensemble de sept pi\u00e8ces pour poup\u00e9e de coton de 20 cm"},"content":{"rendered":"","protected":false},"excerpt":{"rendered":"<p data-start=\"209\" data-end=\"301\"><strong data-start=\"209\" data-end=\"229\">D\u00e9lai de traitement :<\/strong> <strong data-start=\"230\" data-end=\"242\">5-7 jours<\/strong><br data-start=\"242\" data-end=\"245\" \/><strong data-start=\"245\" data-end=\"263\">Compatibilit\u00e9 :<\/strong> Convient \u00e0 la plupart des poup\u00e9es de 20 cm \u00e0 pose debout.<\/p>\n<p data-start=\"303\" data-end=\"614\"><strong data-start=\"303\" data-end=\"321\">Artisanat :<\/strong> Fabrication artisanale haut de gamme<br data-start=\"353\" data-end=\"356\" \/><strong data-start=\"356\" data-end=\"368\">D\u00e9tails :<\/strong> L'ensemble d'uniformes de jour offre un look sophistiqu\u00e9 et structur\u00e9. L'ensemble de l'uniforme de l'ordre de jour offre un look sophistiqu\u00e9 et structur\u00e9. <strong data-start=\"447\" data-end=\"467\">Ensemble de sept pi\u00e8ces<\/strong> comprend tout ce qu'il faut pour un uniforme raffin\u00e9, tandis que le <strong data-start=\"528\" data-end=\"548\">Ensemble de huit pi\u00e8ces<\/strong> ajoutez une paire de chaussures \u00e9l\u00e9gantes en cuir blanc pour une finition soign\u00e9e.<\/p>\n<p data-start=\"616\" data-end=\"660\"><strong data-start=\"616\" data-end=\"625\">Remarque :<\/strong> Ensemble seulement. La poup\u00e9e n'est pas incluse.<\/p>","protected":false},"featured_media":30137,"comment_status":"open","ping_status":"closed","template":"","meta":[],"product_brand":[],"product_cat":[117,83],"product_tag":[],"class_list":{"0":"post-30491","1":"product","2":"type-product","3":"status-publish","4":"has-post-thumbnail","6":"product_cat-doll-outfits-accessories","7":"product_cat-20cm-doll-outfit","9":"first","10":"instock","11":"shipping-taxable","12":"purchasable","13":"product-type-variable"},"jetpack_sharing_enabled":true,"_links":{"self":[{"href":"https:\/\/cottonland.shop\/fr\/wp-json\/wp\/v2\/product\/30491","targetHints":{"allow":["GET"]}}],"collection":[{"href":"https:\/\/cottonland.shop\/fr\/wp-json\/wp\/v2\/product"}],"about":[{"href":"https:\/\/cottonland.shop\/fr\/wp-json\/wp\/v2\/types\/product"}],"replies":[{"embeddable":true,"href":"https:\/\/cottonland.shop\/fr\/wp-json\/wp\/v2\/comments?post=30491"}],"version-history":[{"count":0,"href":"https:\/\/cottonland.shop\/fr\/wp-json\/wp\/v2\/product\/30491\/revisions"}],"wp:featuredmedia":[{"embeddable":true,"href":"https:\/\/cottonland.shop\/fr\/wp-json\/wp\/v2\/media\/30137"}],"wp:attachment":[{"href":"https:\/\/cottonland.shop\/fr\/wp-json\/wp\/v2\/media?parent=30491"}],"wp:term":[{"taxonomy":"product_brand","embeddable":true,"href":"https:\/\/cottonland.shop\/fr\/wp-json\/wp\/v2\/product_brand?post=30491"},{"taxonomy":"product_cat","embeddable":true,"href":"https:\/\/cottonland.shop\/fr\/wp-json\/wp\/v2\/product_cat?post=30491"},{"taxonomy":"product_tag","embeddable":true,"href":"https:\/\/cottonland.shop\/fr\/wp-json\/wp\/v2\/product_tag?post=30491"}],"curies":[{"name":"wp","href":"https:\/\/api.w.org\/{rel}","templated":true}]}}