{"id":30493,"date":"2025-11-16T00:39:48","date_gmt":"2025-11-16T00:39:48","guid":{"rendered":"https:\/\/cottonland.shop\/?post_type=product&#038;p=30493"},"modified":"2025-11-16T01:08:38","modified_gmt":"2025-11-16T01:08:38","slug":"cat-maid-five-pieces-set-for-20cm-cotton-doll","status":"publish","type":"product","link":"https:\/\/cottonland.shop\/fr\/produit\/cat-maid-five-pieces-set-for-20cm-cotton-doll\/","title":{"rendered":"Set de cinq pi\u00e8ces pour poup\u00e9e en coton de 20cm Cat Maid"},"content":{"rendered":"","protected":false},"excerpt":{"rendered":"<p data-start=\"188\" data-end=\"280\"><strong data-start=\"188\" data-end=\"208\">D\u00e9lai de traitement :<\/strong> <strong data-start=\"209\" data-end=\"221\">5-7 jours<\/strong><br data-start=\"221\" data-end=\"224\" \/><strong data-start=\"224\" data-end=\"242\">Compatibilit\u00e9 :<\/strong> Convient \u00e0 la plupart des poup\u00e9es de 20 cm \u00e0 pose debout.<\/p>\n<p data-start=\"282\" data-end=\"649\"><strong data-start=\"282\" data-end=\"300\">Artisanat :<\/strong> Fabrication artisanale haut de gamme<br data-start=\"332\" data-end=\"335\" \/><strong data-start=\"335\" data-end=\"347\">D\u00e9tails :<\/strong> Le <strong data-start=\"352\" data-end=\"364\">Chat Maid<\/strong> apporte \u00e0 votre poup\u00e9e un charmant look de bonne avec une adorable touche f\u00e9line. L'ensemble <strong data-start=\"445\" data-end=\"475\">Ensemble cinq pi\u00e8ces pour femme de chambre noire<\/strong> offre une tenue classique et \u00e9l\u00e9gante de jeune fille noire, tandis que la <strong data-start=\"531\" data-end=\"561\">Set de cinq pi\u00e8ces pour femme de chambre marron<\/strong> pr\u00e9sente une apparence plus chaleureuse et plus douce, toutes deux con\u00e7ues avec le souci du d\u00e9tail.<\/p>\n<p data-start=\"651\" data-end=\"695\"><strong data-start=\"651\" data-end=\"660\">Remarque :<\/strong> Ensemble seulement. La poup\u00e9e n'est pas incluse.<\/p>","protected":false},"featured_media":30153,"comment_status":"open","ping_status":"closed","template":"","meta":[],"product_brand":[],"product_cat":[117,83],"product_tag":[],"class_list":{"0":"post-30493","1":"product","2":"type-product","3":"status-publish","4":"has-post-thumbnail","6":"product_cat-doll-outfits-accessories","7":"product_cat-20cm-doll-outfit","9":"first","10":"instock","11":"shipping-taxable","12":"purchasable","13":"product-type-variable"},"jetpack_sharing_enabled":true,"_links":{"self":[{"href":"https:\/\/cottonland.shop\/fr\/wp-json\/wp\/v2\/product\/30493","targetHints":{"allow":["GET"]}}],"collection":[{"href":"https:\/\/cottonland.shop\/fr\/wp-json\/wp\/v2\/product"}],"about":[{"href":"https:\/\/cottonland.shop\/fr\/wp-json\/wp\/v2\/types\/product"}],"replies":[{"embeddable":true,"href":"https:\/\/cottonland.shop\/fr\/wp-json\/wp\/v2\/comments?post=30493"}],"version-history":[{"count":0,"href":"https:\/\/cottonland.shop\/fr\/wp-json\/wp\/v2\/product\/30493\/revisions"}],"wp:featuredmedia":[{"embeddable":true,"href":"https:\/\/cottonland.shop\/fr\/wp-json\/wp\/v2\/media\/30153"}],"wp:attachment":[{"href":"https:\/\/cottonland.shop\/fr\/wp-json\/wp\/v2\/media?parent=30493"}],"wp:term":[{"taxonomy":"product_brand","embeddable":true,"href":"https:\/\/cottonland.shop\/fr\/wp-json\/wp\/v2\/product_brand?post=30493"},{"taxonomy":"product_cat","embeddable":true,"href":"https:\/\/cottonland.shop\/fr\/wp-json\/wp\/v2\/product_cat?post=30493"},{"taxonomy":"product_tag","embeddable":true,"href":"https:\/\/cottonland.shop\/fr\/wp-json\/wp\/v2\/product_tag?post=30493"}],"curies":[{"name":"wp","href":"https:\/\/api.w.org\/{rel}","templated":true}]}}