{"id":30514,"date":"2025-11-16T00:51:54","date_gmt":"2025-11-16T00:51:54","guid":{"rendered":"https:\/\/cottonland.shop\/?post_type=product&#038;p=30514"},"modified":"2025-11-20T21:38:48","modified_gmt":"2025-11-20T21:38:48","slug":"fox-bunny-detective-agency-four-pieces-set-for-10cm-cotton-doll","status":"publish","type":"product","link":"https:\/\/cottonland.shop\/fr\/produit\/fox-bunny-detective-agency-four-pieces-set-for-10cm-cotton-doll\/","title":{"rendered":"Agence de d\u00e9tectives Fox &amp; Bunny - Ensemble de quatre pi\u00e8ces pour poup\u00e9e en coton de 10 cm"},"content":{"rendered":"","protected":false},"excerpt":{"rendered":"<p data-start=\"196\" data-end=\"288\"><strong data-start=\"196\" data-end=\"216\">D\u00e9lai de traitement :<\/strong> <strong data-start=\"217\" data-end=\"229\">5-7 jours<\/strong><br data-start=\"229\" data-end=\"232\" \/><strong data-start=\"232\" data-end=\"250\">Compatibilit\u00e9 :<\/strong> Convient \u00e0 la plupart des poup\u00e9es de 10 cm \u00e0 pose debout.<\/p>\n<p data-start=\"290\" data-end=\"656\"><strong data-start=\"290\" data-end=\"308\">Artisanat :<\/strong> Fabrication artisanale haut de gamme<br data-start=\"340\" data-end=\"343\" \/><strong data-start=\"343\" data-end=\"355\">D\u00e9tails :<\/strong> Le <strong data-start=\"360\" data-end=\"392\">Agence de d\u00e9tectives Fox &amp; Bunny<\/strong> donne \u00e0 votre poup\u00e9e un air de d\u00e9tective fantaisiste. L'ensemble <strong data-start=\"449\" data-end=\"472\">Fox Five Pieces Set<\/strong> comprend tous les \u00e9l\u00e9ments essentiels pour un d\u00e9tective renard astucieux, tandis que la <strong data-start=\"539\" data-end=\"564\">Ensemble quatre pi\u00e8ces pour lapin<\/strong> offre un look de lapin d\u00e9tective mignon et curieux, parfait pour r\u00e9soudre des myst\u00e8res avec style.<\/p>\n<p data-start=\"658\" data-end=\"702\"><strong data-start=\"658\" data-end=\"667\">Remarque :<\/strong> Ensemble seulement. La poup\u00e9e n'est pas incluse.<\/p>","protected":false},"featured_media":30173,"comment_status":"open","ping_status":"closed","template":"","meta":[],"product_brand":[],"product_cat":[117,81],"product_tag":[],"class_list":{"0":"post-30514","1":"product","2":"type-product","3":"status-publish","4":"has-post-thumbnail","6":"product_cat-doll-outfits-accessories","7":"product_cat-10cm-doll-outfit","9":"first","10":"instock","11":"shipping-taxable","12":"purchasable","13":"product-type-variable"},"jetpack_sharing_enabled":true,"_links":{"self":[{"href":"https:\/\/cottonland.shop\/fr\/wp-json\/wp\/v2\/product\/30514","targetHints":{"allow":["GET"]}}],"collection":[{"href":"https:\/\/cottonland.shop\/fr\/wp-json\/wp\/v2\/product"}],"about":[{"href":"https:\/\/cottonland.shop\/fr\/wp-json\/wp\/v2\/types\/product"}],"replies":[{"embeddable":true,"href":"https:\/\/cottonland.shop\/fr\/wp-json\/wp\/v2\/comments?post=30514"}],"version-history":[{"count":0,"href":"https:\/\/cottonland.shop\/fr\/wp-json\/wp\/v2\/product\/30514\/revisions"}],"wp:featuredmedia":[{"embeddable":true,"href":"https:\/\/cottonland.shop\/fr\/wp-json\/wp\/v2\/media\/30173"}],"wp:attachment":[{"href":"https:\/\/cottonland.shop\/fr\/wp-json\/wp\/v2\/media?parent=30514"}],"wp:term":[{"taxonomy":"product_brand","embeddable":true,"href":"https:\/\/cottonland.shop\/fr\/wp-json\/wp\/v2\/product_brand?post=30514"},{"taxonomy":"product_cat","embeddable":true,"href":"https:\/\/cottonland.shop\/fr\/wp-json\/wp\/v2\/product_cat?post=30514"},{"taxonomy":"product_tag","embeddable":true,"href":"https:\/\/cottonland.shop\/fr\/wp-json\/wp\/v2\/product_tag?post=30514"}],"curies":[{"name":"wp","href":"https:\/\/api.w.org\/{rel}","templated":true}]}}