{"id":30515,"date":"2025-11-16T00:57:16","date_gmt":"2025-11-16T00:57:16","guid":{"rendered":"https:\/\/cottonland.shop\/?post_type=product&#038;p=30515"},"modified":"2025-11-20T21:35:44","modified_gmt":"2025-11-20T21:35:44","slug":"fox-bunny-detective-agency-five-pieces-set-for-20cm-cotton-doll","status":"publish","type":"product","link":"https:\/\/cottonland.shop\/fr\/produit\/fox-bunny-detective-agency-five-pieces-set-for-20cm-cotton-doll\/","title":{"rendered":"Agence de d\u00e9tectives Fox &amp; Bunny - Set de cinq pi\u00e8ces pour poup\u00e9e en coton de 20 cm"},"content":{"rendered":"","protected":false},"excerpt":{"rendered":"<p data-start=\"196\" data-end=\"288\"><strong data-start=\"196\" data-end=\"216\">D\u00e9lai de traitement :<\/strong> <strong data-start=\"217\" data-end=\"229\">5-7 jours<\/strong><br data-start=\"229\" data-end=\"232\" \/><strong data-start=\"232\" data-end=\"250\">Compatibilit\u00e9 :<\/strong> Convient \u00e0 la plupart des poup\u00e9es de 20 cm \u00e0 pose debout.<\/p>\n<p data-start=\"290\" data-end=\"675\"><strong data-start=\"290\" data-end=\"308\">Artisanat :<\/strong> Fabrication artisanale haut de gamme<br data-start=\"340\" data-end=\"343\" \/><strong data-start=\"343\" data-end=\"355\">D\u00e9tails :<\/strong> Le <strong data-start=\"360\" data-end=\"392\">Agence de d\u00e9tectives Fox &amp; Bunny<\/strong> est parfait pour les aventures polici\u00e8res de votre poup\u00e9e ! L'ensemble <strong data-start=\"450\" data-end=\"473\">Fox Five Pieces Set<\/strong> comprend une tenue astucieuse inspir\u00e9e du renard, ainsi que des accessoires assortis au th\u00e8me. Les <strong data-start=\"563\" data-end=\"588\">Ensemble cinq pi\u00e8ces pour lapin<\/strong> apporte un look de lapin d\u00e9tective mignon et curieux, pr\u00eat pour toute mission de r\u00e9solution de myst\u00e8re.<\/p>\n<p data-start=\"677\" data-end=\"721\"><strong data-start=\"677\" data-end=\"686\">Remarque :<\/strong> Ensemble seulement. La poup\u00e9e n'est pas incluse.<\/p>","protected":false},"featured_media":30174,"comment_status":"open","ping_status":"closed","template":"","meta":[],"product_brand":[],"product_cat":[117,83],"product_tag":[],"class_list":{"0":"post-30515","1":"product","2":"type-product","3":"status-publish","4":"has-post-thumbnail","6":"product_cat-doll-outfits-accessories","7":"product_cat-20cm-doll-outfit","9":"first","10":"instock","11":"shipping-taxable","12":"purchasable","13":"product-type-variable"},"jetpack_sharing_enabled":true,"_links":{"self":[{"href":"https:\/\/cottonland.shop\/fr\/wp-json\/wp\/v2\/product\/30515","targetHints":{"allow":["GET"]}}],"collection":[{"href":"https:\/\/cottonland.shop\/fr\/wp-json\/wp\/v2\/product"}],"about":[{"href":"https:\/\/cottonland.shop\/fr\/wp-json\/wp\/v2\/types\/product"}],"replies":[{"embeddable":true,"href":"https:\/\/cottonland.shop\/fr\/wp-json\/wp\/v2\/comments?post=30515"}],"version-history":[{"count":0,"href":"https:\/\/cottonland.shop\/fr\/wp-json\/wp\/v2\/product\/30515\/revisions"}],"wp:featuredmedia":[{"embeddable":true,"href":"https:\/\/cottonland.shop\/fr\/wp-json\/wp\/v2\/media\/30174"}],"wp:attachment":[{"href":"https:\/\/cottonland.shop\/fr\/wp-json\/wp\/v2\/media?parent=30515"}],"wp:term":[{"taxonomy":"product_brand","embeddable":true,"href":"https:\/\/cottonland.shop\/fr\/wp-json\/wp\/v2\/product_brand?post=30515"},{"taxonomy":"product_cat","embeddable":true,"href":"https:\/\/cottonland.shop\/fr\/wp-json\/wp\/v2\/product_cat?post=30515"},{"taxonomy":"product_tag","embeddable":true,"href":"https:\/\/cottonland.shop\/fr\/wp-json\/wp\/v2\/product_tag?post=30515"}],"curies":[{"name":"wp","href":"https:\/\/api.w.org\/{rel}","templated":true}]}}