{"id":30516,"date":"2025-11-16T01:01:09","date_gmt":"2025-11-16T01:01:09","guid":{"rendered":"https:\/\/cottonland.shop\/?post_type=product&#038;p=30516"},"modified":"2025-11-20T21:39:59","modified_gmt":"2025-11-20T21:39:59","slug":"kings-coronation-seven-pieces-set-for-20cm-cotton-doll","status":"publish","type":"product","link":"https:\/\/cottonland.shop\/fr\/produit\/kings-coronation-seven-pieces-set-for-20cm-cotton-doll\/","title":{"rendered":"Set de sept pi\u00e8ces du couronnement du roi pour poup\u00e9e de coton de 20 cm"},"content":{"rendered":"","protected":false},"excerpt":{"rendered":"<p data-start=\"201\" data-end=\"293\"><strong data-start=\"201\" data-end=\"221\">D\u00e9lai de traitement :<\/strong> <strong data-start=\"222\" data-end=\"234\">5-7 jours<\/strong><br data-start=\"234\" data-end=\"237\" \/><strong data-start=\"237\" data-end=\"255\">Compatibilit\u00e9 :<\/strong> Convient \u00e0 la plupart des poup\u00e9es de 20 cm \u00e0 pose debout.<\/p>\n<p data-start=\"295\" data-end=\"712\"><strong data-start=\"295\" data-end=\"313\">Artisanat :<\/strong> Fabrication artisanale haut de gamme<br data-start=\"345\" data-end=\"348\" \/><strong data-start=\"348\" data-end=\"360\">D\u00e9tails :<\/strong> Le <strong data-start=\"365\" data-end=\"386\">Le couronnement du roi<\/strong> est digne de la royaut\u00e9 ! L'ensemble <strong data-start=\"415\" data-end=\"453\">Set de sept pi\u00e8ces pour le couronnement du roi<\/strong> comprend une cape royale, une couronne de couronnement, un sceptre et des chaussures en cuir marron, donnant \u00e0 votre poup\u00e9e une allure majestueuse. Les <strong data-start=\"574\" data-end=\"599\">Ensemble de base \u00e0 quatre pi\u00e8ces<\/strong> offre une version plus simple de la tenue sans les accessoires suppl\u00e9mentaires, parfaite pour une apparence royale de base.<\/p>\n<p data-start=\"714\" data-end=\"758\"><strong data-start=\"714\" data-end=\"723\">Remarque :<\/strong> Ensemble seulement. La poup\u00e9e n'est pas incluse.<\/p>","protected":false},"featured_media":30181,"comment_status":"open","ping_status":"closed","template":"","meta":[],"product_brand":[],"product_cat":[117,83],"product_tag":[],"class_list":{"0":"post-30516","1":"product","2":"type-product","3":"status-publish","4":"has-post-thumbnail","6":"product_cat-doll-outfits-accessories","7":"product_cat-20cm-doll-outfit","9":"first","10":"instock","11":"shipping-taxable","12":"purchasable","13":"product-type-variable"},"jetpack_sharing_enabled":true,"_links":{"self":[{"href":"https:\/\/cottonland.shop\/fr\/wp-json\/wp\/v2\/product\/30516","targetHints":{"allow":["GET"]}}],"collection":[{"href":"https:\/\/cottonland.shop\/fr\/wp-json\/wp\/v2\/product"}],"about":[{"href":"https:\/\/cottonland.shop\/fr\/wp-json\/wp\/v2\/types\/product"}],"replies":[{"embeddable":true,"href":"https:\/\/cottonland.shop\/fr\/wp-json\/wp\/v2\/comments?post=30516"}],"version-history":[{"count":0,"href":"https:\/\/cottonland.shop\/fr\/wp-json\/wp\/v2\/product\/30516\/revisions"}],"wp:featuredmedia":[{"embeddable":true,"href":"https:\/\/cottonland.shop\/fr\/wp-json\/wp\/v2\/media\/30181"}],"wp:attachment":[{"href":"https:\/\/cottonland.shop\/fr\/wp-json\/wp\/v2\/media?parent=30516"}],"wp:term":[{"taxonomy":"product_brand","embeddable":true,"href":"https:\/\/cottonland.shop\/fr\/wp-json\/wp\/v2\/product_brand?post=30516"},{"taxonomy":"product_cat","embeddable":true,"href":"https:\/\/cottonland.shop\/fr\/wp-json\/wp\/v2\/product_cat?post=30516"},{"taxonomy":"product_tag","embeddable":true,"href":"https:\/\/cottonland.shop\/fr\/wp-json\/wp\/v2\/product_tag?post=30516"}],"curies":[{"name":"wp","href":"https:\/\/api.w.org\/{rel}","templated":true}]}}