{"id":30517,"date":"2025-11-16T01:04:32","date_gmt":"2025-11-16T01:04:32","guid":{"rendered":"https:\/\/cottonland.shop\/?post_type=product&#038;p=30517"},"modified":"2025-11-16T02:17:50","modified_gmt":"2025-11-16T02:17:50","slug":"christmas-carol-series-two-pieces-set-for-10cm-cotton-doll","status":"publish","type":"product","link":"https:\/\/cottonland.shop\/fr\/produit\/christmas-carol-series-two-pieces-set-for-10cm-cotton-doll\/","title":{"rendered":"S\u00e9rie \"Christmas Carol\" Ensemble de deux pi\u00e8ces pour poup\u00e9e en coton de 10 cm"},"content":{"rendered":"","protected":false},"excerpt":{"rendered":"<p data-start=\"267\" data-end=\"359\"><strong data-start=\"267\" data-end=\"287\">D\u00e9lai de traitement :<\/strong> <strong data-start=\"288\" data-end=\"300\">5-7 jours<\/strong><br data-start=\"300\" data-end=\"303\" \/><strong data-start=\"303\" data-end=\"321\">Compatibilit\u00e9 :<\/strong> Convient \u00e0 la plupart des poup\u00e9es de 10 cm \u00e0 pose debout.<\/p>\n<p data-start=\"361\" data-end=\"756\"><strong data-start=\"361\" data-end=\"379\">Artisanat :<\/strong> Fabrication artisanale haut de gamme<br data-start=\"411\" data-end=\"414\" \/><strong data-start=\"414\" data-end=\"426\">D\u00e9tails :<\/strong> Le <strong data-start=\"431\" data-end=\"457\">S\u00e9rie des chants de No\u00ebl<\/strong> apporte un charme festif \u00e0 vos poup\u00e9es ! Les <strong data-start=\"498\" data-end=\"524\">Ensemble deux pi\u00e8ces Rudolph<\/strong> pr\u00e9sente une tenue inspir\u00e9e des rennes, tandis que la <strong data-start=\"572\" data-end=\"606\">Ensemble deux pi\u00e8ces pour le bonhomme de pain d'\u00e9pice<\/strong> ajoute une douce ambiance de vacances. Les <strong data-start=\"638\" data-end=\"667\">Ensemble deux pi\u00e8ces Snow Child<\/strong> apporte la magie du givre, et le <strong data-start=\"697\" data-end=\"724\">Set deux pi\u00e8ces Elfe de l'arbre<\/strong> propose des f\u00eates de fin d'ann\u00e9e fantaisistes.<\/p>\n<p data-start=\"758\" data-end=\"802\"><strong data-start=\"758\" data-end=\"767\">Remarque :<\/strong> Ensemble seulement. La poup\u00e9e n'est pas incluse.<\/p>","protected":false},"featured_media":30197,"comment_status":"open","ping_status":"closed","template":"","meta":[],"product_brand":[],"product_cat":[117,81],"product_tag":[],"class_list":{"0":"post-30517","1":"product","2":"type-product","3":"status-publish","4":"has-post-thumbnail","6":"product_cat-doll-outfits-accessories","7":"product_cat-10cm-doll-outfit","9":"first","10":"instock","11":"shipping-taxable","12":"purchasable","13":"product-type-variable"},"jetpack_sharing_enabled":true,"_links":{"self":[{"href":"https:\/\/cottonland.shop\/fr\/wp-json\/wp\/v2\/product\/30517","targetHints":{"allow":["GET"]}}],"collection":[{"href":"https:\/\/cottonland.shop\/fr\/wp-json\/wp\/v2\/product"}],"about":[{"href":"https:\/\/cottonland.shop\/fr\/wp-json\/wp\/v2\/types\/product"}],"replies":[{"embeddable":true,"href":"https:\/\/cottonland.shop\/fr\/wp-json\/wp\/v2\/comments?post=30517"}],"version-history":[{"count":0,"href":"https:\/\/cottonland.shop\/fr\/wp-json\/wp\/v2\/product\/30517\/revisions"}],"wp:featuredmedia":[{"embeddable":true,"href":"https:\/\/cottonland.shop\/fr\/wp-json\/wp\/v2\/media\/30197"}],"wp:attachment":[{"href":"https:\/\/cottonland.shop\/fr\/wp-json\/wp\/v2\/media?parent=30517"}],"wp:term":[{"taxonomy":"product_brand","embeddable":true,"href":"https:\/\/cottonland.shop\/fr\/wp-json\/wp\/v2\/product_brand?post=30517"},{"taxonomy":"product_cat","embeddable":true,"href":"https:\/\/cottonland.shop\/fr\/wp-json\/wp\/v2\/product_cat?post=30517"},{"taxonomy":"product_tag","embeddable":true,"href":"https:\/\/cottonland.shop\/fr\/wp-json\/wp\/v2\/product_tag?post=30517"}],"curies":[{"name":"wp","href":"https:\/\/api.w.org\/{rel}","templated":true}]}}