{"id":30518,"date":"2025-11-16T01:06:47","date_gmt":"2025-11-16T01:06:47","guid":{"rendered":"https:\/\/cottonland.shop\/?post_type=product&#038;p=30518"},"modified":"2025-11-16T01:08:36","modified_gmt":"2025-11-16T01:08:36","slug":"dark-gothic-seven-pieces-set-for-20cm-cotton-doll","status":"publish","type":"product","link":"https:\/\/cottonland.shop\/fr\/produit\/dark-gothic-seven-pieces-set-for-20cm-cotton-doll\/","title":{"rendered":"Set de sept pi\u00e8ces pour poup\u00e9e en coton de 20 cm, gothique sombre"},"content":{"rendered":"","protected":false},"excerpt":{"rendered":"<p data-start=\"187\" data-end=\"279\"><strong data-start=\"187\" data-end=\"207\">D\u00e9lai de traitement :<\/strong> <strong data-start=\"208\" data-end=\"220\">5-7 jours<\/strong><br data-start=\"220\" data-end=\"223\" \/><strong data-start=\"223\" data-end=\"241\">Compatibilit\u00e9 :<\/strong> Convient \u00e0 la plupart des poup\u00e9es de 20 cm \u00e0 pose debout.<\/p>\n<p data-start=\"281\" data-end=\"696\"><strong data-start=\"281\" data-end=\"299\">Artisanat :<\/strong> Fabrication artisanale haut de gamme<br data-start=\"331\" data-end=\"334\" \/><strong data-start=\"334\" data-end=\"346\">D\u00e9tails :<\/strong> Le <strong data-start=\"351\" data-end=\"366\">Dark Gothic<\/strong> ajoute une touche de myst\u00e8re \u00e0 votre poup\u00e9e. L'ensemble <strong data-start=\"419\" data-end=\"439\">Ensemble de sept pi\u00e8ces<\/strong> comprend une tenue compl\u00e8te d'inspiration gothique, tandis que la <strong data-start=\"490\" data-end=\"510\">Ensemble de huit pi\u00e8ces<\/strong> est livr\u00e9 avec des accessoires suppl\u00e9mentaires comme une paire de lunettes \u00e9l\u00e9gante. Les <strong data-start=\"581\" data-end=\"601\">Ensemble de huit pi\u00e8ces<\/strong> comprend <strong data-start=\"611\" data-end=\"640\">Lunettes en cha\u00eene demi-rondes<\/strong>, Le style gothique s'est enrichi d'une touche plus sophistiqu\u00e9e.<\/p>\n<p data-start=\"698\" data-end=\"742\"><strong data-start=\"698\" data-end=\"707\">Remarque :<\/strong> Ensemble seulement. La poup\u00e9e n'est pas incluse.<\/p>","protected":false},"featured_media":30201,"comment_status":"open","ping_status":"closed","template":"","meta":[],"product_brand":[],"product_cat":[117,83],"product_tag":[],"class_list":{"0":"post-30518","1":"product","2":"type-product","3":"status-publish","4":"has-post-thumbnail","6":"product_cat-doll-outfits-accessories","7":"product_cat-20cm-doll-outfit","9":"first","10":"instock","11":"shipping-taxable","12":"purchasable","13":"product-type-variable"},"jetpack_sharing_enabled":true,"_links":{"self":[{"href":"https:\/\/cottonland.shop\/fr\/wp-json\/wp\/v2\/product\/30518","targetHints":{"allow":["GET"]}}],"collection":[{"href":"https:\/\/cottonland.shop\/fr\/wp-json\/wp\/v2\/product"}],"about":[{"href":"https:\/\/cottonland.shop\/fr\/wp-json\/wp\/v2\/types\/product"}],"replies":[{"embeddable":true,"href":"https:\/\/cottonland.shop\/fr\/wp-json\/wp\/v2\/comments?post=30518"}],"version-history":[{"count":0,"href":"https:\/\/cottonland.shop\/fr\/wp-json\/wp\/v2\/product\/30518\/revisions"}],"wp:featuredmedia":[{"embeddable":true,"href":"https:\/\/cottonland.shop\/fr\/wp-json\/wp\/v2\/media\/30201"}],"wp:attachment":[{"href":"https:\/\/cottonland.shop\/fr\/wp-json\/wp\/v2\/media?parent=30518"}],"wp:term":[{"taxonomy":"product_brand","embeddable":true,"href":"https:\/\/cottonland.shop\/fr\/wp-json\/wp\/v2\/product_brand?post=30518"},{"taxonomy":"product_cat","embeddable":true,"href":"https:\/\/cottonland.shop\/fr\/wp-json\/wp\/v2\/product_cat?post=30518"},{"taxonomy":"product_tag","embeddable":true,"href":"https:\/\/cottonland.shop\/fr\/wp-json\/wp\/v2\/product_tag?post=30518"}],"curies":[{"name":"wp","href":"https:\/\/api.w.org\/{rel}","templated":true}]}}