{"id":30538,"date":"2025-11-16T01:15:48","date_gmt":"2025-11-16T01:15:48","guid":{"rendered":"https:\/\/cottonland.shop\/?post_type=product&#038;p=30538"},"modified":"2025-11-20T20:56:46","modified_gmt":"2025-11-20T20:56:46","slug":"denim-jacket-teddy-bear-four-pieces-set-for-10cm-cotton-doll","status":"publish","type":"product","link":"https:\/\/cottonland.shop\/fr\/produit\/denim-jacket-teddy-bear-four-pieces-set-for-10cm-cotton-doll\/","title":{"rendered":"Veste en Denim Teddy Bear Quatre Pi\u00e8ces pour Poup\u00e9e en Coton 10cm"},"content":{"rendered":"","protected":false},"excerpt":{"rendered":"<p data-start=\"157\" data-end=\"249\"><strong data-start=\"157\" data-end=\"177\">D\u00e9lai de traitement :<\/strong> <strong data-start=\"178\" data-end=\"190\">5-7 jours<\/strong><br data-start=\"190\" data-end=\"193\" \/><strong data-start=\"193\" data-end=\"211\">Compatibilit\u00e9 :<\/strong> Convient \u00e0 la plupart des poup\u00e9es de 10 cm \u00e0 pose debout.<\/p>\n<p data-start=\"251\" data-end=\"535\"><strong data-start=\"251\" data-end=\"269\">Artisanat :<\/strong> Fabrication artisanale haut de gamme<br data-start=\"301\" data-end=\"304\" \/><strong data-start=\"304\" data-end=\"316\">D\u00e9tails :<\/strong> Le <strong data-start=\"321\" data-end=\"348\">Veste en jean Teddy Bear<\/strong> offre un look cool et d\u00e9contract\u00e9 \u00e0 votre poup\u00e9e. L'ensemble <strong data-start=\"402\" data-end=\"421\">Ensemble de quatre pi\u00e8ces<\/strong> comprend une veste en jean \u00e9l\u00e9gante, parfaite pour une apparence d\u00e9contract\u00e9e et \u00e0 la mode, avec une adorable touche d'ourson.<\/p>\n<p data-start=\"537\" data-end=\"581\"><strong data-start=\"537\" data-end=\"546\">Remarque :<\/strong> Ensemble seulement. La poup\u00e9e n'est pas incluse.<\/p>","protected":false},"featured_media":30244,"comment_status":"open","ping_status":"closed","template":"","meta":[],"product_brand":[],"product_cat":[117,81],"product_tag":[],"class_list":{"0":"post-30538","1":"product","2":"type-product","3":"status-publish","4":"has-post-thumbnail","6":"product_cat-doll-outfits-accessories","7":"product_cat-10cm-doll-outfit","9":"first","10":"instock","11":"shipping-taxable","12":"purchasable","13":"product-type-variable"},"jetpack_sharing_enabled":true,"_links":{"self":[{"href":"https:\/\/cottonland.shop\/fr\/wp-json\/wp\/v2\/product\/30538","targetHints":{"allow":["GET"]}}],"collection":[{"href":"https:\/\/cottonland.shop\/fr\/wp-json\/wp\/v2\/product"}],"about":[{"href":"https:\/\/cottonland.shop\/fr\/wp-json\/wp\/v2\/types\/product"}],"replies":[{"embeddable":true,"href":"https:\/\/cottonland.shop\/fr\/wp-json\/wp\/v2\/comments?post=30538"}],"version-history":[{"count":0,"href":"https:\/\/cottonland.shop\/fr\/wp-json\/wp\/v2\/product\/30538\/revisions"}],"wp:featuredmedia":[{"embeddable":true,"href":"https:\/\/cottonland.shop\/fr\/wp-json\/wp\/v2\/media\/30244"}],"wp:attachment":[{"href":"https:\/\/cottonland.shop\/fr\/wp-json\/wp\/v2\/media?parent=30538"}],"wp:term":[{"taxonomy":"product_brand","embeddable":true,"href":"https:\/\/cottonland.shop\/fr\/wp-json\/wp\/v2\/product_brand?post=30538"},{"taxonomy":"product_cat","embeddable":true,"href":"https:\/\/cottonland.shop\/fr\/wp-json\/wp\/v2\/product_cat?post=30538"},{"taxonomy":"product_tag","embeddable":true,"href":"https:\/\/cottonland.shop\/fr\/wp-json\/wp\/v2\/product_tag?post=30538"}],"curies":[{"name":"wp","href":"https:\/\/api.w.org\/{rel}","templated":true}]}}