{"id":30539,"date":"2025-11-16T01:17:29","date_gmt":"2025-11-16T01:17:29","guid":{"rendered":"https:\/\/cottonland.shop\/?post_type=product&#038;p=30539"},"modified":"2025-11-20T17:07:34","modified_gmt":"2025-11-20T17:07:34","slug":"rock-music-festival-seven-pieces-set-for-20cm-cotton-doll","status":"publish","type":"product","link":"https:\/\/cottonland.shop\/fr\/produit\/rock-music-festival-seven-pieces-set-for-20cm-cotton-doll\/","title":{"rendered":"Festival de musique rock - Set de sept pi\u00e8ces pour poup\u00e9e en coton de 20 cm"},"content":{"rendered":"","protected":false},"excerpt":{"rendered":"<p data-start=\"155\" data-end=\"247\"><strong data-start=\"155\" data-end=\"175\">D\u00e9lai de traitement :<\/strong> <strong data-start=\"176\" data-end=\"188\">5-7 jours<\/strong><br data-start=\"188\" data-end=\"191\" \/><strong data-start=\"191\" data-end=\"209\">Compatibilit\u00e9 :<\/strong> Convient \u00e0 la plupart des poup\u00e9es de 20 cm \u00e0 pose debout.<\/p>\n<p data-start=\"249\" data-end=\"556\"><strong data-start=\"249\" data-end=\"267\">Artisanat :<\/strong> Fabrication artisanale haut de gamme<br data-start=\"299\" data-end=\"302\" \/><strong data-start=\"302\" data-end=\"314\">D\u00e9tails :<\/strong> Le <strong data-start=\"319\" data-end=\"342\">Festival de musique rock<\/strong> apporte une touche audacieuse et \u00e9nergique \u00e0 votre poup\u00e9e. L'ensemble <strong data-start=\"395\" data-end=\"415\">Ensemble de sept pi\u00e8ces<\/strong> comprend tous les \u00e9l\u00e9ments essentiels pour un look de festival inspir\u00e9 du rock, avec des d\u00e9tails et des accessoires qui capturent l'esprit de la musique et du style.<\/p>\n<p data-start=\"558\" data-end=\"602\"><strong data-start=\"558\" data-end=\"567\">Remarque :<\/strong> Ensemble seulement. La poup\u00e9e n'est pas incluse.<\/p>","protected":false},"featured_media":30252,"comment_status":"open","ping_status":"closed","template":"","meta":[],"product_brand":[],"product_cat":[117,83],"product_tag":[],"class_list":{"0":"post-30539","1":"product","2":"type-product","3":"status-publish","4":"has-post-thumbnail","6":"product_cat-doll-outfits-accessories","7":"product_cat-20cm-doll-outfit","9":"first","10":"instock","11":"shipping-taxable","12":"purchasable","13":"product-type-variable"},"jetpack_sharing_enabled":true,"_links":{"self":[{"href":"https:\/\/cottonland.shop\/fr\/wp-json\/wp\/v2\/product\/30539","targetHints":{"allow":["GET"]}}],"collection":[{"href":"https:\/\/cottonland.shop\/fr\/wp-json\/wp\/v2\/product"}],"about":[{"href":"https:\/\/cottonland.shop\/fr\/wp-json\/wp\/v2\/types\/product"}],"replies":[{"embeddable":true,"href":"https:\/\/cottonland.shop\/fr\/wp-json\/wp\/v2\/comments?post=30539"}],"version-history":[{"count":0,"href":"https:\/\/cottonland.shop\/fr\/wp-json\/wp\/v2\/product\/30539\/revisions"}],"wp:featuredmedia":[{"embeddable":true,"href":"https:\/\/cottonland.shop\/fr\/wp-json\/wp\/v2\/media\/30252"}],"wp:attachment":[{"href":"https:\/\/cottonland.shop\/fr\/wp-json\/wp\/v2\/media?parent=30539"}],"wp:term":[{"taxonomy":"product_brand","embeddable":true,"href":"https:\/\/cottonland.shop\/fr\/wp-json\/wp\/v2\/product_brand?post=30539"},{"taxonomy":"product_cat","embeddable":true,"href":"https:\/\/cottonland.shop\/fr\/wp-json\/wp\/v2\/product_cat?post=30539"},{"taxonomy":"product_tag","embeddable":true,"href":"https:\/\/cottonland.shop\/fr\/wp-json\/wp\/v2\/product_tag?post=30539"}],"curies":[{"name":"wp","href":"https:\/\/api.w.org\/{rel}","templated":true}]}}