{"id":30541,"date":"2025-11-16T01:23:52","date_gmt":"2025-11-16T01:23:52","guid":{"rendered":"https:\/\/cottonland.shop\/?post_type=product&#038;p=30541"},"modified":"2025-11-20T20:44:21","modified_gmt":"2025-11-20T20:44:21","slug":"chinese-young-master-six-pieces-set-for-10cm-cotton-doll","status":"publish","type":"product","link":"https:\/\/cottonland.shop\/fr\/produit\/chinese-young-master-six-pieces-set-for-10cm-cotton-doll\/","title":{"rendered":"Set de six pi\u00e8ces pour poup\u00e9e de coton de 10 cm du jeune ma\u00eetre chinois"},"content":{"rendered":"","protected":false},"excerpt":{"rendered":"<p data-start=\"152\" data-end=\"244\"><strong data-start=\"152\" data-end=\"172\">D\u00e9lai de traitement :<\/strong> <strong data-start=\"173\" data-end=\"185\">5-7 jours<\/strong><br data-start=\"185\" data-end=\"188\" \/><strong data-start=\"188\" data-end=\"206\">Compatibilit\u00e9 :<\/strong> Convient \u00e0 la plupart des poup\u00e9es de 10 cm \u00e0 pose debout.<\/p>\n<p data-start=\"246\" data-end=\"589\"><strong data-start=\"246\" data-end=\"264\">Artisanat :<\/strong> Fabrication artisanale haut de gamme<br data-start=\"296\" data-end=\"299\" \/><strong data-start=\"299\" data-end=\"311\">D\u00e9tails :<\/strong> Le <strong data-start=\"316\" data-end=\"340\">Jeune ma\u00eetre chinois<\/strong> apporte une \u00e9l\u00e9gance traditionnelle \u00e0 votre poup\u00e9e. L'ensemble <strong data-start=\"391\" data-end=\"409\">Ensemble de six pi\u00e8ces<\/strong> comprend une tenue raffin\u00e9e, parfaite pour repr\u00e9senter un jeune ma\u00eetre avec une touche classique et culturelle. Cet ensemble allie sophistication et charme, et donne vie \u00e0 votre poup\u00e9e avec style.<\/p>\n<p data-start=\"591\" data-end=\"635\"><strong data-start=\"591\" data-end=\"600\">Remarque :<\/strong> Ensemble seulement. La poup\u00e9e n'est pas incluse.<\/p>","protected":false},"featured_media":30266,"comment_status":"open","ping_status":"closed","template":"","meta":[],"product_brand":[],"product_cat":[117,81],"product_tag":[],"class_list":{"0":"post-30541","1":"product","2":"type-product","3":"status-publish","4":"has-post-thumbnail","6":"product_cat-doll-outfits-accessories","7":"product_cat-10cm-doll-outfit","9":"first","10":"instock","11":"shipping-taxable","12":"purchasable","13":"product-type-variable"},"jetpack_sharing_enabled":true,"_links":{"self":[{"href":"https:\/\/cottonland.shop\/fr\/wp-json\/wp\/v2\/product\/30541","targetHints":{"allow":["GET"]}}],"collection":[{"href":"https:\/\/cottonland.shop\/fr\/wp-json\/wp\/v2\/product"}],"about":[{"href":"https:\/\/cottonland.shop\/fr\/wp-json\/wp\/v2\/types\/product"}],"replies":[{"embeddable":true,"href":"https:\/\/cottonland.shop\/fr\/wp-json\/wp\/v2\/comments?post=30541"}],"version-history":[{"count":0,"href":"https:\/\/cottonland.shop\/fr\/wp-json\/wp\/v2\/product\/30541\/revisions"}],"wp:featuredmedia":[{"embeddable":true,"href":"https:\/\/cottonland.shop\/fr\/wp-json\/wp\/v2\/media\/30266"}],"wp:attachment":[{"href":"https:\/\/cottonland.shop\/fr\/wp-json\/wp\/v2\/media?parent=30541"}],"wp:term":[{"taxonomy":"product_brand","embeddable":true,"href":"https:\/\/cottonland.shop\/fr\/wp-json\/wp\/v2\/product_brand?post=30541"},{"taxonomy":"product_cat","embeddable":true,"href":"https:\/\/cottonland.shop\/fr\/wp-json\/wp\/v2\/product_cat?post=30541"},{"taxonomy":"product_tag","embeddable":true,"href":"https:\/\/cottonland.shop\/fr\/wp-json\/wp\/v2\/product_tag?post=30541"}],"curies":[{"name":"wp","href":"https:\/\/api.w.org\/{rel}","templated":true}]}}