{"id":30557,"date":"2025-11-16T01:51:22","date_gmt":"2025-11-16T01:51:22","guid":{"rendered":"https:\/\/cottonland.shop\/?post_type=product&#038;p=30557"},"modified":"2025-11-20T17:07:32","modified_gmt":"2025-11-20T17:07:32","slug":"international-transfer-student-four-pieces-set-for-20cm-cotton-doll","status":"publish","type":"product","link":"https:\/\/cottonland.shop\/fr\/produit\/international-transfer-student-four-pieces-set-for-20cm-cotton-doll\/","title":{"rendered":"Etudiante internationale transf\u00e9r\u00e9e Ensemble de quatre pi\u00e8ces pour poup\u00e9e de coton de 20 cm"},"content":{"rendered":"","protected":false},"excerpt":{"rendered":"<p data-start=\"200\" data-end=\"292\"><strong data-start=\"200\" data-end=\"220\">D\u00e9lai de traitement :<\/strong> <strong data-start=\"221\" data-end=\"233\">5-7 jours<\/strong><br data-start=\"233\" data-end=\"236\" \/><strong data-start=\"236\" data-end=\"254\">Compatibilit\u00e9 :<\/strong> Convient \u00e0 la plupart des poup\u00e9es de 20 cm \u00e0 pose debout.<\/p>\n<p data-start=\"294\" data-end=\"630\"><strong data-start=\"294\" data-end=\"312\">Artisanat :<\/strong> Fabrication artisanale haut de gamme<br data-start=\"344\" data-end=\"347\" \/><strong data-start=\"347\" data-end=\"359\">D\u00e9tails :<\/strong> Le <strong data-start=\"364\" data-end=\"398\">\u00c9tudiant international transf\u00e9r\u00e9<\/strong> ajoute une touche acad\u00e9mique \u00e0 votre poup\u00e9e. L'ensemble <strong data-start=\"444\" data-end=\"469\">Ensemble de quatre pi\u00e8ces noir<\/strong> offre une apparence \u00e9l\u00e9gante et formelle, tandis que la <strong data-start=\"515\" data-end=\"540\">Ensemble quatre pi\u00e8ces blanc<\/strong> offre un look clair et net. Les deux ensembles sont parfaits pour une ambiance raffin\u00e9e d'inspiration \u00e9tudiante.<\/p>\n<p data-start=\"632\" data-end=\"676\"><strong data-start=\"632\" data-end=\"641\">Remarque :<\/strong> Ensemble seulement. La poup\u00e9e n'est pas incluse.<\/p>","protected":false},"featured_media":30279,"comment_status":"open","ping_status":"closed","template":"","meta":[],"product_brand":[],"product_cat":[117,83],"product_tag":[],"class_list":{"0":"post-30557","1":"product","2":"type-product","3":"status-publish","4":"has-post-thumbnail","6":"product_cat-doll-outfits-accessories","7":"product_cat-20cm-doll-outfit","9":"first","10":"instock","11":"shipping-taxable","12":"purchasable","13":"product-type-variable"},"jetpack_sharing_enabled":true,"_links":{"self":[{"href":"https:\/\/cottonland.shop\/fr\/wp-json\/wp\/v2\/product\/30557","targetHints":{"allow":["GET"]}}],"collection":[{"href":"https:\/\/cottonland.shop\/fr\/wp-json\/wp\/v2\/product"}],"about":[{"href":"https:\/\/cottonland.shop\/fr\/wp-json\/wp\/v2\/types\/product"}],"replies":[{"embeddable":true,"href":"https:\/\/cottonland.shop\/fr\/wp-json\/wp\/v2\/comments?post=30557"}],"version-history":[{"count":0,"href":"https:\/\/cottonland.shop\/fr\/wp-json\/wp\/v2\/product\/30557\/revisions"}],"wp:featuredmedia":[{"embeddable":true,"href":"https:\/\/cottonland.shop\/fr\/wp-json\/wp\/v2\/media\/30279"}],"wp:attachment":[{"href":"https:\/\/cottonland.shop\/fr\/wp-json\/wp\/v2\/media?parent=30557"}],"wp:term":[{"taxonomy":"product_brand","embeddable":true,"href":"https:\/\/cottonland.shop\/fr\/wp-json\/wp\/v2\/product_brand?post=30557"},{"taxonomy":"product_cat","embeddable":true,"href":"https:\/\/cottonland.shop\/fr\/wp-json\/wp\/v2\/product_cat?post=30557"},{"taxonomy":"product_tag","embeddable":true,"href":"https:\/\/cottonland.shop\/fr\/wp-json\/wp\/v2\/product_tag?post=30557"}],"curies":[{"name":"wp","href":"https:\/\/api.w.org\/{rel}","templated":true}]}}