{"id":30570,"date":"2025-11-16T01:59:04","date_gmt":"2025-11-16T01:59:04","guid":{"rendered":"https:\/\/cottonland.shop\/?post_type=product&#038;p=30570"},"modified":"2025-11-20T17:07:32","modified_gmt":"2025-11-20T17:07:32","slug":"belted-uniform-six-pieces-set-for-10cm-cotton-doll","status":"publish","type":"product","link":"https:\/\/cottonland.shop\/fr\/produit\/belted-uniform-six-pieces-set-for-10cm-cotton-doll\/","title":{"rendered":"Uniforme ceintur\u00e9 Six pi\u00e8ces pour poup\u00e9e de coton 10cm"},"content":{"rendered":"","protected":false},"excerpt":{"rendered":"<p data-start=\"181\" data-end=\"273\"><strong data-start=\"181\" data-end=\"201\">D\u00e9lai de traitement :<\/strong> <strong data-start=\"202\" data-end=\"214\">5-7 jours<\/strong><br data-start=\"214\" data-end=\"217\" \/><strong data-start=\"217\" data-end=\"235\">Compatibilit\u00e9 :<\/strong> Convient \u00e0 la plupart des poup\u00e9es de 10 cm \u00e0 pose debout.<\/p>\n<p data-start=\"275\" data-end=\"621\"><strong data-start=\"275\" data-end=\"293\">Artisanat :<\/strong> Fabrication artisanale haut de gamme<br data-start=\"325\" data-end=\"328\" \/><strong data-start=\"328\" data-end=\"340\">D\u00e9tails :<\/strong> Le <strong data-start=\"345\" data-end=\"363\">Uniforme ceintur\u00e9<\/strong> offre un look chic et raffin\u00e9 \u00e0 votre poup\u00e9e. L'ensemble <strong data-start=\"416\" data-end=\"440\">Ensemble noir six pi\u00e8ces<\/strong> L'uniforme noir est \u00e9l\u00e9gant et formel, tandis que l'\u00e9quipe de la <strong data-start=\"494\" data-end=\"518\">Set de six pi\u00e8ces blanc<\/strong> Les deux sont compl\u00e9t\u00e9s par des ceintures \u00e9l\u00e9gantes qui ajoutent une touche de sophistication.<\/p>\n<p data-start=\"623\" data-end=\"667\"><strong data-start=\"623\" data-end=\"632\">Remarque :<\/strong> Ensemble seulement. La poup\u00e9e n'est pas incluse.<\/p>","protected":false},"featured_media":30287,"comment_status":"open","ping_status":"closed","template":"","meta":[],"product_brand":[],"product_cat":[117,81],"product_tag":[],"class_list":{"0":"post-30570","1":"product","2":"type-product","3":"status-publish","4":"has-post-thumbnail","6":"product_cat-doll-outfits-accessories","7":"product_cat-10cm-doll-outfit","9":"first","10":"instock","11":"shipping-taxable","12":"purchasable","13":"product-type-variable"},"jetpack_sharing_enabled":true,"_links":{"self":[{"href":"https:\/\/cottonland.shop\/fr\/wp-json\/wp\/v2\/product\/30570","targetHints":{"allow":["GET"]}}],"collection":[{"href":"https:\/\/cottonland.shop\/fr\/wp-json\/wp\/v2\/product"}],"about":[{"href":"https:\/\/cottonland.shop\/fr\/wp-json\/wp\/v2\/types\/product"}],"replies":[{"embeddable":true,"href":"https:\/\/cottonland.shop\/fr\/wp-json\/wp\/v2\/comments?post=30570"}],"version-history":[{"count":0,"href":"https:\/\/cottonland.shop\/fr\/wp-json\/wp\/v2\/product\/30570\/revisions"}],"wp:featuredmedia":[{"embeddable":true,"href":"https:\/\/cottonland.shop\/fr\/wp-json\/wp\/v2\/media\/30287"}],"wp:attachment":[{"href":"https:\/\/cottonland.shop\/fr\/wp-json\/wp\/v2\/media?parent=30570"}],"wp:term":[{"taxonomy":"product_brand","embeddable":true,"href":"https:\/\/cottonland.shop\/fr\/wp-json\/wp\/v2\/product_brand?post=30570"},{"taxonomy":"product_cat","embeddable":true,"href":"https:\/\/cottonland.shop\/fr\/wp-json\/wp\/v2\/product_cat?post=30570"},{"taxonomy":"product_tag","embeddable":true,"href":"https:\/\/cottonland.shop\/fr\/wp-json\/wp\/v2\/product_tag?post=30570"}],"curies":[{"name":"wp","href":"https:\/\/api.w.org\/{rel}","templated":true}]}}