{"id":30571,"date":"2025-11-16T02:02:32","date_gmt":"2025-11-16T02:02:32","guid":{"rendered":"https:\/\/cottonland.shop\/?post_type=product&#038;p=30571"},"modified":"2025-11-20T17:07:31","modified_gmt":"2025-11-20T17:07:31","slug":"research-lab-uniform-four-pieces-set-for-10cm-cotton-doll","status":"publish","type":"product","link":"https:\/\/cottonland.shop\/fr\/produit\/research-lab-uniform-four-pieces-set-for-10cm-cotton-doll\/","title":{"rendered":"Uniforme de laboratoire de recherche - Ensemble de quatre pi\u00e8ces pour poup\u00e9e de coton de 10 cm"},"content":{"rendered":"","protected":false},"excerpt":{"rendered":"<p data-start=\"154\" data-end=\"246\"><strong data-start=\"154\" data-end=\"174\">D\u00e9lai de traitement :<\/strong> <strong data-start=\"175\" data-end=\"187\">5-7 jours<\/strong><br data-start=\"187\" data-end=\"190\" \/><strong data-start=\"190\" data-end=\"208\">Compatibilit\u00e9 :<\/strong> Convient \u00e0 la plupart des poup\u00e9es de 10 cm \u00e0 pose debout.<\/p>\n<p data-start=\"248\" data-end=\"539\"><strong data-start=\"248\" data-end=\"266\">Artisanat :<\/strong> Fabrication artisanale haut de gamme<br data-start=\"298\" data-end=\"301\" \/><strong data-start=\"301\" data-end=\"313\">D\u00e9tails :<\/strong> Le <strong data-start=\"318\" data-end=\"342\">Uniforme de laboratoire de recherche<\/strong> est con\u00e7u pour avoir une apparence intelligente et scientifique. L'ensemble <strong data-start=\"393\" data-end=\"412\">Ensemble de quatre pi\u00e8ces<\/strong> comprend tout ce qu'il faut pour une tenue inspir\u00e9e d'un laboratoire, parfaite pour que votre poup\u00e9e ait l'air professionnelle et pr\u00eate pour n'importe quelle exp\u00e9rience.<\/p>\n<p data-start=\"541\" data-end=\"585\"><strong data-start=\"541\" data-end=\"550\">Remarque :<\/strong> Ensemble seulement. La poup\u00e9e n'est pas incluse.<\/p>","protected":false},"featured_media":30294,"comment_status":"open","ping_status":"closed","template":"","meta":[],"product_brand":[],"product_cat":[117,81],"product_tag":[],"class_list":{"0":"post-30571","1":"product","2":"type-product","3":"status-publish","4":"has-post-thumbnail","6":"product_cat-doll-outfits-accessories","7":"product_cat-10cm-doll-outfit","9":"first","10":"instock","11":"shipping-taxable","12":"purchasable","13":"product-type-variable"},"jetpack_sharing_enabled":true,"_links":{"self":[{"href":"https:\/\/cottonland.shop\/fr\/wp-json\/wp\/v2\/product\/30571","targetHints":{"allow":["GET"]}}],"collection":[{"href":"https:\/\/cottonland.shop\/fr\/wp-json\/wp\/v2\/product"}],"about":[{"href":"https:\/\/cottonland.shop\/fr\/wp-json\/wp\/v2\/types\/product"}],"replies":[{"embeddable":true,"href":"https:\/\/cottonland.shop\/fr\/wp-json\/wp\/v2\/comments?post=30571"}],"version-history":[{"count":0,"href":"https:\/\/cottonland.shop\/fr\/wp-json\/wp\/v2\/product\/30571\/revisions"}],"wp:featuredmedia":[{"embeddable":true,"href":"https:\/\/cottonland.shop\/fr\/wp-json\/wp\/v2\/media\/30294"}],"wp:attachment":[{"href":"https:\/\/cottonland.shop\/fr\/wp-json\/wp\/v2\/media?parent=30571"}],"wp:term":[{"taxonomy":"product_brand","embeddable":true,"href":"https:\/\/cottonland.shop\/fr\/wp-json\/wp\/v2\/product_brand?post=30571"},{"taxonomy":"product_cat","embeddable":true,"href":"https:\/\/cottonland.shop\/fr\/wp-json\/wp\/v2\/product_cat?post=30571"},{"taxonomy":"product_tag","embeddable":true,"href":"https:\/\/cottonland.shop\/fr\/wp-json\/wp\/v2\/product_tag?post=30571"}],"curies":[{"name":"wp","href":"https:\/\/api.w.org\/{rel}","templated":true}]}}