{"id":30572,"date":"2025-11-16T02:05:57","date_gmt":"2025-11-16T02:05:57","guid":{"rendered":"https:\/\/cottonland.shop\/?post_type=product&#038;p=30572"},"modified":"2025-11-20T17:07:31","modified_gmt":"2025-11-20T17:07:31","slug":"aqua-healing-subculture-five-pieces-set-for-10cm-cotton-doll","status":"publish","type":"product","link":"https:\/\/cottonland.shop\/fr\/produit\/aqua-healing-subculture-five-pieces-set-for-10cm-cotton-doll\/","title":{"rendered":"Set de cinq pi\u00e8ces pour poup\u00e9e de coton de 10 cm Aqua Healing Subculture"},"content":{"rendered":"","protected":false},"excerpt":{"rendered":"<p data-start=\"157\" data-end=\"249\"><strong data-start=\"157\" data-end=\"177\">D\u00e9lai de traitement :<\/strong> <strong data-start=\"178\" data-end=\"190\">5-7 jours<\/strong><br data-start=\"190\" data-end=\"193\" \/><strong data-start=\"193\" data-end=\"211\">Compatibilit\u00e9 :<\/strong> Convient \u00e0 la plupart des poup\u00e9es de 10 cm \u00e0 pose debout.<\/p>\n<p data-start=\"251\" data-end=\"585\"><strong data-start=\"251\" data-end=\"269\">Artisanat :<\/strong> Fabrication artisanale haut de gamme<br data-start=\"301\" data-end=\"304\" \/><strong data-start=\"304\" data-end=\"316\">D\u00e9tails :<\/strong> Le <strong data-start=\"321\" data-end=\"348\">La sous-culture de l'aqua-cure<\/strong> apporte une touche rafra\u00eechissante et apaisante \u00e0 votre poup\u00e9e. L'ensemble <strong data-start=\"405\" data-end=\"424\">Ensemble de cinq pi\u00e8ces<\/strong> comprend tout ce dont votre poup\u00e9e a besoin pour un look cool, inspir\u00e9 de la sous-culture, avec des couleurs douces et apaisantes et des d\u00e9tails \u00e9l\u00e9gants qui capturent l'essence de la tranquillit\u00e9.<\/p>\n<p data-start=\"587\" data-end=\"631\"><strong data-start=\"587\" data-end=\"596\">Remarque :<\/strong> Ensemble seulement. La poup\u00e9e n'est pas incluse.<\/p>","protected":false},"featured_media":30298,"comment_status":"open","ping_status":"closed","template":"","meta":[],"product_brand":[],"product_cat":[117,81],"product_tag":[],"class_list":{"0":"post-30572","1":"product","2":"type-product","3":"status-publish","4":"has-post-thumbnail","6":"product_cat-doll-outfits-accessories","7":"product_cat-10cm-doll-outfit","9":"first","10":"instock","11":"shipping-taxable","12":"purchasable","13":"product-type-variable"},"jetpack_sharing_enabled":true,"_links":{"self":[{"href":"https:\/\/cottonland.shop\/fr\/wp-json\/wp\/v2\/product\/30572","targetHints":{"allow":["GET"]}}],"collection":[{"href":"https:\/\/cottonland.shop\/fr\/wp-json\/wp\/v2\/product"}],"about":[{"href":"https:\/\/cottonland.shop\/fr\/wp-json\/wp\/v2\/types\/product"}],"replies":[{"embeddable":true,"href":"https:\/\/cottonland.shop\/fr\/wp-json\/wp\/v2\/comments?post=30572"}],"version-history":[{"count":0,"href":"https:\/\/cottonland.shop\/fr\/wp-json\/wp\/v2\/product\/30572\/revisions"}],"wp:featuredmedia":[{"embeddable":true,"href":"https:\/\/cottonland.shop\/fr\/wp-json\/wp\/v2\/media\/30298"}],"wp:attachment":[{"href":"https:\/\/cottonland.shop\/fr\/wp-json\/wp\/v2\/media?parent=30572"}],"wp:term":[{"taxonomy":"product_brand","embeddable":true,"href":"https:\/\/cottonland.shop\/fr\/wp-json\/wp\/v2\/product_brand?post=30572"},{"taxonomy":"product_cat","embeddable":true,"href":"https:\/\/cottonland.shop\/fr\/wp-json\/wp\/v2\/product_cat?post=30572"},{"taxonomy":"product_tag","embeddable":true,"href":"https:\/\/cottonland.shop\/fr\/wp-json\/wp\/v2\/product_tag?post=30572"}],"curies":[{"name":"wp","href":"https:\/\/api.w.org\/{rel}","templated":true}]}}