{"id":30573,"date":"2025-11-16T02:07:49","date_gmt":"2025-11-16T02:07:49","guid":{"rendered":"https:\/\/cottonland.shop\/?post_type=product&#038;p=30573"},"modified":"2025-11-20T17:07:31","modified_gmt":"2025-11-20T17:07:31","slug":"glamorous-gold-trimmed-bunny-four-pieces-set-for-15cm-cotton-doll","status":"publish","type":"product","link":"https:\/\/cottonland.shop\/fr\/produit\/glamorous-gold-trimmed-bunny-four-pieces-set-for-15cm-cotton-doll\/","title":{"rendered":"Ensemble quatre pi\u00e8ces pour poup\u00e9e en coton de 15 cm, lapin dor\u00e9 glamour"},"content":{"rendered":"","protected":false},"excerpt":{"rendered":"<p data-start=\"162\" data-end=\"254\"><strong data-start=\"162\" data-end=\"182\">D\u00e9lai de traitement :<\/strong> <strong data-start=\"183\" data-end=\"195\">5-7 jours<\/strong><br data-start=\"195\" data-end=\"198\" \/><strong data-start=\"198\" data-end=\"216\">Compatibilit\u00e9 :<\/strong> Convient \u00e0 la plupart des poup\u00e9es de 15 cm \u00e0 pose debout.<\/p>\n<p data-start=\"256\" data-end=\"567\"><strong data-start=\"256\" data-end=\"274\">Artisanat :<\/strong> Fabrication artisanale haut de gamme<br data-start=\"306\" data-end=\"309\" \/><strong data-start=\"309\" data-end=\"321\">D\u00e9tails :<\/strong> Le <strong data-start=\"326\" data-end=\"358\">Lapin glamour bord\u00e9 d'or<\/strong> apporte une touche d'\u00e9l\u00e9gance et d'espi\u00e8glerie \u00e0 votre poup\u00e9e. L'ensemble <strong data-start=\"413\" data-end=\"432\">Ensemble de quatre pi\u00e8ces<\/strong> comprend une luxueuse tenue inspir\u00e9e d'un lapin, agr\u00e9ment\u00e9e d'une bordure dor\u00e9e pour une touche de sophistication, parfaite pour un look chic et fantaisiste.<\/p>\n<p data-start=\"569\" data-end=\"613\"><strong data-start=\"569\" data-end=\"578\">Remarque :<\/strong> Ensemble seulement. La poup\u00e9e n'est pas incluse.<\/p>","protected":false},"featured_media":30303,"comment_status":"open","ping_status":"closed","template":"","meta":[],"product_brand":[],"product_cat":[117,239],"product_tag":[],"class_list":{"0":"post-30573","1":"product","2":"type-product","3":"status-publish","4":"has-post-thumbnail","6":"product_cat-doll-outfits-accessories","7":"product_cat-15cm-doll-outfit","9":"first","10":"instock","11":"shipping-taxable","12":"purchasable","13":"product-type-variable"},"jetpack_sharing_enabled":true,"_links":{"self":[{"href":"https:\/\/cottonland.shop\/fr\/wp-json\/wp\/v2\/product\/30573","targetHints":{"allow":["GET"]}}],"collection":[{"href":"https:\/\/cottonland.shop\/fr\/wp-json\/wp\/v2\/product"}],"about":[{"href":"https:\/\/cottonland.shop\/fr\/wp-json\/wp\/v2\/types\/product"}],"replies":[{"embeddable":true,"href":"https:\/\/cottonland.shop\/fr\/wp-json\/wp\/v2\/comments?post=30573"}],"version-history":[{"count":0,"href":"https:\/\/cottonland.shop\/fr\/wp-json\/wp\/v2\/product\/30573\/revisions"}],"wp:featuredmedia":[{"embeddable":true,"href":"https:\/\/cottonland.shop\/fr\/wp-json\/wp\/v2\/media\/30303"}],"wp:attachment":[{"href":"https:\/\/cottonland.shop\/fr\/wp-json\/wp\/v2\/media?parent=30573"}],"wp:term":[{"taxonomy":"product_brand","embeddable":true,"href":"https:\/\/cottonland.shop\/fr\/wp-json\/wp\/v2\/product_brand?post=30573"},{"taxonomy":"product_cat","embeddable":true,"href":"https:\/\/cottonland.shop\/fr\/wp-json\/wp\/v2\/product_cat?post=30573"},{"taxonomy":"product_tag","embeddable":true,"href":"https:\/\/cottonland.shop\/fr\/wp-json\/wp\/v2\/product_tag?post=30573"}],"curies":[{"name":"wp","href":"https:\/\/api.w.org\/{rel}","templated":true}]}}