{"id":30585,"date":"2025-11-16T02:13:31","date_gmt":"2025-11-16T02:13:31","guid":{"rendered":"https:\/\/cottonland.shop\/?post_type=product&#038;p=30585"},"modified":"2025-11-20T20:49:34","modified_gmt":"2025-11-20T20:49:34","slug":"midnight-detective-four-pieces-set-for-10cm-cotton-doll","status":"publish","type":"product","link":"https:\/\/cottonland.shop\/fr\/produit\/midnight-detective-four-pieces-set-for-10cm-cotton-doll\/","title":{"rendered":"Midnight Detective Set de quatre pi\u00e8ces pour poup\u00e9e de coton de 10 cm"},"content":{"rendered":"","protected":false},"excerpt":{"rendered":"<p data-start=\"152\" data-end=\"244\"><strong data-start=\"152\" data-end=\"172\">D\u00e9lai de traitement :<\/strong> <strong data-start=\"173\" data-end=\"185\">5-7 jours<\/strong><br data-start=\"185\" data-end=\"188\" \/><strong data-start=\"188\" data-end=\"206\">Compatibilit\u00e9 :<\/strong> Convient \u00e0 la plupart des poup\u00e9es de 10 cm \u00e0 pose debout.<\/p>\n<p data-start=\"246\" data-end=\"585\"><strong data-start=\"246\" data-end=\"264\">Artisanat :<\/strong> Fabrication artisanale haut de gamme<br data-start=\"296\" data-end=\"299\" \/><strong data-start=\"299\" data-end=\"311\">D\u00e9tails :<\/strong> Le <strong data-start=\"316\" data-end=\"338\">D\u00e9tective de minuit<\/strong> est con\u00e7u pour que votre poup\u00e9e puisse r\u00e9soudre des myst\u00e8res avec style. L'ensemble <strong data-start=\"402\" data-end=\"421\">Ensemble de quatre pi\u00e8ces<\/strong> comprend tous les \u00e9l\u00e9ments essentiels pour un look de d\u00e9tective, avec des tons sombres et des d\u00e9tails subtils qui apportent une touche d'intrigue et de sophistication \u00e0 la tenue de votre poup\u00e9e.<\/p>\n<p data-start=\"587\" data-end=\"631\"><strong data-start=\"587\" data-end=\"596\">Remarque :<\/strong> Ensemble seulement. La poup\u00e9e n'est pas incluse.<\/p>","protected":false},"featured_media":30312,"comment_status":"open","ping_status":"closed","template":"","meta":[],"product_brand":[],"product_cat":[117,81],"product_tag":[],"class_list":{"0":"post-30585","1":"product","2":"type-product","3":"status-publish","4":"has-post-thumbnail","6":"product_cat-doll-outfits-accessories","7":"product_cat-10cm-doll-outfit","9":"first","10":"instock","11":"shipping-taxable","12":"purchasable","13":"product-type-variable"},"jetpack_sharing_enabled":true,"_links":{"self":[{"href":"https:\/\/cottonland.shop\/fr\/wp-json\/wp\/v2\/product\/30585","targetHints":{"allow":["GET"]}}],"collection":[{"href":"https:\/\/cottonland.shop\/fr\/wp-json\/wp\/v2\/product"}],"about":[{"href":"https:\/\/cottonland.shop\/fr\/wp-json\/wp\/v2\/types\/product"}],"replies":[{"embeddable":true,"href":"https:\/\/cottonland.shop\/fr\/wp-json\/wp\/v2\/comments?post=30585"}],"version-history":[{"count":0,"href":"https:\/\/cottonland.shop\/fr\/wp-json\/wp\/v2\/product\/30585\/revisions"}],"wp:featuredmedia":[{"embeddable":true,"href":"https:\/\/cottonland.shop\/fr\/wp-json\/wp\/v2\/media\/30312"}],"wp:attachment":[{"href":"https:\/\/cottonland.shop\/fr\/wp-json\/wp\/v2\/media?parent=30585"}],"wp:term":[{"taxonomy":"product_brand","embeddable":true,"href":"https:\/\/cottonland.shop\/fr\/wp-json\/wp\/v2\/product_brand?post=30585"},{"taxonomy":"product_cat","embeddable":true,"href":"https:\/\/cottonland.shop\/fr\/wp-json\/wp\/v2\/product_cat?post=30585"},{"taxonomy":"product_tag","embeddable":true,"href":"https:\/\/cottonland.shop\/fr\/wp-json\/wp\/v2\/product_tag?post=30585"}],"curies":[{"name":"wp","href":"https:\/\/api.w.org\/{rel}","templated":true}]}}