{"id":30596,"date":"2025-11-17T01:23:35","date_gmt":"2025-11-17T01:23:35","guid":{"rendered":"https:\/\/cottonland.shop\/?post_type=product&#038;p=30596"},"modified":"2025-12-08T17:49:04","modified_gmt":"2025-12-08T17:49:04","slug":"infinity-nikki-series-20cm-cotton-doll","status":"publish","type":"product","link":"https:\/\/cottonland.shop\/fr\/produit\/infinity-nikki-series-20cm-cotton-doll\/","title":{"rendered":"Poup\u00e9e en coton Infinity Nikki Series 20cm"},"content":{"rendered":"","protected":false},"excerpt":{"rendered":"<p data-start=\"204\" data-end=\"369\"><strong data-start=\"204\" data-end=\"224\">D\u00e9lai de traitement :<\/strong> <strong data-start=\"225\" data-end=\"237\">5-7 jours<\/strong><br data-start=\"237\" data-end=\"240\" \/><strong data-start=\"240\" data-end=\"258\">Compatibilit\u00e9 :<\/strong> Convient \u00e0 la plupart des tenues de 20 cm pour les poses debout.<br data-start=\"296\" data-end=\"299\" \/><strong data-start=\"299\" data-end=\"310\">Hauteur :<\/strong> 20cm<br data-start=\"315\" data-end=\"318\" \/><strong data-start=\"318\" data-end=\"334\">Posabilit\u00e9 :<\/strong> Oui, avec un squelette flexible<\/p>\n<p data-start=\"371\" data-end=\"747\"><strong data-start=\"371\" data-end=\"389\">Artisanat :<\/strong> Fabrication artisanale haut de gamme<br data-start=\"421\" data-end=\"424\" \/><strong data-start=\"424\" data-end=\"436\">D\u00e9tails :<\/strong> Le <strong data-start=\"441\" data-end=\"475\">S\u00e9rie Infinity Nikki<\/strong> donnent vie aux personnages du c\u00e9l\u00e8bre jeu. Chacune des <strong data-start=\"546\" data-end=\"564\">Bleuets chauds<\/strong>, <strong data-start=\"566\" data-end=\"580\">P\u00eache chaude<\/strong>, <strong data-start=\"582\" data-end=\"595\">Puff Warm<\/strong>, et <strong data-start=\"601\" data-end=\"620\">Haricots doux chauds<\/strong> sont dot\u00e9es d'oreilles de chat et de lapin d\u00e9tachables, ce qui ajoute une touche de mignonnerie suppl\u00e9mentaire \u00e0 leur apparence d\u00e9j\u00e0 adorable.<\/p>\n<p data-start=\"749\" data-end=\"824\"><strong data-start=\"749\" data-end=\"758\">Remarque :<\/strong> Poup\u00e9e uniquement. La tenue n'est pas incluse. Il s'agit d'une poup\u00e9e, pas d'une tenue.<\/p>","protected":false},"featured_media":30614,"comment_status":"open","ping_status":"closed","template":"","meta":[],"product_brand":[],"product_cat":[116,85],"product_tag":[],"class_list":{"0":"post-30596","1":"product","2":"type-product","3":"status-publish","4":"has-post-thumbnail","6":"product_cat-cotton-dolls","7":"product_cat-20cm-dolls","9":"first","10":"instock","11":"shipping-taxable","12":"purchasable","13":"product-type-variable"},"jetpack_sharing_enabled":true,"_links":{"self":[{"href":"https:\/\/cottonland.shop\/fr\/wp-json\/wp\/v2\/product\/30596","targetHints":{"allow":["GET"]}}],"collection":[{"href":"https:\/\/cottonland.shop\/fr\/wp-json\/wp\/v2\/product"}],"about":[{"href":"https:\/\/cottonland.shop\/fr\/wp-json\/wp\/v2\/types\/product"}],"replies":[{"embeddable":true,"href":"https:\/\/cottonland.shop\/fr\/wp-json\/wp\/v2\/comments?post=30596"}],"version-history":[{"count":0,"href":"https:\/\/cottonland.shop\/fr\/wp-json\/wp\/v2\/product\/30596\/revisions"}],"wp:featuredmedia":[{"embeddable":true,"href":"https:\/\/cottonland.shop\/fr\/wp-json\/wp\/v2\/media\/30614"}],"wp:attachment":[{"href":"https:\/\/cottonland.shop\/fr\/wp-json\/wp\/v2\/media?parent=30596"}],"wp:term":[{"taxonomy":"product_brand","embeddable":true,"href":"https:\/\/cottonland.shop\/fr\/wp-json\/wp\/v2\/product_brand?post=30596"},{"taxonomy":"product_cat","embeddable":true,"href":"https:\/\/cottonland.shop\/fr\/wp-json\/wp\/v2\/product_cat?post=30596"},{"taxonomy":"product_tag","embeddable":true,"href":"https:\/\/cottonland.shop\/fr\/wp-json\/wp\/v2\/product_tag?post=30596"}],"curies":[{"name":"wp","href":"https:\/\/api.w.org\/{rel}","templated":true}]}}