{"id":30603,"date":"2025-11-17T02:21:46","date_gmt":"2025-11-17T02:21:46","guid":{"rendered":"https:\/\/cottonland.shop\/?post_type=product&#038;p=30603"},"modified":"2025-11-20T17:42:32","modified_gmt":"2025-11-20T17:42:32","slug":"maple-syrup-pear-seven-pieces-set-for-20cm-cotton-doll","status":"publish","type":"product","link":"https:\/\/cottonland.shop\/fr\/produit\/maple-syrup-pear-seven-pieces-set-for-20cm-cotton-doll\/","title":{"rendered":"Set de sept pi\u00e8ces pour poup\u00e9e en coton de 20 cm - Poire au sirop d'\u00e9rable"},"content":{"rendered":"","protected":false},"excerpt":{"rendered":"<p data-start=\"157\" data-end=\"320\"><strong data-start=\"157\" data-end=\"177\">D\u00e9lai de traitement :<\/strong> <strong data-start=\"178\" data-end=\"190\">5-7 jours<\/strong><br data-start=\"190\" data-end=\"193\" \/><strong data-start=\"193\" data-end=\"211\">Compatibilit\u00e9 :<\/strong> Convient \u00e0 la plupart des poup\u00e9es de 20 cm \u00e0 pose debout.<br data-start=\"247\" data-end=\"250\" \/><strong data-start=\"250\" data-end=\"261\">Hauteur :<\/strong> 20cm<\/p>\n<p data-start=\"322\" data-end=\"658\"><strong data-start=\"322\" data-end=\"340\">Artisanat :<\/strong> Fabrication artisanale haut de gamme<br data-start=\"372\" data-end=\"375\" \/><strong data-start=\"375\" data-end=\"387\">D\u00e9tails :<\/strong> Le <strong data-start=\"392\" data-end=\"412\">Poire au sirop d'\u00e9rable<\/strong> offre \u00e0 votre poup\u00e9e un look douillet inspir\u00e9 de l'automne. L'ensemble <strong data-start=\"472\" data-end=\"497\">Ensemble complet de sept pi\u00e8ces<\/strong> comprend tout ce qu'il faut pour une tenue charmante et \u00e9l\u00e9gante, compl\u00e9t\u00e9e par des accessoires qui apportent une touche de chaleur et de douceur, parfaite pour la saison d'automne.<\/p>\n<p data-start=\"660\" data-end=\"704\"><strong data-start=\"660\" data-end=\"669\">Remarque :<\/strong> Ensemble seulement. La poup\u00e9e n'est pas incluse.<\/p>","protected":false},"featured_media":30650,"comment_status":"open","ping_status":"closed","template":"","meta":[],"product_brand":[],"product_cat":[117,83],"product_tag":[],"class_list":{"0":"post-30603","1":"product","2":"type-product","3":"status-publish","4":"has-post-thumbnail","6":"product_cat-doll-outfits-accessories","7":"product_cat-20cm-doll-outfit","9":"first","10":"instock","11":"shipping-taxable","12":"purchasable","13":"product-type-variable"},"jetpack_sharing_enabled":true,"_links":{"self":[{"href":"https:\/\/cottonland.shop\/fr\/wp-json\/wp\/v2\/product\/30603","targetHints":{"allow":["GET"]}}],"collection":[{"href":"https:\/\/cottonland.shop\/fr\/wp-json\/wp\/v2\/product"}],"about":[{"href":"https:\/\/cottonland.shop\/fr\/wp-json\/wp\/v2\/types\/product"}],"replies":[{"embeddable":true,"href":"https:\/\/cottonland.shop\/fr\/wp-json\/wp\/v2\/comments?post=30603"}],"version-history":[{"count":0,"href":"https:\/\/cottonland.shop\/fr\/wp-json\/wp\/v2\/product\/30603\/revisions"}],"wp:featuredmedia":[{"embeddable":true,"href":"https:\/\/cottonland.shop\/fr\/wp-json\/wp\/v2\/media\/30650"}],"wp:attachment":[{"href":"https:\/\/cottonland.shop\/fr\/wp-json\/wp\/v2\/media?parent=30603"}],"wp:term":[{"taxonomy":"product_brand","embeddable":true,"href":"https:\/\/cottonland.shop\/fr\/wp-json\/wp\/v2\/product_brand?post=30603"},{"taxonomy":"product_cat","embeddable":true,"href":"https:\/\/cottonland.shop\/fr\/wp-json\/wp\/v2\/product_cat?post=30603"},{"taxonomy":"product_tag","embeddable":true,"href":"https:\/\/cottonland.shop\/fr\/wp-json\/wp\/v2\/product_tag?post=30603"}],"curies":[{"name":"wp","href":"https:\/\/api.w.org\/{rel}","templated":true}]}}