{"id":30606,"date":"2025-11-17T02:07:46","date_gmt":"2025-11-17T02:07:46","guid":{"rendered":"https:\/\/cottonland.shop\/?post_type=product&#038;p=30606"},"modified":"2025-11-21T02:30:25","modified_gmt":"2025-11-21T02:30:25","slug":"little-douli-10cm-cotton-doll","status":"publish","type":"product","link":"https:\/\/cottonland.shop\/fr\/produit\/little-douli-10cm-cotton-doll\/","title":{"rendered":"Poup\u00e9e en coton Little Douli 10cm"},"content":{"rendered":"","protected":false},"excerpt":{"rendered":"<p data-start=\"178\" data-end=\"291\"><strong data-start=\"178\" data-end=\"198\">D\u00e9lai de traitement :<\/strong> 15<strong data-start=\"199\" data-end=\"211\">\u00a0Jours<\/strong><br data-start=\"211\" data-end=\"214\" \/><strong data-start=\"214\" data-end=\"232\">Compatibilit\u00e9 :<\/strong> Convient \u00e0 la plupart des tenues de 10 cm pour les poses debout.<br data-start=\"270\" data-end=\"273\" \/><strong data-start=\"273\" data-end=\"284\">Hauteur :<\/strong> 10cm<br \/>\n<strong data-start=\"283\" data-end=\"299\">Posabilit\u00e9 :<\/strong> Oui, avec un squelette flexible<\/p>\n<p data-start=\"293\" data-end=\"635\"><strong data-start=\"293\" data-end=\"311\">Artisanat :<\/strong> Fabrication artisanale haut de gamme<br data-start=\"343\" data-end=\"346\" \/><strong data-start=\"346\" data-end=\"358\">D\u00e9tails :<\/strong> Le <strong data-start=\"363\" data-end=\"379\">Petit Douli<\/strong> La poup\u00e9e offre un design doux et charmant. La poup\u00e9e <strong data-start=\"425\" data-end=\"439\">Poup\u00e9e nue<\/strong> est parfait pour ceux qui veulent personnaliser et habiller leur poup\u00e9e, tandis que le <strong data-start=\"515\" data-end=\"537\">Ensemble deux pi\u00e8ces Ours<\/strong> ajoute une adorable tenue sur le th\u00e8me de l'ours, avec les accessoires assortis pour un look douillet et mignon.<\/p>\n<p data-start=\"637\" data-end=\"756\"><strong data-start=\"651\" data-end=\"660\">Remarque :<\/strong> <strong data-start=\"661\" data-end=\"675\">Poup\u00e9e nue<\/strong> signifie juste la poup\u00e9e elle-m\u00eame, pas de tenue incluse. Pour les options avec tenues, veuillez noter que la tenue est incluse et pr\u00eate \u00e0 \u00eatre port\u00e9e par votre poup\u00e9e.<\/p>","protected":false},"featured_media":30655,"comment_status":"open","ping_status":"closed","template":"","meta":[],"product_brand":[],"product_cat":[116,80],"product_tag":[],"class_list":{"0":"post-30606","1":"product","2":"type-product","3":"status-publish","4":"has-post-thumbnail","6":"product_cat-cotton-dolls","7":"product_cat-10cm-dolls","9":"first","10":"instock","11":"shipping-taxable","12":"purchasable","13":"product-type-variable"},"jetpack_sharing_enabled":true,"_links":{"self":[{"href":"https:\/\/cottonland.shop\/fr\/wp-json\/wp\/v2\/product\/30606","targetHints":{"allow":["GET"]}}],"collection":[{"href":"https:\/\/cottonland.shop\/fr\/wp-json\/wp\/v2\/product"}],"about":[{"href":"https:\/\/cottonland.shop\/fr\/wp-json\/wp\/v2\/types\/product"}],"replies":[{"embeddable":true,"href":"https:\/\/cottonland.shop\/fr\/wp-json\/wp\/v2\/comments?post=30606"}],"version-history":[{"count":0,"href":"https:\/\/cottonland.shop\/fr\/wp-json\/wp\/v2\/product\/30606\/revisions"}],"wp:featuredmedia":[{"embeddable":true,"href":"https:\/\/cottonland.shop\/fr\/wp-json\/wp\/v2\/media\/30655"}],"wp:attachment":[{"href":"https:\/\/cottonland.shop\/fr\/wp-json\/wp\/v2\/media?parent=30606"}],"wp:term":[{"taxonomy":"product_brand","embeddable":true,"href":"https:\/\/cottonland.shop\/fr\/wp-json\/wp\/v2\/product_brand?post=30606"},{"taxonomy":"product_cat","embeddable":true,"href":"https:\/\/cottonland.shop\/fr\/wp-json\/wp\/v2\/product_cat?post=30606"},{"taxonomy":"product_tag","embeddable":true,"href":"https:\/\/cottonland.shop\/fr\/wp-json\/wp\/v2\/product_tag?post=30606"}],"curies":[{"name":"wp","href":"https:\/\/api.w.org\/{rel}","templated":true}]}}