{"id":30745,"date":"2025-11-17T02:39:11","date_gmt":"2025-11-17T02:39:11","guid":{"rendered":"https:\/\/cottonland.shop\/?post_type=product&#038;p=30745"},"modified":"2025-11-17T02:39:12","modified_gmt":"2025-11-17T02:39:12","slug":"little-bunny-sheriff-fox-agent-series-for-40cm-cotton-doll","status":"publish","type":"product","link":"https:\/\/cottonland.shop\/fr\/produit\/little-bunny-sheriff-fox-agent-series-for-40cm-cotton-doll\/","title":{"rendered":"Little Bunny Sheriff &amp; Fox Agent Series pour poup\u00e9e en coton de 40cm"},"content":{"rendered":"","protected":false},"excerpt":{"rendered":"<p data-start=\"308\" data-end=\"471\"><strong data-start=\"308\" data-end=\"328\">D\u00e9lai de traitement :<\/strong> <strong data-start=\"329\" data-end=\"341\">5-7 jours<\/strong><br data-start=\"341\" data-end=\"344\" \/><strong data-start=\"344\" data-end=\"362\">Compatibilit\u00e9 :<\/strong> Convient \u00e0 la plupart des poup\u00e9es de 40 cm \u00e0 pose debout.<br data-start=\"398\" data-end=\"401\" \/><strong data-start=\"401\" data-end=\"412\">Hauteur :<\/strong> 40cm<\/p>\n<p data-start=\"473\" data-end=\"950\"><strong data-start=\"473\" data-end=\"491\">Artisanat :<\/strong> Fabrication artisanale haut de gamme<br data-start=\"523\" data-end=\"526\" \/><strong data-start=\"526\" data-end=\"538\">D\u00e9tails :<\/strong> Le <strong data-start=\"543\" data-end=\"579\">Petit lapin sh\u00e9rif et agent renard<\/strong> apporte une touche d'aventure \u00e0 la garde-robe de votre poup\u00e9e. Les <strong data-start=\"641\" data-end=\"681\">Ensemble de cinq pi\u00e8ces du petit lapin sh\u00e9rif<\/strong> et <strong data-start=\"686\" data-end=\"709\">Ensemble complet de six pi\u00e8ces<\/strong> offrent un look de sh\u00e9rif amusant, l'ensemble complet ajoutant plus d'accessoires. L'ensemble complet ajoute plus d'accessoires. <strong data-start=\"783\" data-end=\"812\">Fox Agent Four Pieces Set<\/strong> et <strong data-start=\"817\" data-end=\"841\">Ensemble complet de cinq pi\u00e8ces<\/strong> Le set complet comprend des accessoires suppl\u00e9mentaires pour une tenue plus compl\u00e8te.<\/p>\n<p data-start=\"952\" data-end=\"1057\"><strong data-start=\"952\" data-end=\"961\">Remarque :<\/strong> Il s'agit uniquement de tenues. Les poup\u00e9es ne sont pas incluses. Veuillez s\u00e9lectionner la version et le style que vous pr\u00e9f\u00e9rez.<\/p>","protected":false},"featured_media":30622,"comment_status":"open","ping_status":"closed","template":"","meta":[],"product_brand":[],"product_cat":[117,84],"product_tag":[],"class_list":{"0":"post-30745","1":"product","2":"type-product","3":"status-publish","4":"has-post-thumbnail","6":"product_cat-doll-outfits-accessories","7":"product_cat-40cm-doll-outfit","9":"first","10":"instock","11":"shipping-taxable","12":"purchasable","13":"product-type-variable"},"jetpack_sharing_enabled":true,"_links":{"self":[{"href":"https:\/\/cottonland.shop\/fr\/wp-json\/wp\/v2\/product\/30745","targetHints":{"allow":["GET"]}}],"collection":[{"href":"https:\/\/cottonland.shop\/fr\/wp-json\/wp\/v2\/product"}],"about":[{"href":"https:\/\/cottonland.shop\/fr\/wp-json\/wp\/v2\/types\/product"}],"replies":[{"embeddable":true,"href":"https:\/\/cottonland.shop\/fr\/wp-json\/wp\/v2\/comments?post=30745"}],"version-history":[{"count":0,"href":"https:\/\/cottonland.shop\/fr\/wp-json\/wp\/v2\/product\/30745\/revisions"}],"wp:featuredmedia":[{"embeddable":true,"href":"https:\/\/cottonland.shop\/fr\/wp-json\/wp\/v2\/media\/30622"}],"wp:attachment":[{"href":"https:\/\/cottonland.shop\/fr\/wp-json\/wp\/v2\/media?parent=30745"}],"wp:term":[{"taxonomy":"product_brand","embeddable":true,"href":"https:\/\/cottonland.shop\/fr\/wp-json\/wp\/v2\/product_brand?post=30745"},{"taxonomy":"product_cat","embeddable":true,"href":"https:\/\/cottonland.shop\/fr\/wp-json\/wp\/v2\/product_cat?post=30745"},{"taxonomy":"product_tag","embeddable":true,"href":"https:\/\/cottonland.shop\/fr\/wp-json\/wp\/v2\/product_tag?post=30745"}],"curies":[{"name":"wp","href":"https:\/\/api.w.org\/{rel}","templated":true}]}}