{"id":30746,"date":"2025-11-17T02:43:50","date_gmt":"2025-11-17T02:43:50","guid":{"rendered":"https:\/\/cottonland.shop\/?post_type=product&#038;p=30746"},"modified":"2025-12-05T11:33:26","modified_gmt":"2025-12-05T11:33:26","slug":"sea-salt-frost-20cm-cotton-doll","status":"publish","type":"product","link":"https:\/\/cottonland.shop\/fr\/produit\/sea-salt-frost-20cm-cotton-doll\/","title":{"rendered":"Poup\u00e9e en coton 20cm Sea Salt Frost"},"content":{"rendered":"","protected":false},"excerpt":{"rendered":"<p data-start=\"206\" data-end=\"369\"><strong data-start=\"206\" data-end=\"226\">D\u00e9lai de traitement :<\/strong> <strong data-start=\"227\" data-end=\"239\">5-7 jours<\/strong><br data-start=\"239\" data-end=\"242\" \/><strong data-start=\"242\" data-end=\"260\">Compatibilit\u00e9 :<\/strong> Convient \u00e0 la plupart des poup\u00e9es de 20 cm \u00e0 pose debout.<br data-start=\"296\" data-end=\"299\" \/><strong data-start=\"299\" data-end=\"310\">Hauteur :<\/strong> 20cm<br data-start=\"315\" data-end=\"318\" \/><strong data-start=\"318\" data-end=\"334\">Posabilit\u00e9 :<\/strong> Oui, avec un squelette flexible<\/p>\n<p data-start=\"371\" data-end=\"682\"><strong data-start=\"371\" data-end=\"389\">Artisanat :<\/strong> Fabrication artisanale haut de gamme<br data-start=\"421\" data-end=\"424\" \/><strong data-start=\"424\" data-end=\"436\">D\u00e9tails :<\/strong> Le <strong data-start=\"441\" data-end=\"459\">Sel de mer givr\u00e9<\/strong> La poup\u00e9e apporte une ambiance douce et rafra\u00eechissante. La poup\u00e9e <strong data-start=\"505\" data-end=\"519\">Poup\u00e9e nue<\/strong> offre une base de personnalisation, tandis que le <strong data-start=\"563\" data-end=\"602\">Set de quatre pi\u00e8ces pour l'attaque des monstres mignons<\/strong> ajoute un aspect ludique et espi\u00e8gle, parfait pour les aventures fantaisistes de votre poup\u00e9e.<\/p>\n<p data-start=\"684\" data-end=\"803\"><strong data-start=\"651\" data-end=\"660\">Remarque :<\/strong> <strong data-start=\"661\" data-end=\"675\">Poup\u00e9e nue<\/strong> signifie juste la poup\u00e9e elle-m\u00eame, pas de tenue incluse. Pour les options avec tenues, veuillez noter que la tenue est incluse et pr\u00eate \u00e0 \u00eatre port\u00e9e par votre poup\u00e9e.<\/p>","protected":false},"featured_media":30685,"comment_status":"open","ping_status":"closed","template":"","meta":[],"product_brand":[],"product_cat":[116,85],"product_tag":[],"class_list":{"0":"post-30746","1":"product","2":"type-product","3":"status-publish","4":"has-post-thumbnail","6":"product_cat-cotton-dolls","7":"product_cat-20cm-dolls","9":"first","10":"outofstock","11":"shipping-taxable","12":"purchasable","13":"product-type-variable"},"jetpack_sharing_enabled":true,"_links":{"self":[{"href":"https:\/\/cottonland.shop\/fr\/wp-json\/wp\/v2\/product\/30746","targetHints":{"allow":["GET"]}}],"collection":[{"href":"https:\/\/cottonland.shop\/fr\/wp-json\/wp\/v2\/product"}],"about":[{"href":"https:\/\/cottonland.shop\/fr\/wp-json\/wp\/v2\/types\/product"}],"replies":[{"embeddable":true,"href":"https:\/\/cottonland.shop\/fr\/wp-json\/wp\/v2\/comments?post=30746"}],"version-history":[{"count":0,"href":"https:\/\/cottonland.shop\/fr\/wp-json\/wp\/v2\/product\/30746\/revisions"}],"wp:featuredmedia":[{"embeddable":true,"href":"https:\/\/cottonland.shop\/fr\/wp-json\/wp\/v2\/media\/30685"}],"wp:attachment":[{"href":"https:\/\/cottonland.shop\/fr\/wp-json\/wp\/v2\/media?parent=30746"}],"wp:term":[{"taxonomy":"product_brand","embeddable":true,"href":"https:\/\/cottonland.shop\/fr\/wp-json\/wp\/v2\/product_brand?post=30746"},{"taxonomy":"product_cat","embeddable":true,"href":"https:\/\/cottonland.shop\/fr\/wp-json\/wp\/v2\/product_cat?post=30746"},{"taxonomy":"product_tag","embeddable":true,"href":"https:\/\/cottonland.shop\/fr\/wp-json\/wp\/v2\/product_tag?post=30746"}],"curies":[{"name":"wp","href":"https:\/\/api.w.org\/{rel}","templated":true}]}}