{"id":30755,"date":"2025-11-17T02:55:37","date_gmt":"2025-11-17T02:55:37","guid":{"rendered":"https:\/\/cottonland.shop\/?post_type=product&#038;p=30755"},"modified":"2025-11-21T02:35:35","modified_gmt":"2025-11-21T02:35:35","slug":"quirky-20cm-cotton-doll","status":"publish","type":"product","link":"https:\/\/cottonland.shop\/fr\/produit\/quirky-20cm-cotton-doll\/","title":{"rendered":"Poup\u00e9e en coton excentrique de 20 cm"},"content":{"rendered":"","protected":false},"excerpt":{"rendered":"<p data-start=\"182\" data-end=\"345\"><strong data-start=\"182\" data-end=\"202\">D\u00e9lai de traitement :<\/strong> <strong data-start=\"203\" data-end=\"215\">5-7 jours<\/strong><br data-start=\"215\" data-end=\"218\" \/><strong data-start=\"218\" data-end=\"236\">Compatibilit\u00e9 :<\/strong> Convient \u00e0 la plupart des poup\u00e9es de 20 cm \u00e0 pose debout.<br data-start=\"272\" data-end=\"275\" \/><strong data-start=\"275\" data-end=\"286\">Hauteur :<\/strong> 20cm<br data-start=\"291\" data-end=\"294\" \/><strong data-start=\"294\" data-end=\"310\">Posabilit\u00e9 :<\/strong> Oui, avec un squelette flexible<\/p>\n<p data-start=\"347\" data-end=\"660\"><strong data-start=\"347\" data-end=\"365\">Artisanat :<\/strong> Fabrication artisanale haut de gamme<br data-start=\"397\" data-end=\"400\" \/><strong data-start=\"400\" data-end=\"412\">D\u00e9tails :<\/strong> Le <strong data-start=\"417\" data-end=\"427\">Excentrique<\/strong> La poup\u00e9e apporte une ambiance amusante et fantaisiste. La poup\u00e9e <strong data-start=\"470\" data-end=\"484\">Poup\u00e9e nue<\/strong> offre une base polyvalente pour la personnalisation, tandis que le <strong data-start=\"540\" data-end=\"579\">Set de quatre pi\u00e8ces pour l'attaque des monstres mignons<\/strong> offre une tenue ludique et espi\u00e8gle, parfaite pour les aventures excentriques de votre poup\u00e9e.<\/p>\n<p data-start=\"662\" data-end=\"844\"><strong data-start=\"662\" data-end=\"671\">Remarque :<\/strong> <strong data-start=\"672\" data-end=\"686\">Poup\u00e9e nue<\/strong> signifie juste la poup\u00e9e elle-m\u00eame, pas de tenue incluse. Pour les options avec tenues, veuillez noter que la tenue est incluse et pr\u00eate \u00e0 \u00eatre port\u00e9e par votre poup\u00e9e.<\/p>","protected":false},"featured_media":30694,"comment_status":"open","ping_status":"closed","template":"","meta":[],"product_brand":[],"product_cat":[116,85],"product_tag":[],"class_list":{"0":"post-30755","1":"product","2":"type-product","3":"status-publish","4":"has-post-thumbnail","6":"product_cat-cotton-dolls","7":"product_cat-20cm-dolls","9":"first","10":"instock","11":"shipping-taxable","12":"purchasable","13":"product-type-variable"},"jetpack_sharing_enabled":true,"_links":{"self":[{"href":"https:\/\/cottonland.shop\/fr\/wp-json\/wp\/v2\/product\/30755","targetHints":{"allow":["GET"]}}],"collection":[{"href":"https:\/\/cottonland.shop\/fr\/wp-json\/wp\/v2\/product"}],"about":[{"href":"https:\/\/cottonland.shop\/fr\/wp-json\/wp\/v2\/types\/product"}],"replies":[{"embeddable":true,"href":"https:\/\/cottonland.shop\/fr\/wp-json\/wp\/v2\/comments?post=30755"}],"version-history":[{"count":0,"href":"https:\/\/cottonland.shop\/fr\/wp-json\/wp\/v2\/product\/30755\/revisions"}],"wp:featuredmedia":[{"embeddable":true,"href":"https:\/\/cottonland.shop\/fr\/wp-json\/wp\/v2\/media\/30694"}],"wp:attachment":[{"href":"https:\/\/cottonland.shop\/fr\/wp-json\/wp\/v2\/media?parent=30755"}],"wp:term":[{"taxonomy":"product_brand","embeddable":true,"href":"https:\/\/cottonland.shop\/fr\/wp-json\/wp\/v2\/product_brand?post=30755"},{"taxonomy":"product_cat","embeddable":true,"href":"https:\/\/cottonland.shop\/fr\/wp-json\/wp\/v2\/product_cat?post=30755"},{"taxonomy":"product_tag","embeddable":true,"href":"https:\/\/cottonland.shop\/fr\/wp-json\/wp\/v2\/product_tag?post=30755"}],"curies":[{"name":"wp","href":"https:\/\/api.w.org\/{rel}","templated":true}]}}