{"id":30757,"date":"2025-11-17T03:02:43","date_gmt":"2025-11-17T03:02:43","guid":{"rendered":"https:\/\/cottonland.shop\/?post_type=product&#038;p=30757"},"modified":"2025-11-21T02:32:07","modified_gmt":"2025-11-21T02:32:07","slug":"fluffy-cake-10cm-cotton-doll","status":"publish","type":"product","link":"https:\/\/cottonland.shop\/fr\/produit\/fluffy-cake-10cm-cotton-doll\/","title":{"rendered":"Poup\u00e9e de coton 10cm Fluffy Cake"},"content":{"rendered":"","protected":false},"excerpt":{"rendered":"<p data-start=\"225\" data-end=\"388\"><strong data-start=\"225\" data-end=\"245\">D\u00e9lai de traitement :<\/strong> <strong data-start=\"246\" data-end=\"258\">5-7 jours<\/strong><br data-start=\"258\" data-end=\"261\" \/><strong data-start=\"261\" data-end=\"279\">Compatibilit\u00e9 :<\/strong> Convient \u00e0 la plupart des poup\u00e9es de 10 cm \u00e0 pose debout.<br data-start=\"315\" data-end=\"318\" \/><strong data-start=\"318\" data-end=\"329\">Hauteur :<\/strong> 10cm<br data-start=\"334\" data-end=\"337\" \/><strong data-start=\"337\" data-end=\"353\">Posabilit\u00e9 :<\/strong> Oui, avec un squelette flexible<\/p>\n<p data-start=\"390\" data-end=\"707\"><strong data-start=\"390\" data-end=\"408\">Artisanat :<\/strong> Fabrication artisanale haut de gamme<br data-start=\"440\" data-end=\"443\" \/><strong data-start=\"443\" data-end=\"455\">D\u00e9tails :<\/strong> Le <strong data-start=\"460\" data-end=\"475\">G\u00e2teau moelleux<\/strong> La poup\u00e9e offre un look doux et charmant. Les <strong data-start=\"521\" data-end=\"535\">Poup\u00e9e nue<\/strong> fournit une base personnalisable, tandis que le <strong data-start=\"576\" data-end=\"600\">Pyjama de l'ours bleu<\/strong> et <strong data-start=\"605\" data-end=\"629\">Pyjama de l'ours rose<\/strong> offrent des tenues douillettes sur le th\u00e8me de l'ours, parfaites pour une ambiance mignonne et paisible \u00e0 l'heure du coucher.<\/p>\n<p data-start=\"709\" data-end=\"891\"><strong data-start=\"709\" data-end=\"718\">Remarque :<\/strong> <strong data-start=\"719\" data-end=\"733\">Poup\u00e9e nue<\/strong> signifie juste la poup\u00e9e elle-m\u00eame, pas de tenue incluse. Pour les options avec tenues, veuillez noter que la tenue est incluse et pr\u00eate \u00e0 \u00eatre port\u00e9e par votre poup\u00e9e.<\/p>","protected":false},"featured_media":30681,"comment_status":"open","ping_status":"closed","template":"","meta":[],"product_brand":[],"product_cat":[116,80],"product_tag":[],"class_list":{"0":"post-30757","1":"product","2":"type-product","3":"status-publish","4":"has-post-thumbnail","6":"product_cat-cotton-dolls","7":"product_cat-10cm-dolls","9":"first","10":"instock","11":"shipping-taxable","12":"purchasable","13":"product-type-variable"},"jetpack_sharing_enabled":true,"_links":{"self":[{"href":"https:\/\/cottonland.shop\/fr\/wp-json\/wp\/v2\/product\/30757","targetHints":{"allow":["GET"]}}],"collection":[{"href":"https:\/\/cottonland.shop\/fr\/wp-json\/wp\/v2\/product"}],"about":[{"href":"https:\/\/cottonland.shop\/fr\/wp-json\/wp\/v2\/types\/product"}],"replies":[{"embeddable":true,"href":"https:\/\/cottonland.shop\/fr\/wp-json\/wp\/v2\/comments?post=30757"}],"version-history":[{"count":0,"href":"https:\/\/cottonland.shop\/fr\/wp-json\/wp\/v2\/product\/30757\/revisions"}],"wp:featuredmedia":[{"embeddable":true,"href":"https:\/\/cottonland.shop\/fr\/wp-json\/wp\/v2\/media\/30681"}],"wp:attachment":[{"href":"https:\/\/cottonland.shop\/fr\/wp-json\/wp\/v2\/media?parent=30757"}],"wp:term":[{"taxonomy":"product_brand","embeddable":true,"href":"https:\/\/cottonland.shop\/fr\/wp-json\/wp\/v2\/product_brand?post=30757"},{"taxonomy":"product_cat","embeddable":true,"href":"https:\/\/cottonland.shop\/fr\/wp-json\/wp\/v2\/product_cat?post=30757"},{"taxonomy":"product_tag","embeddable":true,"href":"https:\/\/cottonland.shop\/fr\/wp-json\/wp\/v2\/product_tag?post=30757"}],"curies":[{"name":"wp","href":"https:\/\/api.w.org\/{rel}","templated":true}]}}