{"id":30792,"date":"2025-11-17T03:25:29","date_gmt":"2025-11-17T03:25:29","guid":{"rendered":"https:\/\/cottonland.shop\/?post_type=product&#038;p=30792"},"modified":"2025-11-17T03:25:29","modified_gmt":"2025-11-17T03:25:29","slug":"cute-monster-strike-four-pieces-set-for-40cm-cotton-doll","status":"publish","type":"product","link":"https:\/\/cottonland.shop\/fr\/produit\/cute-monster-strike-four-pieces-set-for-40cm-cotton-doll\/","title":{"rendered":"Set de quatre pi\u00e8ces pour poup\u00e9e en coton de 40cm"},"content":{"rendered":"","protected":false},"excerpt":{"rendered":"<p data-start=\"201\" data-end=\"364\"><strong data-start=\"201\" data-end=\"221\">D\u00e9lai de traitement :<\/strong> <strong data-start=\"222\" data-end=\"234\">5-7 jours<\/strong><br data-start=\"234\" data-end=\"237\" \/><strong data-start=\"237\" data-end=\"255\">Compatibilit\u00e9 :<\/strong> Convient \u00e0 la plupart des poup\u00e9es de 40 cm \u00e0 pose assise.<br data-start=\"291\" data-end=\"294\" \/><strong data-start=\"294\" data-end=\"305\">Hauteur :<\/strong> 40cm<\/p>\n<p data-start=\"366\" data-end=\"670\"><strong data-start=\"366\" data-end=\"384\">Artisanat :<\/strong> Fabrication artisanale haut de gamme<br data-start=\"416\" data-end=\"419\" \/><strong data-start=\"419\" data-end=\"431\">D\u00e9tails :<\/strong> Le <strong data-start=\"436\" data-end=\"459\">La gr\u00e8ve des monstres mignons<\/strong> apporte une touche ludique et espi\u00e8gle \u00e0 votre poup\u00e9e. L'ensemble <strong data-start=\"517\" data-end=\"545\">Ensemble de quatre pi\u00e8ces (sans chapeau)<\/strong> comprend un amusant costume de monstre sans chapeau, tandis que le <strong data-start=\"601\" data-end=\"631\">Ensemble de cinq pi\u00e8ces (avec chapeau)<\/strong> ajoute un joli chapeau pour compl\u00e9ter le look.<\/p>\n<p data-start=\"672\" data-end=\"941\"><strong data-start=\"672\" data-end=\"681\">Remarque :<\/strong> Veillez \u00e0 lire attentivement la description. L'article <strong data-start=\"737\" data-end=\"756\">Ensemble de quatre pi\u00e8ces<\/strong> ne comprend pas de chapeau, tandis que le <strong data-start=\"791\" data-end=\"810\">Ensemble de cinq pi\u00e8ces<\/strong> comprend un chapeau. Les images peuvent ne pas correspondre exactement au produit final. Veuillez vous r\u00e9f\u00e9rer \u00e0 la description \u00e9crite pour plus de d\u00e9tails.<\/p>","protected":false},"featured_media":30666,"comment_status":"open","ping_status":"closed","template":"","meta":[],"product_brand":[],"product_cat":[117,84],"product_tag":[],"class_list":{"0":"post-30792","1":"product","2":"type-product","3":"status-publish","4":"has-post-thumbnail","6":"product_cat-doll-outfits-accessories","7":"product_cat-40cm-doll-outfit","9":"first","10":"instock","11":"shipping-taxable","12":"purchasable","13":"product-type-variable"},"jetpack_sharing_enabled":true,"_links":{"self":[{"href":"https:\/\/cottonland.shop\/fr\/wp-json\/wp\/v2\/product\/30792","targetHints":{"allow":["GET"]}}],"collection":[{"href":"https:\/\/cottonland.shop\/fr\/wp-json\/wp\/v2\/product"}],"about":[{"href":"https:\/\/cottonland.shop\/fr\/wp-json\/wp\/v2\/types\/product"}],"replies":[{"embeddable":true,"href":"https:\/\/cottonland.shop\/fr\/wp-json\/wp\/v2\/comments?post=30792"}],"version-history":[{"count":0,"href":"https:\/\/cottonland.shop\/fr\/wp-json\/wp\/v2\/product\/30792\/revisions"}],"wp:featuredmedia":[{"embeddable":true,"href":"https:\/\/cottonland.shop\/fr\/wp-json\/wp\/v2\/media\/30666"}],"wp:attachment":[{"href":"https:\/\/cottonland.shop\/fr\/wp-json\/wp\/v2\/media?parent=30792"}],"wp:term":[{"taxonomy":"product_brand","embeddable":true,"href":"https:\/\/cottonland.shop\/fr\/wp-json\/wp\/v2\/product_brand?post=30792"},{"taxonomy":"product_cat","embeddable":true,"href":"https:\/\/cottonland.shop\/fr\/wp-json\/wp\/v2\/product_cat?post=30792"},{"taxonomy":"product_tag","embeddable":true,"href":"https:\/\/cottonland.shop\/fr\/wp-json\/wp\/v2\/product_tag?post=30792"}],"curies":[{"name":"wp","href":"https:\/\/api.w.org\/{rel}","templated":true}]}}