{"id":30946,"date":"2025-11-20T13:59:35","date_gmt":"2025-11-20T13:59:35","guid":{"rendered":"https:\/\/cottonland.shop\/?post_type=product&#038;p=30946"},"modified":"2025-11-21T02:54:28","modified_gmt":"2025-11-21T02:54:28","slug":"color-block-romper-set-for-20cm-cotton-doll","status":"publish","type":"product","link":"https:\/\/cottonland.shop\/fr\/produit\/color-block-romper-set-for-20cm-cotton-doll\/","title":{"rendered":"Ensemble romperie Color-Block pour poup\u00e9e en coton de 20cm"},"content":{"rendered":"","protected":false},"excerpt":{"rendered":"<p class=\"ds-markdown-paragraph\"><strong>D\u00e9lai de traitement :<\/strong>\u00a05-7 jours<br \/>\n<strong>Compatibilit\u00e9 :<\/strong>\u00a0Convient \u00e0 la plupart des poup\u00e9es de 20 cm \u00e0 pose debout.<br \/>\n<strong>Hauteur :<\/strong>\u00a020cm<\/p>\n<p class=\"ds-markdown-paragraph\"><strong>Artisanat :<\/strong>\u00a0Fabrication artisanale haut de gamme<br \/>\n<strong>D\u00e9tails :<\/strong>\u00a0Simple mais \u00e9l\u00e9gante, la grenouill\u00e8re Color-Block offre un look classique de baby-doll. Cette combinaison \u00e0 quatre pattes pr\u00e9sente un ravissant motif bicolore qui met en valeur la nature enjou\u00e9e de votre poup\u00e9e. C'est une pi\u00e8ce de base essentielle, facile \u00e0 enfiler et incroyablement photog\u00e9nique.<\/p>\n<p class=\"ds-markdown-paragraph\"><strong>Remarque :<\/strong>\u00a0Ensemble seulement. La poup\u00e9e n'est pas incluse.<\/p>","protected":false},"featured_media":31012,"comment_status":"open","ping_status":"closed","template":"","meta":[],"product_brand":[],"product_cat":[117,83],"product_tag":[],"class_list":{"0":"post-30946","1":"product","2":"type-product","3":"status-publish","4":"has-post-thumbnail","6":"product_cat-doll-outfits-accessories","7":"product_cat-20cm-doll-outfit","9":"first","10":"instock","11":"shipping-taxable","12":"purchasable","13":"product-type-variable"},"jetpack_sharing_enabled":true,"_links":{"self":[{"href":"https:\/\/cottonland.shop\/fr\/wp-json\/wp\/v2\/product\/30946","targetHints":{"allow":["GET"]}}],"collection":[{"href":"https:\/\/cottonland.shop\/fr\/wp-json\/wp\/v2\/product"}],"about":[{"href":"https:\/\/cottonland.shop\/fr\/wp-json\/wp\/v2\/types\/product"}],"replies":[{"embeddable":true,"href":"https:\/\/cottonland.shop\/fr\/wp-json\/wp\/v2\/comments?post=30946"}],"version-history":[{"count":0,"href":"https:\/\/cottonland.shop\/fr\/wp-json\/wp\/v2\/product\/30946\/revisions"}],"wp:featuredmedia":[{"embeddable":true,"href":"https:\/\/cottonland.shop\/fr\/wp-json\/wp\/v2\/media\/31012"}],"wp:attachment":[{"href":"https:\/\/cottonland.shop\/fr\/wp-json\/wp\/v2\/media?parent=30946"}],"wp:term":[{"taxonomy":"product_brand","embeddable":true,"href":"https:\/\/cottonland.shop\/fr\/wp-json\/wp\/v2\/product_brand?post=30946"},{"taxonomy":"product_cat","embeddable":true,"href":"https:\/\/cottonland.shop\/fr\/wp-json\/wp\/v2\/product_cat?post=30946"},{"taxonomy":"product_tag","embeddable":true,"href":"https:\/\/cottonland.shop\/fr\/wp-json\/wp\/v2\/product_tag?post=30946"}],"curies":[{"name":"wp","href":"https:\/\/api.w.org\/{rel}","templated":true}]}}