{"id":29346,"date":"2025-11-04T20:51:26","date_gmt":"2025-11-04T20:51:26","guid":{"rendered":"https:\/\/cottonland.shop\/?page_id=29346"},"modified":"2025-11-17T07:04:41","modified_gmt":"2025-11-17T07:04:41","slug":"return-order-policy","status":"publish","type":"page","link":"https:\/\/cottonland.shop\/pt\/return-order-policy\/","title":{"rendered":"Pol\u00edtica de pedidos e devolu\u00e7\u00f5es"},"content":{"rendered":"<div data-elementor-type=\"wp-page\" data-elementor-id=\"29346\" class=\"elementor elementor-29346\" data-elementor-post-type=\"page\">\n\t\t\t\t<div class=\"wd-negative-gap elementor-element elementor-element-0e40fdc e-flex e-con-boxed e-con e-parent\" data-id=\"0e40fdc\" data-element_type=\"container\" data-e-type=\"container\">\n\t\t\t\t\t<div class=\"e-con-inner\">\n\t\t\t\t<div class=\"elementor-element elementor-element-8f95b3f elementor-widget elementor-widget-wd_text_block\" data-id=\"8f95b3f\" data-element_type=\"widget\" data-e-type=\"widget\" data-widget_type=\"wd_text_block.default\">\n\t\t\t\t<div class=\"elementor-widget-container\">\n\t\t\t\t\t\t\t<div class=\"wd-text-block reset-last-child text-left\">\n\t\t\t\n\t\t\t<div style=\"font-family: 'Poppins', sans-serif, Arial, sans-serif; color: #333; max-width: 1100px; margin: 0 auto; padding: 20px; background-color: #ffffff;\">\n<div style=\"background: linear-gradient(180deg, #fff7f9 0%, #ffffff 100%); padding: 60px 20px; text-align: center; border-radius: 20px; box-shadow: 0 2px 8px rgba(0,0,0,0.05); margin-bottom: 40px;\">\n<h1 style=\"font-family: 'Poppins', sans-serif; font-size: 36px; font-weight: bold; color: #d67f85; margin-bottom: 10px;\">Pol\u00edtica de pedidos e devolu\u00e7\u00f5es<\/h1>\n<p style=\"font-size: 16px; color: #666;\">N\u00f3s nos preocupamos com cada amigo do Cottonland - leia com aten\u00e7\u00e3o antes de comprar \ud83c\udf37.<\/p>\n<\/p><\/div>\n<h2 style=\"font-size: 26px; font-weight: 600; color: #e59ca0; border-bottom: 2px solid #f8e8ec; padding-bottom: 10px; margin-bottom: 20px;\"><span style=\"font-weight: bold;\">Pol\u00edtica de pedidos e devolu\u00e7\u00f5es | Cottonland<\/span><\/h2>\n<p>Obrigado por escolher <span style=\"font-weight: bold;\">Terra do algod\u00e3o<\/span>. Dedicamos nosso cora\u00e7\u00e3o a cada item e queremos que sua experi\u00eancia seja maravilhosa. Leia atentamente nossas pol\u00edticas para saber exatamente o que esperar quando fizer um pedido \u00e0 nossa fam\u00edlia.<\/p>\n<hr style=\"margin-top: 25px; margin-bottom: 25px; border: 0; border-top: 2px solid #f8e8ec;\" \/>\n<h3 style=\"font-size: 22px; color: #e59ca0; font-weight: bold; margin-top: 0; margin-bottom: 15px;\">\u270f\ufe0f <span style=\"font-weight: bold;\">Modifica\u00e7\u00e3o de pedidos<\/span><\/h3>\n<p>Entendemos que, \u00e0s vezes, voc\u00ea precisa fazer um ajuste. Se desejar fazer alguma altera\u00e7\u00e3o, entre em contato conosco o mais r\u00e1pido poss\u00edvel <span style=\"font-weight: bold;\">antes de seu pedido ser enviado<\/span>.<\/p>\n<p style=\"font-weight: bold; color: #d67f85; margin-top: 20px;\">Altera\u00e7\u00e3o do endere\u00e7o de entrega:<\/p>\n<ul style=\"padding-left: 25px; margin-top: 10px;\">\n<li>Entre em contato conosco pelo chat on-line ou por e-mail (<a href=\"mailto:cottonland0920@gmail.com\" style=\"color: #d67f85;\">cottonland0920@gmail.com<\/a>) <span style=\"font-weight: bold;\">antes de seu pedido ser enviado<\/span>.<\/li>\n<li>Depois que um pedido for despachado, n\u00e3o poderemos atualizar o endere\u00e7o. Voc\u00ea pode entrar em contato com a transportadora local para redirecionar o pacote ou retir\u00e1-lo no endere\u00e7o original.<\/li>\n<\/ul>\n<p style=\"font-weight: bold; color: #d67f85; margin-top: 20px;\">Uma observa\u00e7\u00e3o sobre pacotes n\u00e3o entregues:<\/p>\n<p>Observe que a Cottonland n\u00e3o \u00e9 respons\u00e1vel por pacotes perdidos ou n\u00e3o entregues nos seguintes casos:<\/p>\n<ul style=\"padding-left: 25px; margin-top: 10px;\">\n<li>O cliente se mudou sem atualizar o endere\u00e7o antes do envio.<\/li>\n<li>N\u00e3o havia ningu\u00e9m dispon\u00edvel para receber o pacote e o mensageiro n\u00e3o conseguiu entrar em contato com o cliente.<\/li>\n<li>O pacote foi destru\u00eddo pela transportadora devido ao status de longo prazo n\u00e3o reclamado.<\/li>\n<li>Nossa equipe tentou entrar em contato com o cliente por e-mail ou SMS, mas n\u00e3o obteve resposta.<\/li>\n<\/ul>\n<hr style=\"margin-top: 25px; margin-bottom: 25px; border: 0; border-top: 2px solid #f8e8ec;\" \/>\n<h3 style=\"font-size: 22px; color: #e59ca0; font-weight: bold; margin-top: 0; margin-bottom: 15px;\">\ud83d\udeab <span style=\"font-weight: bold;\">Pol\u00edtica de cancelamento de pedidos<\/span><\/h3>\n<p>Se precisar cancelar um pedido, entre em contato conosco rapidamente! O tempo \u00e9 fundamental, pois nossos itens s\u00e3o feitos sob medida.<\/p>\n<ul style=\"padding-left: 25px; margin-top: 10px;\">\n<li>Pedidos cancelados <span style=\"font-weight: bold;\">dentro de 24 horas<\/span> e <span style=\"font-weight: bold;\">antes do processamento<\/span> s\u00e3o eleg\u00edveis para um <span style=\"font-weight: bold;\">reembolso total<\/span>.<\/li>\n<li>Pedidos que entraram em processamento, mas n\u00e3o foram enviados: Um reembolso de <span style=\"font-weight: bold;\">80%<\/span> \u00e9 poss\u00edvel. (Isso nos ajuda a cobrir os custos de materiais e m\u00e3o de obra j\u00e1 iniciados para seu pedido personalizado).<\/li>\n<li>Itens de pr\u00e9-encomenda que foram processados: Um reembolso de <span style=\"font-weight: bold;\">60%<\/span> \u00e9 poss\u00edvel. (Como os materiais de pr\u00e9-encomenda geralmente s\u00e3o garantidos apenas para voc\u00ea).<\/li>\n<li>Pedidos enviados <span style=\"font-weight: bold;\">n\u00e3o pode ser cancelado<\/span>.<\/li>\n<li>Os reembolsos ser\u00e3o emitidos dentro de <span style=\"font-weight: bold;\">5 dias \u00fateis<\/span> para o m\u00e9todo de pagamento original.<\/li>\n<\/ul>\n<p>    Se o seu cart\u00e3o tiver expirado ou sido cancelado, consulte: \ud83d\udc49 <a href=\"https:\/\/www.paypal.com\/\" target=\"_blank\" rel=\"noopener nofollow\" style=\"color: #d67f85; text-decoration: none;\"><span style=\"font-weight: bold;\">Ajuda para reembolso do PayPal<\/span><\/a><\/p>\n<hr style=\"margin-top: 25px; margin-bottom: 25px; border: 0; border-top: 2px solid #f8e8ec;\" \/>\n<h3 style=\"font-size: 22px; color: #e59ca0; font-weight: bold; margin-top: 0; margin-bottom: 15px;\">\ud83d\udc8c <span style=\"font-weight: bold;\">Nossa pol\u00edtica de devolu\u00e7\u00e3o (leia com aten\u00e7\u00e3o!)<\/span><\/h3>\n<p>Porque todos os itens da Cottonland s\u00e3o <span style=\"font-weight: bold;\">feito sob medida para voc\u00ea, com todo o cuidado<\/span>, Por motivos pessoais, n\u00e3o podemos aceitar devolu\u00e7\u00f5es nem oferecer reembolsos. Queremos que voc\u00ea fique muito satisfeito com sua compra, portanto, verifique novamente suas escolhas antes de fazer o pedido! \u2764\ufe0f<\/p>\n<p style=\"margin-top: 15px;\">Isso inclui motivos como:<\/p>\n<ul style=\"padding-left: 25px; margin-top: 10px;\">\n<li>Uma simples mudan\u00e7a de atitude<\/li>\n<li>Escolha de um tamanho incorreto (verifique as tabelas de tamanhos!)<\/li>\n<li>Insatisfa\u00e7\u00e3o com a cor ou o tecido visto na tela<\/li>\n<\/ul>\n<p style=\"font-weight: bold; color: #d67f85; margin-top: 20px;\">Quando as devolu\u00e7\u00f5es s\u00e3o bem-vindas:<\/p>\n<p>Mantemos nossa qualidade! \u00c9 claro que corrigiremos as coisas se tivermos cometido um erro. As devolu\u00e7\u00f5es s\u00e3o aceitas com prazer sob essas condi\u00e7\u00f5es:<\/p>\n<ol style=\"padding-left: 25px; margin-top: 10px;\">\n<li><span style=\"font-weight: bold;\">Recebeu um item danificado ou com defeito<\/span> - Voc\u00ea recebeu um item danificado, defeituoso ou que n\u00e3o corresponde \u00e0 descri\u00e7\u00e3o.<\/li>\n<li><span style=\"font-weight: bold;\">Item errado enviado<\/span> - Voc\u00ea recebeu um item incorreto que n\u00e3o foi pedido.<\/li>\n<\/ol>\n<hr style=\"margin-top: 25px; margin-bottom: 25px; border: 0; border-top: 2px solid #f8e8ec;\" \/>\n<h3 style=\"font-size: 22px; color: #e59ca0; font-weight: bold; margin-top: 0; margin-bottom: 15px;\">\ud83d\udce6 <span style=\"font-weight: bold;\">Como solicitar uma devolu\u00e7\u00e3o<\/span><\/h3>\n<p>Se voc\u00ea recebeu um item com um problema de qualidade, informe-nos para que possamos ajudar!<\/p>\n<ol style=\"padding-left: 25px; margin-top: 10px;\">\n<li>Entre em contato com nossa simp\u00e1tica equipe de atendimento ao cliente por meio de bate-papo on-line ou e-mail em <a href=\"mailto:cottonland0920@gmail.com\" style=\"color: #d67f85;\">cottonland0920@gmail.com<\/a> dentro de <span style=\"font-weight: bold;\">7 dias<\/span> do recebimento de seu pacote.<\/li>\n<li>Para nos ajudar a entender o problema, inclua seus <span style=\"font-weight: bold;\">n\u00famero do pedido<\/span> e um <span style=\"font-weight: bold;\">v\u00eddeo de desembalagem clara<\/span>. O v\u00eddeo deve mostrar a embalagem sendo aberta e exibir claramente o problema. Fotos claras tamb\u00e9m s\u00e3o muito \u00fateis!<\/li>\n<li>Assim que nossa equipe analisar sua solicita\u00e7\u00e3o, entraremos em contato com mais instru\u00e7\u00f5es.<\/li>\n<\/ol>\n<p style=\"margin-top: 15px;\">Observa\u00e7\u00e3o: como nossos produtos s\u00e3o personalizados e feitos \u00e0 m\u00e3o, n\u00e3o podemos processar reclama\u00e7\u00f5es por problemas de n\u00e3o qualidade ou reclama\u00e7\u00f5es feitas ap\u00f3s esse per\u00edodo de 7 dias. A <span style=\"font-weight: bold;\">o v\u00eddeo de desembalagem \u00e9 fundamental<\/span> para que possamos verificar os danos que possam ter ocorrido durante o transporte.<\/p>\n<hr style=\"margin-top: 25px; margin-bottom: 25px; border: 0; border-top: 2px solid #f8e8ec;\" \/>\n<h3 style=\"font-size: 22px; color: #e59ca0; font-weight: bold; margin-top: 0; margin-bottom: 15px;\">\u2705 <span style=\"font-weight: bold;\">Solu\u00e7\u00f5es para devolu\u00e7\u00f5es aprovadas<\/span><\/h3>\n<p>Ap\u00f3s a confirma\u00e7\u00e3o de um problema de qualidade ou de um erro nosso, queremos encontrar a melhor solu\u00e7\u00e3o para voc\u00ea. Oferecemos as seguintes op\u00e7\u00f5es:<\/p>\n<p style=\"font-weight: bold; color: #d67f85; margin-top: 20px;\">Op\u00e7\u00e3o 1: Reembolso parcial<\/p>\n<p>Voc\u00ea receber\u00e1 um reembolso parcial como compensa\u00e7\u00e3o, e poder\u00e1 ficar com o item - n\u00e3o \u00e9 necess\u00e1rio envi\u00e1-lo de volta.<\/p>\n<p style=\"font-weight: bold; color: #d67f85; margin-top: 20px;\">Op\u00e7\u00e3o 2: reenvio<\/p>\n<p>Enviaremos um item de substitui\u00e7\u00e3o correto para voc\u00ea sem custo.<\/p>\n<p style=\"font-style: italic; margin-top: 15px;\">(Observa\u00e7\u00e3o: os custos de frete de devolu\u00e7\u00e3o de itens enviados incorretamente s\u00e3o de responsabilidade do cliente, caso ele opte por devolv\u00ea-los. Recomendamos o uso de um servi\u00e7o de remessa rastre\u00e1vel).<\/p>\n<hr style=\"margin-top: 25px; margin-bottom: 25px; border: 0; border-top: 2px solid #f8e8ec;\" \/>\n<h3 style=\"font-size: 22px; color: #e59ca0; font-weight: bold; margin-top: 0; margin-bottom: 15px;\">\ud83d\udccb <span style=\"font-weight: bold;\">Condi\u00e7\u00f5es de devolu\u00e7\u00e3o<\/span><\/h3>\n<p>Para ter direito a qualquer solu\u00e7\u00e3o de devolu\u00e7\u00e3o, certifique-se do seguinte:<\/p>\n<ul style=\"padding-left: 25px; margin-top: 10px;\">\n<li>Os itens devem ser <span style=\"font-weight: bold;\">n\u00e3o usado, n\u00e3o lavado e inalterado<\/span>.<\/li>\n<li>Todas as etiquetas e embalagens originais devem ser inclu\u00eddas.<\/li>\n<li>Etiquetas de seguran\u00e7a ausentes ou danificadas podem causar atrasos ou rejei\u00e7\u00e3o do reembolso.<\/li>\n<li><span style=\"font-weight: bold;\">Uma observa\u00e7\u00e3o especial sobre bonecas:<\/span> Como nossas bonecas s\u00e3o obras de arte feitas \u00e0 m\u00e3o, n\u00e3o podemos aceitar devolu\u00e7\u00f5es ou trocas se o cabelo (como a franja) ou o corpo tiverem sido modelados, \"vestidos\" ou alterados de alguma forma que afete sua condi\u00e7\u00e3o original para revenda.<\/li>\n<li>As taxas de remessa, impostos e encargos de manuseio s\u00e3o <span style=\"font-weight: bold;\">n\u00e3o reembols\u00e1vel<\/span>.<\/li>\n<li>Libera\u00e7\u00e3o e <span style=\"font-weight: bold;\">itens de venda final<\/span> n\u00e3o podem ser devolvidos ou trocados.<\/li>\n<\/ul>\n<hr style=\"margin-top: 25px; margin-bottom: 25px; border: 0; border-top: 2px solid #f8e8ec;\" \/>\n<p style=\"text-align: center; color: #d67f85; font-weight: 600; font-size: 18px;\">Obrigado por sua compreens\u00e3o e apoio! \u2764\ufe0f<\/p>\n<\/div>\n\n\t\t\t\t\t<\/div>\n\t\t\t\t\t\t<\/div>\n\t\t\t\t<\/div>\n\t\t\t\t\t<\/div>\n\t\t\t\t<\/div>\n\t\t\t\t<\/div>","protected":false},"excerpt":{"rendered":"<p>Return &amp; Order Policy We care about every Cottonland friend \u2014 please read carefully before purchasing \ud83c\udf37 Return &amp; Order<\/p>","protected":false},"author":1,"featured_media":0,"parent":0,"menu_order":0,"comment_status":"closed","ping_status":"closed","template":"","meta":{"footnotes":""},"class_list":["post-29346","page","type-page","status-publish","hentry"],"jetpack_sharing_enabled":true,"_links":{"self":[{"href":"https:\/\/cottonland.shop\/pt\/wp-json\/wp\/v2\/pages\/29346","targetHints":{"allow":["GET"]}}],"collection":[{"href":"https:\/\/cottonland.shop\/pt\/wp-json\/wp\/v2\/pages"}],"about":[{"href":"https:\/\/cottonland.shop\/pt\/wp-json\/wp\/v2\/types\/page"}],"author":[{"embeddable":true,"href":"https:\/\/cottonland.shop\/pt\/wp-json\/wp\/v2\/users\/1"}],"replies":[{"embeddable":true,"href":"https:\/\/cottonland.shop\/pt\/wp-json\/wp\/v2\/comments?post=29346"}],"version-history":[{"count":0,"href":"https:\/\/cottonland.shop\/pt\/wp-json\/wp\/v2\/pages\/29346\/revisions"}],"wp:attachment":[{"href":"https:\/\/cottonland.shop\/pt\/wp-json\/wp\/v2\/media?parent=29346"}],"curies":[{"name":"wp","href":"https:\/\/api.w.org\/{rel}","templated":true}]}}